{"id":102,"date":"2023-04-03T15:24:07","date_gmt":"2023-04-03T18:24:07","guid":{"rendered":"https:\/\/casadaluva.com.br\/index\/produto\/luva-de-vinil-sem-po-caixa-c-100-medix-tam-g\/"},"modified":"2026-01-14T08:11:58","modified_gmt":"2026-01-14T11:11:58","slug":"luva-de-vinil-sem-po-caixa-c-100-medix-tam-g","status":"publish","type":"product","link":"https:\/\/casadaluva.com.br\/index\/produto\/luva-de-vinil-sem-po-caixa-c-100-medix-tam-g\/","title":{"rendered":"LUVA DE VINIL SEM PO CAIXA C\/ 100 MEDIX TAM G"},"content":{"rendered":"<div class=\"card__header\" style=\"position: relative;padding: 30px 30px 0px;color: #677279;font-family: 'DIN Next', sans-serif;font-size: 16px\">\n<h2 class=\"card__title heading h3\" style=\"margin-top: 0px;font-size: calc(var(--base-text-font-size) - (var(--default-text-font-size) - 21px));font-weight: var(--heading-font-weight);font-family: var(--heading-font-family);font-style: var(--heading-font-style);color: var(--heading-color);margin-bottom: 0px;line-height: 1.5\">Descri\u00e7\u00e3o<\/h2>\n<\/div>\n<div class=\"card__section\" style=\"position: relative;padding: 30px;color: #677279;font-family: 'DIN Next', sans-serif;font-size: 16px\">\n<div class=\"rte text--pull\" style=\"margin-top: -0.435em\">\n<p style=\"font-size: inherit;font-weight: inherit;margin-bottom: 0.7em\" data-mce-fragment=\"1\"><span style=\"font-weight: bold\" data-mce-fragment=\"1\">Apresenta\u00e7\u00e3o<\/span><\/p>\n<p style=\"font-size: inherit;font-weight: inherit;margin-bottom: 0.7em\" data-mce-fragment=\"1\">A Luva de Vinil\u00a0<span data-mce-fragment=\"1\">para procedimentos n\u00e3o cir\u00fargicos<\/span>\u00a0sem p\u00f3 \u00e9 indicada para a prote\u00e7\u00e3o das m\u00e3os\u00a0<span data-mce-fragment=\"1\">em procedimentos n\u00e3o invasivos<\/span>, quando n\u00e3o h\u00e1 contato com fluidos corp\u00f3reos passiveis de contamina\u00e7\u00e3o.<\/p>\n<p style=\"font-size: inherit;font-weight: inherit;margin-bottom: 0.7em\" data-mce-fragment=\"1\"><span data-mce-fragment=\"1\">Descart\u00e1vel e de uso \u00fanico. P<\/span><span data-mce-fragment=\"1\">roibido reprocessar.<\/span><\/p>\n<\/div>\n<\/div>\n","protected":false},"excerpt":{"rendered":"<p>Descri\u00e7\u00e3o Apresenta\u00e7\u00e3o A Luva de Vinil\u00a0para procedimentos n\u00e3o cir\u00fargicos\u00a0sem p\u00f3 \u00e9 indicada para a prote\u00e7\u00e3o das m\u00e3os\u00a0em procedimentos n\u00e3o invasivos, quando n\u00e3o h\u00e1 contato com fluidos<span class=\"excerpt-hellip\"> [\u2026]<\/span><\/p>\n","protected":false},"featured_media":653,"template":"","meta":{"_joinchat":[]},"product_brand":[],"product_cat":[19,35],"product_tag":[],"class_list":{"0":"post-102","1":"product","2":"type-product","3":"status-publish","4":"has-post-thumbnail","6":"product_cat-luvas","7":"product_cat-obras","9":"first","10":"onbackorder","11":"shipping-taxable","12":"purchasable","13":"product-type-simple"},"_links":{"self":[{"href":"https:\/\/casadaluva.com.br\/index\/wp-json\/wp\/v2\/product\/102","targetHints":{"allow":["GET"]}}],"collection":[{"href":"https:\/\/casadaluva.com.br\/index\/wp-json\/wp\/v2\/product"}],"about":[{"href":"https:\/\/casadaluva.com.br\/index\/wp-json\/wp\/v2\/types\/product"}],"wp:featuredmedia":[{"embeddable":true,"href":"https:\/\/casadaluva.com.br\/index\/wp-json\/wp\/v2\/media\/653"}],"wp:attachment":[{"href":"https:\/\/casadaluva.com.br\/index\/wp-json\/wp\/v2\/media?parent=102"}],"wp:term":[{"taxonomy":"product_brand","embeddable":true,"href":"https:\/\/casadaluva.com.br\/index\/wp-json\/wp\/v2\/product_brand?post=102"},{"taxonomy":"product_cat","embeddable":true,"href":"https:\/\/casadaluva.com.br\/index\/wp-json\/wp\/v2\/product_cat?post=102"},{"taxonomy":"product_tag","embeddable":true,"href":"https:\/\/casadaluva.com.br\/index\/wp-json\/wp\/v2\/product_tag?post=102"}],"curies":[{"name":"wp","href":"https:\/\/api.w.org\/{rel}","templated":true}]}}