{"id":114,"date":"2023-04-03T15:24:22","date_gmt":"2023-04-03T18:24:22","guid":{"rendered":"https:\/\/casadaluva.com.br\/index\/produto\/luva-nitrilica-preta-caixa-com-100-medix-tamanho-p\/"},"modified":"2026-03-31T07:27:52","modified_gmt":"2026-03-31T10:27:52","slug":"luva-nitrilica-preta-caixa-com-100-medix-tamanho-p","status":"publish","type":"product","link":"https:\/\/casadaluva.com.br\/index\/produto\/luva-nitrilica-preta-caixa-com-100-medix-tamanho-p\/","title":{"rendered":"LUVA NITRILICA PRETA CAIXA COM 100 MEDIX TAMANHO P"},"content":{"rendered":"<p><span style=\"color: #677279;font-family: 'DIN Next', sans-serif;font-size: 16px\">Produzida em nitrilo, a Luva Nitr\u00edlica Black \u00e9 destinada para a seguran\u00e7a e prote\u00e7\u00e3o durante procedimentos.<\/span><br style=\"color: #677279;font-family: 'DIN Next', sans-serif;font-size: 16px\" \/><span style=\"color: #677279;font-family: 'DIN Next', sans-serif;font-size: 16px\">Levemente texturizada nas pontas dos dedos, \u00e9 ambidestra e possui punho com acabamento enrolado que facilita sua coloca\u00e7\u00e3o e retirada.<\/span><\/p>\n","protected":false},"excerpt":{"rendered":"<p>Produzida em nitrilo, a Luva Nitr\u00edlica Black \u00e9 destinada para a seguran\u00e7a e prote\u00e7\u00e3o durante procedimentos.Levemente texturizada nas pontas dos dedos, \u00e9 ambidestra e possui punho<span class=\"excerpt-hellip\"> [\u2026]<\/span><\/p>\n","protected":false},"featured_media":113,"template":"","meta":{"_joinchat":[]},"product_brand":[],"product_cat":[19],"product_tag":[],"class_list":{"0":"post-114","1":"product","2":"type-product","3":"status-publish","4":"has-post-thumbnail","6":"product_cat-luvas","8":"first","9":"onbackorder","10":"shipping-taxable","11":"purchasable","12":"product-type-simple"},"_links":{"self":[{"href":"https:\/\/casadaluva.com.br\/index\/wp-json\/wp\/v2\/product\/114","targetHints":{"allow":["GET"]}}],"collection":[{"href":"https:\/\/casadaluva.com.br\/index\/wp-json\/wp\/v2\/product"}],"about":[{"href":"https:\/\/casadaluva.com.br\/index\/wp-json\/wp\/v2\/types\/product"}],"wp:featuredmedia":[{"embeddable":true,"href":"https:\/\/casadaluva.com.br\/index\/wp-json\/wp\/v2\/media\/113"}],"wp:attachment":[{"href":"https:\/\/casadaluva.com.br\/index\/wp-json\/wp\/v2\/media?parent=114"}],"wp:term":[{"taxonomy":"product_brand","embeddable":true,"href":"https:\/\/casadaluva.com.br\/index\/wp-json\/wp\/v2\/product_brand?post=114"},{"taxonomy":"product_cat","embeddable":true,"href":"https:\/\/casadaluva.com.br\/index\/wp-json\/wp\/v2\/product_cat?post=114"},{"taxonomy":"product_tag","embeddable":true,"href":"https:\/\/casadaluva.com.br\/index\/wp-json\/wp\/v2\/product_tag?post=114"}],"curies":[{"name":"wp","href":"https:\/\/api.w.org\/{rel}","templated":true}]}}