{"id":122,"date":"2023-04-03T15:24:34","date_gmt":"2023-04-03T18:24:34","guid":{"rendered":"https:\/\/casadaluva.com.br\/index\/produto\/luva-tricotada-branca-pigmentada\/"},"modified":"2026-04-14T08:33:10","modified_gmt":"2026-04-14T11:33:10","slug":"luva-tricotada-branca-pigmentada","status":"publish","type":"product","link":"https:\/\/casadaluva.com.br\/index\/produto\/luva-tricotada-branca-pigmentada\/","title":{"rendered":"LUVA TRICOTADA BRANCA PIGMENTADA"},"content":{"rendered":"<p><span style=\"color: #212529;font-family: Roboto, sans-serif;font-size: 13px;text-align: justify\">Luvas de seguran\u00e7a tricotadas com fios de algod\u00e3o e poli\u00e9ster, punho com el\u00e1stico, com ou sem pigmentos na palma, tamanho \u00fanico 9.\u00a0<\/span><span style=\"font-weight: bolder;color: #212529;font-family: Roboto, sans-serif;font-size: 13px;text-align: justify\">Para prote\u00e7\u00e3o das m\u00e3os do usu\u00e1rio contra agentes mec\u00e2nicos, principalmente em atividades que necessitem de bom tato<\/span><span style=\"color: #212529;font-family: Roboto, sans-serif;font-size: 13px;text-align: justify\">, como por exemplo no manuseio de materiais nas \u00e1reas de transportes, ind\u00fastrias metal mec\u00e2nicas, automotivas, constru\u00e7\u00e3o civil, metal\u00fargicas, estamparias, etc. Manuseio de produtos e em servi\u00e7os gerais, para prote\u00e7\u00e3o das m\u00e3os e pe\u00e7as.<\/span><\/p>\n","protected":false},"excerpt":{"rendered":"<p>Luvas de seguran\u00e7a tricotadas com fios de algod\u00e3o e poli\u00e9ster, punho com el\u00e1stico, com ou sem pigmentos na palma, tamanho \u00fanico 9.\u00a0Para prote\u00e7\u00e3o das m\u00e3os do<span class=\"excerpt-hellip\"> [\u2026]<\/span><\/p>\n","protected":false},"featured_media":652,"template":"","meta":{"_joinchat":[]},"product_brand":[],"product_cat":[35],"product_tag":[],"class_list":{"0":"post-122","1":"product","2":"type-product","3":"status-publish","4":"has-post-thumbnail","6":"product_cat-obras","8":"first","9":"onbackorder","10":"shipping-taxable","11":"purchasable","12":"product-type-simple"},"_links":{"self":[{"href":"https:\/\/casadaluva.com.br\/index\/wp-json\/wp\/v2\/product\/122","targetHints":{"allow":["GET"]}}],"collection":[{"href":"https:\/\/casadaluva.com.br\/index\/wp-json\/wp\/v2\/product"}],"about":[{"href":"https:\/\/casadaluva.com.br\/index\/wp-json\/wp\/v2\/types\/product"}],"wp:featuredmedia":[{"embeddable":true,"href":"https:\/\/casadaluva.com.br\/index\/wp-json\/wp\/v2\/media\/652"}],"wp:attachment":[{"href":"https:\/\/casadaluva.com.br\/index\/wp-json\/wp\/v2\/media?parent=122"}],"wp:term":[{"taxonomy":"product_brand","embeddable":true,"href":"https:\/\/casadaluva.com.br\/index\/wp-json\/wp\/v2\/product_brand?post=122"},{"taxonomy":"product_cat","embeddable":true,"href":"https:\/\/casadaluva.com.br\/index\/wp-json\/wp\/v2\/product_cat?post=122"},{"taxonomy":"product_tag","embeddable":true,"href":"https:\/\/casadaluva.com.br\/index\/wp-json\/wp\/v2\/product_tag?post=122"}],"curies":[{"name":"wp","href":"https:\/\/api.w.org\/{rel}","templated":true}]}}