{"id":124,"date":"2023-04-03T15:24:37","date_gmt":"2023-04-03T18:24:37","guid":{"rendered":"https:\/\/casadaluva.com.br\/index\/produto\/touca-descartavel-com-100-unidades-inoven\/"},"modified":"2025-05-29T10:05:36","modified_gmt":"2025-05-29T13:05:36","slug":"touca-descartavel-com-100-unidades-inoven","status":"publish","type":"product","link":"https:\/\/casadaluva.com.br\/index\/produto\/touca-descartavel-com-100-unidades-inoven\/","title":{"rendered":"TOUCA DESCARTAVEL COM 100 UNIDADES INOVEN"},"content":{"rendered":"<div class=\"elementor-element elementor-element-cd5a253 elementor-widget elementor-widget-heading\" style=\"margin: 0px;padding: 0px;border: 0px;font-size: 16px;line-height: inherit;font-family: 'Red Hat Display', -apple-system, BlinkMacSystemFont, 'Segoe UI', Roboto, Oxygen-Sans, Ubuntu, Cantarell, 'Helvetica Neue', sans-serif;vertical-align: baseline;--flex-direction: initial;--flex-wrap: initial;--justify-content: initial;--align-items: initial;--align-content: initial;--gap: initial;--flex-basis: initial;--flex-grow: initial;--flex-shrink: initial;--order: initial;--align-self: initial;flex-direction: var(--flex-direction);flex-wrap: var(--flex-wrap);justify-content: var(--justify-content);align-items: var(--align-items);align-content: var(--align-content);gap: var(--gap);flex-basis: var(--flex-basis);flex-grow: var(--flex-grow);flex-shrink: var(--flex-shrink);align-self: var(--align-self);position: relative;--widgets-spacing: 20px;width: 554.004px;color: #070809\" data-id=\"cd5a253\" data-element_type=\"widget\" data-widget_type=\"heading.default\">\n<div class=\"elementor-widget-container\" style=\"margin: 0px;padding: 0px;border: 0px;font: inherit;vertical-align: baseline\">\n<h2 class=\"elementor-heading-title elementor-size-default\" style=\"margin: 0px;padding: 0px;border: 0px;font-style: inherit;font-variant: inherit;font-size: 30px;line-height: 1;font-family: 'Red Hat Display', sans-serif;vertical-align: baseline;letter-spacing: 0px;color: var( --e-global-color-2befd07 )\">TOUCA DE TNT DESCART\u00c1VEL<\/h2>\n<\/div>\n<\/div>\n<div class=\"elementor-element elementor-element-40f042c elementor-widget-divider--view-line elementor-widget elementor-widget-divider\" style=\"margin: 0px;padding: 0px;border: 0px;font-size: 16px;line-height: inherit;font-family: 'Red Hat Display', -apple-system, BlinkMacSystemFont, 'Segoe UI', Roboto, Oxygen-Sans, Ubuntu, Cantarell, 'Helvetica Neue', sans-serif;vertical-align: baseline;--flex-direction: initial;--flex-wrap: initial;--justify-content: initial;--align-items: initial;--align-content: initial;--gap: initial;--flex-basis: initial;--flex-grow: initial;--flex-shrink: initial;--order: initial;--align-self: initial;flex-direction: var(--flex-direction);flex-wrap: var(--flex-wrap);justify-content: var(--justify-content);align-items: var(--align-items);align-content: var(--align-content);gap: var(--gap);flex-basis: var(--flex-basis);flex-grow: var(--flex-grow);flex-shrink: var(--flex-shrink);align-self: var(--align-self);position: relative;--widgets-spacing: 20px;--divider-border-style: solid;--divider-border-width: 2px;--divider-color: var( --e-global-color-e257aee );--divider-icon-size: 20px;--divider-element-spacing: 10px;--divider-pattern-height: 24px;--divider-pattern-size: 20px;--divider-pattern-url: none;--divider-pattern-repeat: repeat-x;width: 554.004px;color: #070809\" data-id=\"40f042c\" data-element_type=\"widget\" data-widget_type=\"divider.default\">\n<div class=\"elementor-widget-container\" style=\"margin: 0px;padding: 0px;border: 0px;font: inherit;vertical-align: baseline\">\n<div class=\"elementor-divider\" style=\"margin: 0px;padding: 15px 0px;border: 0px;font: inherit;vertical-align: baseline\"><\/div>\n<\/div>\n<\/div>\n<section class=\"elementor-section elementor-inner-section elementor-element elementor-element-11e89b3 elementor-section-boxed elementor-section-height-default elementor-section-height-default\" style=\"margin: 20px 0px 0px;padding: 0px;border: 0px;font-size: 16px;line-height: inherit;font-family: 'Red Hat Display', -apple-system, BlinkMacSystemFont, 'Segoe UI', Roboto, Oxygen-Sans, Ubuntu, Cantarell, 'Helvetica Neue', sans-serif;vertical-align: baseline;--flex-direction: initial;--flex-wrap: initial;--justify-content: initial;--align-items: initial;--align-content: initial;--gap: initial;--flex-basis: initial;--flex-grow: initial;--flex-shrink: initial;--order: initial;--align-self: initial;flex-direction: var(--flex-direction);flex-wrap: var(--flex-wrap);justify-content: var(--justify-content);align-items: var(--align-items);align-content: var(--align-content);gap: var(--gap);flex-basis: var(--flex-basis);flex-grow: var(--flex-grow);flex-shrink: var(--flex-shrink);align-self: var(--align-self);position: relative;--widgets-spacing: 20px;width: 554.004px;color: #070809\" data-id=\"11e89b3\" data-element_type=\"section\">\n<div class=\"elementor-container elementor-column-gap-no\" style=\"margin: 0px auto;padding: 0px;border: 0px;font: inherit;vertical-align: baseline;position: relative;max-width: 837px\">\n<div class=\"elementor-column elementor-col-100 elementor-inner-column elementor-element elementor-element-63ad886\" style=\"margin: 0px;padding: 0px;border: 0px;font: inherit;vertical-align: baseline;--flex-direction: initial;--flex-wrap: initial;--justify-content: initial;--align-items: initial;--align-content: initial;--gap: initial;--flex-basis: initial;--flex-grow: initial;--flex-shrink: initial;--order: initial;--align-self: initial;flex-direction: var(--flex-direction);flex-wrap: var(--flex-wrap);justify-content: var(--justify-content);align-items: var(--align-items);align-content: var(--align-content);gap: var(--gap);flex-basis: var(--flex-basis);flex-grow: var(--flex-grow);flex-shrink: var(--flex-shrink);align-self: var(--align-self);min-height: 1px;position: relative;--widgets-spacing: 20px;width: 554.004px\" data-id=\"63ad886\" data-element_type=\"column\">\n<div class=\"elementor-widget-wrap elementor-element-populated\" style=\"margin: 0px;padding: 0px;border: 0px;font: inherit;vertical-align: baseline;position: relative;width: 554.004px;flex-wrap: wrap;align-content: flex-start\">\n<div class=\"elementor-element elementor-element-b874019 elementor-widget elementor-widget-text-editor\" style=\"margin: 0px 0px 20px;padding: 0px;border: 0px;font-style: inherit;font-variant: inherit;line-height: 26px;font-family: inherit;vertical-align: baseline;--flex-direction: initial;--flex-wrap: initial;--justify-content: initial;--align-items: initial;--align-content: initial;--gap: initial;--flex-basis: initial;--flex-grow: initial;--flex-shrink: initial;--order: initial;--align-self: initial;flex-direction: var(--flex-direction);flex-wrap: var(--flex-wrap);justify-content: var(--justify-content);align-items: var(--align-items);align-content: var(--align-content);gap: var(--gap);flex-basis: var(--flex-basis);flex-grow: var(--flex-grow);flex-shrink: var(--flex-shrink);align-self: var(--align-self);position: relative;--widgets-spacing: 20px;width: 554.004px;color: var( --e-global-color-secondary )\" data-id=\"b874019\" data-element_type=\"widget\" data-widget_type=\"text-editor.default\">\n<div class=\"elementor-widget-container\" style=\"margin: 0px 0px -18px;padding: 0px;border: 0px;font: inherit;vertical-align: baseline\">\n<p style=\"margin-bottom: 15px;padding: 0px;border: 0px;font: inherit;vertical-align: baseline\">Touca de prote\u00e7\u00e3o sanfonada em formato de tiras fabricada em tecido n\u00e3o<br \/>\ntecido (TNT) utilizando soldagem eletr\u00f4nica por ultrassom.<\/p>\n<\/div>\n<\/div>\n<div class=\"elementor-element elementor-element-d307fa1 elementor-widget elementor-widget-heading\" style=\"margin: 0px 0px 20px;padding: 0px;border: 0px;font: inherit;vertical-align: baseline;--flex-direction: initial;--flex-wrap: initial;--justify-content: initial;--align-items: initial;--align-content: initial;--gap: initial;--flex-basis: initial;--flex-grow: initial;--flex-shrink: initial;--order: initial;--align-self: initial;flex-direction: var(--flex-direction);flex-wrap: var(--flex-wrap);justify-content: var(--justify-content);align-items: var(--align-items);align-content: var(--align-content);gap: var(--gap);flex-basis: var(--flex-basis);flex-grow: var(--flex-grow);flex-shrink: var(--flex-shrink);align-self: var(--align-self);position: relative;--widgets-spacing: 20px;width: 554.004px\" data-id=\"d307fa1\" data-element_type=\"widget\" data-widget_type=\"heading.default\">\n<div class=\"elementor-widget-container\" style=\"margin: 50px 0px 0px;padding: 0px;border: 0px;font: inherit;vertical-align: baseline\">\n<h2 class=\"elementor-heading-title elementor-size-default\" style=\"margin: 0px;padding: 0px;border: 0px;font-style: inherit;font-variant: inherit;font-size: 24px;line-height: 1;font-family: 'Red Hat Display', sans-serif;vertical-align: baseline;letter-spacing: 0px;color: var( --e-global-color-2befd07 )\">Diferenciais do produto:<\/h2>\n<\/div>\n<\/div>\n<div class=\"elementor-element elementor-element-39d246a elementor-widget elementor-widget-premium-icon-list\" style=\"margin: 0px 0px 20px;padding: 0px;border: 0px;font: inherit;vertical-align: baseline;--flex-direction: initial;--flex-wrap: initial;--justify-content: initial;--align-items: initial;--align-content: initial;--gap: initial;--flex-basis: initial;--flex-grow: initial;--flex-shrink: initial;--order: initial;--align-self: initial;flex-direction: var(--flex-direction);flex-wrap: var(--flex-wrap);justify-content: var(--justify-content);align-items: var(--align-items);align-content: var(--align-content);gap: var(--gap);flex-basis: var(--flex-basis);flex-grow: var(--flex-grow);flex-shrink: var(--flex-shrink);align-self: var(--align-self);position: relative;--widgets-spacing: 20px;width: 554.004px\" data-id=\"39d246a\" data-element_type=\"widget\" data-widget_type=\"premium-icon-list.default\">\n<div class=\"elementor-widget-container\" style=\"margin: 0px;padding: 0px;border: 0px;font: inherit;vertical-align: baseline\">\n<ul class=\"premium-bullet-list-box\" style=\"margin: 0px;padding: 0px;border: 0px;font: inherit;vertical-align: baseline;flex-flow: column wrap;justify-content: flex-start\">\n<li class=\"premium-bullet-list-content elementor-repeater-item-40d00d5 premium-bullet-list-content-grow-lc\" style=\"margin: 8px 0px 0px;padding: 0px;border: 0px;font: inherit;vertical-align: baseline;width: auto;position: relative;overflow: hidden;justify-content: flex-start;border-radius: 0px\">\n<div class=\"premium-bullet-list-text\" style=\"margin: 0px;padding: 0px;border: 0px;font: inherit;vertical-align: baseline;flex-direction: row\">\n<div class=\"premium-bullet-list-wrapper\" style=\"margin: 11px 0px 0px;padding: 0px;border: 0px;font-style: inherit;font-variant: inherit;font-weight: inherit;font-size: inherit;line-height: 0;font-family: inherit;vertical-align: baseline;align-self: flex-start;position: relative\"><\/div>\n<p><span style=\"margin: 0px 5px;padding: 0px;border: 0px;font-style: inherit;font-variant: inherit;line-height: 26px;font-family: inherit;vertical-align: baseline;align-self: center;flex: 1 1 0%;color: var( --e-global-color-secondary )\" data-text=\"Registro Anvisa:\">Registro Anvisa:<\/span><\/p>\n<\/div>\n<\/li>\n<li class=\"premium-bullet-list-content elementor-repeater-item-9782d54 premium-bullet-list-content-grow-lc\" style=\"margin: 8px 0px 0px;padding: 0px;border: 0px;font: inherit;vertical-align: baseline;width: auto;position: relative;overflow: hidden;justify-content: flex-start;border-radius: 0px\">\n<div class=\"premium-bullet-list-text\" style=\"margin: 0px;padding: 0px;border: 0px;font: inherit;vertical-align: baseline;flex-direction: row\">\n<div class=\"premium-bullet-list-wrapper\" style=\"margin: 11px 0px 0px;padding: 0px;border: 0px;font-style: inherit;font-variant: inherit;font-weight: inherit;font-size: inherit;line-height: 0;font-family: inherit;vertical-align: baseline;align-self: flex-start;position: relative\"><\/div>\n<p><span style=\"margin: 0px 5px;padding: 0px;border: 0px;font-style: inherit;font-variant: inherit;line-height: 26px;font-family: inherit;vertical-align: baseline;align-self: center;flex: 1 1 0%;color: var( --e-global-color-secondary )\" data-text=\"Higiene e seguran\u00e7a;\">Higiene e seguran\u00e7a;<\/span><\/p>\n<\/div>\n<\/li>\n<li class=\"premium-bullet-list-content elementor-repeater-item-e0c75be premium-bullet-list-content-grow-lc\" style=\"margin: 8px 0px 0px;padding: 0px;border: 0px;font: inherit;vertical-align: baseline;width: auto;position: relative;overflow: hidden;justify-content: flex-start;border-radius: 0px\">\n<div class=\"premium-bullet-list-text\" style=\"margin: 0px;padding: 0px;border: 0px;font: inherit;vertical-align: baseline;flex-direction: row\">\n<div class=\"premium-bullet-list-wrapper\" style=\"margin: 11px 0px 0px;padding: 0px;border: 0px;font-style: inherit;font-variant: inherit;font-weight: inherit;font-size: inherit;line-height: 0;font-family: inherit;vertical-align: baseline;align-self: flex-start;position: relative\"><\/div>\n<p><span style=\"margin: 0px 5px;padding: 0px;border: 0px;font-style: inherit;font-variant: inherit;line-height: 26px;font-family: inherit;vertical-align: baseline;align-self: center;flex: 1 1 0%;color: var( --e-global-color-secondary )\" data-text=\"Uso \u00fanico, individual e descart\u00e1vel;\">Uso \u00fanico, individual e descart\u00e1vel;<\/span><\/p>\n<\/div>\n<\/li>\n<li class=\"premium-bullet-list-content elementor-repeater-item-653664e premium-bullet-list-content-grow-lc\" style=\"margin: 8px 0px 0px;padding: 0px;border: 0px;font: inherit;vertical-align: baseline;width: auto;position: relative;overflow: hidden;justify-content: flex-start;border-radius: 0px\">\n<div class=\"premium-bullet-list-text\" style=\"margin: 0px;padding: 0px;border: 0px;font: inherit;vertical-align: baseline;flex-direction: row\">\n<div class=\"premium-bullet-list-wrapper\" style=\"margin: 11px 0px 0px;padding: 0px;border: 0px;font-style: inherit;font-variant: inherit;font-weight: inherit;font-size: inherit;line-height: 0;font-family: inherit;vertical-align: baseline;align-self: flex-start;position: relative\"><\/div>\n<p><span style=\"margin: 0px 5px;padding: 0px;border: 0px;font-style: inherit;font-variant: inherit;line-height: 26px;font-family: inherit;vertical-align: baseline;align-self: center;flex: 1 1 0%;color: var( --e-global-color-secondary )\" data-text=\"Prote\u00e7\u00e3o da cabe\u00e7a do trabalhador;\">Prote\u00e7\u00e3o da cabe\u00e7a do trabalhador;<\/span><\/p>\n<\/div>\n<\/li>\n<li class=\"premium-bullet-list-content elementor-repeater-item-7446c93 premium-bullet-list-content-grow-lc\" style=\"margin: 8px 0px 0px;padding: 0px;border: 0px;font: inherit;vertical-align: baseline;width: auto;position: relative;overflow: hidden;justify-content: flex-start;border-radius: 0px\">\n<div class=\"premium-bullet-list-text\" style=\"margin: 0px;padding: 0px;border: 0px;font: inherit;vertical-align: baseline;flex-direction: row\">\n<div class=\"premium-bullet-list-wrapper\" style=\"margin: 11px 0px 0px;padding: 0px;border: 0px;font-style: inherit;font-variant: inherit;font-weight: inherit;font-size: inherit;line-height: 0;font-family: inherit;vertical-align: baseline;align-self: flex-start;position: relative\"><\/div>\n<p><span style=\"margin: 0px 5px;padding: 0px;border: 0px;font-style: inherit;font-variant: inherit;line-height: 26px;font-family: inherit;vertical-align: baseline;align-self: center;flex: 1 1 0%;color: var( --e-global-color-secondary )\" data-text=\"Proporciona mais seguran\u00e7a ao usu\u00e1rio;\">Proporciona mais seguran\u00e7a ao usu\u00e1rio;<\/span><\/p>\n<\/div>\n<\/li>\n<li class=\"premium-bullet-list-content elementor-repeater-item-6f425a0 premium-bullet-list-content-grow-lc\" style=\"margin: 8px 0px 0px;padding: 0px;border: 0px;font: inherit;vertical-align: baseline;width: auto;position: relative;overflow: hidden;justify-content: flex-start;border-radius: 0px\">\n<div class=\"premium-bullet-list-text\" style=\"margin: 0px;padding: 0px;border: 0px;font: inherit;vertical-align: baseline;flex-direction: row\">\n<div class=\"premium-bullet-list-wrapper\" style=\"margin: 11px 0px 0px;padding: 0px;border: 0px;font-style: inherit;font-variant: inherit;font-weight: inherit;font-size: inherit;line-height: 0;font-family: inherit;vertical-align: baseline;align-self: flex-start;position: relative\"><\/div>\n<p><span style=\"margin: 0px 5px;padding: 0px;border: 0px;font-style: inherit;font-variant: inherit;line-height: 26px;font-family: inherit;vertical-align: baseline;align-self: center;flex: 1 1 0%;color: var( --e-global-color-secondary )\" data-text=\"Evita contato de cabelos com m\u00e1quinas.\">Evita contato de cabelos com m\u00e1quinas.<\/span><\/p>\n<\/div>\n<\/li>\n<\/ul>\n<\/div>\n<\/div>\n<\/div>\n<\/div>\n<\/div>\n<\/section>\n","protected":false},"excerpt":{"rendered":"<p>TOUCA DE TNT DESCART\u00c1VEL Touca de prote\u00e7\u00e3o sanfonada em formato de tiras fabricada em tecido n\u00e3o tecido (TNT) utilizando soldagem eletr\u00f4nica por ultrassom. Diferenciais do produto:<span class=\"excerpt-hellip\"> [\u2026]<\/span><\/p>\n","protected":false},"featured_media":386,"template":"","meta":{"_joinchat":[]},"product_brand":[],"product_cat":[25],"product_tag":[],"class_list":{"0":"post-124","1":"product","2":"type-product","3":"status-publish","4":"has-post-thumbnail","6":"product_cat-touca","8":"first","9":"onbackorder","10":"shipping-taxable","11":"purchasable","12":"product-type-simple"},"_links":{"self":[{"href":"https:\/\/casadaluva.com.br\/index\/wp-json\/wp\/v2\/product\/124","targetHints":{"allow":["GET"]}}],"collection":[{"href":"https:\/\/casadaluva.com.br\/index\/wp-json\/wp\/v2\/product"}],"about":[{"href":"https:\/\/casadaluva.com.br\/index\/wp-json\/wp\/v2\/types\/product"}],"wp:featuredmedia":[{"embeddable":true,"href":"https:\/\/casadaluva.com.br\/index\/wp-json\/wp\/v2\/media\/386"}],"wp:attachment":[{"href":"https:\/\/casadaluva.com.br\/index\/wp-json\/wp\/v2\/media?parent=124"}],"wp:term":[{"taxonomy":"product_brand","embeddable":true,"href":"https:\/\/casadaluva.com.br\/index\/wp-json\/wp\/v2\/product_brand?post=124"},{"taxonomy":"product_cat","embeddable":true,"href":"https:\/\/casadaluva.com.br\/index\/wp-json\/wp\/v2\/product_cat?post=124"},{"taxonomy":"product_tag","embeddable":true,"href":"https:\/\/casadaluva.com.br\/index\/wp-json\/wp\/v2\/product_tag?post=124"}],"curies":[{"name":"wp","href":"https:\/\/api.w.org\/{rel}","templated":true}]}}