{"id":126,"date":"2023-04-03T15:24:39","date_gmt":"2023-04-03T18:24:39","guid":{"rendered":"https:\/\/casadaluva.com.br\/index\/produto\/pano-wiper-plus-branco-pro60\/"},"modified":"2024-10-28T15:24:42","modified_gmt":"2024-10-28T18:24:42","slug":"pano-wiper-plus-branco-pro60","status":"publish","type":"product","link":"https:\/\/casadaluva.com.br\/index\/produto\/pano-wiper-plus-branco-pro60\/","title":{"rendered":"PANO WIPER PLUS BRANCO PRO60"},"content":{"rendered":"<h2 style=\"margin-bottom: 0px;color: #757575;font-family: frutiger, sans-serif\">Pano Descart\u00e1vel Alta Absor\u00e7\u00e3o Rolo Picotado 25cm x 200m com 416un. WiperPlus Pro 60 Talge<\/h2>\n<p><span style=\"color: #757575;font-family: frutiger, sans-serif;font-size: 15px\"> O WiperPlus Pro60 \u00e9 um pano multiuso, ultra absorvente, altamente resistente e reutiliz\u00e1vel. N\u00e3o causa irrita\u00e7\u00e3o na pele e n\u00e3o tem rea\u00e7\u00e3o com produtos qu\u00edmicos. Composto por fibras celul\u00f3sicas e sint\u00e9ticas. Com alta capacidade de absor\u00e7\u00e3o e resist\u00eancia, \u00e9 muito eficiente na substitui\u00e7\u00e3o de panos e toalhas.<\/span><\/p>\n","protected":false},"excerpt":{"rendered":"<p>Pano Descart\u00e1vel Alta Absor\u00e7\u00e3o Rolo Picotado 25cm x 200m com 416un. WiperPlus Pro 60 Talge O WiperPlus Pro60 \u00e9 um pano multiuso, ultra absorvente, altamente resistente<span class=\"excerpt-hellip\"> [\u2026]<\/span><\/p>\n","protected":false},"featured_media":125,"template":"","meta":{"_joinchat":[]},"product_brand":[],"product_cat":[22],"product_tag":[],"class_list":{"0":"post-126","1":"product","2":"type-product","3":"status-publish","4":"has-post-thumbnail","6":"product_cat-panos-limpeza","8":"first","9":"instock","10":"shipping-taxable","11":"purchasable","12":"product-type-simple"},"_links":{"self":[{"href":"https:\/\/casadaluva.com.br\/index\/wp-json\/wp\/v2\/product\/126","targetHints":{"allow":["GET"]}}],"collection":[{"href":"https:\/\/casadaluva.com.br\/index\/wp-json\/wp\/v2\/product"}],"about":[{"href":"https:\/\/casadaluva.com.br\/index\/wp-json\/wp\/v2\/types\/product"}],"wp:featuredmedia":[{"embeddable":true,"href":"https:\/\/casadaluva.com.br\/index\/wp-json\/wp\/v2\/media\/125"}],"wp:attachment":[{"href":"https:\/\/casadaluva.com.br\/index\/wp-json\/wp\/v2\/media?parent=126"}],"wp:term":[{"taxonomy":"product_brand","embeddable":true,"href":"https:\/\/casadaluva.com.br\/index\/wp-json\/wp\/v2\/product_brand?post=126"},{"taxonomy":"product_cat","embeddable":true,"href":"https:\/\/casadaluva.com.br\/index\/wp-json\/wp\/v2\/product_cat?post=126"},{"taxonomy":"product_tag","embeddable":true,"href":"https:\/\/casadaluva.com.br\/index\/wp-json\/wp\/v2\/product_tag?post=126"}],"curies":[{"name":"wp","href":"https:\/\/api.w.org\/{rel}","templated":true}]}}