{"id":128,"date":"2023-04-03T15:24:47","date_gmt":"2023-04-03T18:24:47","guid":{"rendered":"https:\/\/casadaluva.com.br\/index\/produto\/pano-multiuso-para-limpeza-rolo-300-metros-azul\/"},"modified":"2026-04-07T08:17:00","modified_gmt":"2026-04-07T11:17:00","slug":"pano-multiuso-para-limpeza-rolo-300-metros-azul","status":"publish","type":"product","link":"https:\/\/casadaluva.com.br\/index\/produto\/pano-multiuso-para-limpeza-rolo-300-metros-azul\/","title":{"rendered":"PANO MULTIUSO PARA LIMPEZA ROLO 300 METROS AZUL"},"content":{"rendered":"<p style=\"margin-bottom: 1.41575em;color: #6d6d6d;font-family: 'Source Sans Pro', HelveticaNeue-Light, 'Helvetica Neue Light', 'Helvetica Neue', Helvetica, Arial, 'Lucida Grande', sans-serif;font-size: 16px\">Descri\u00e7\u00e3o:<\/p>\n<p style=\"margin-bottom: 1.41575em;color: #6d6d6d;font-family: 'Source Sans Pro', HelveticaNeue-Light, 'Helvetica Neue Light', 'Helvetica Neue', Helvetica, Arial, 'Lucida Grande', sans-serif;font-size: 16px\">Pano multiuso \u00e9 fabricado em 70% Viscose e 30% Poliester. S\u00e3o muito pr\u00e1ticos e \u00fateis. Estes panos Multiuso s\u00e3o indicados para limpeza leve. Podem ser usados em diversas superf\u00edcies e s\u00e3o muito pr\u00e1ticos de serem lavados e reutilizados. Excelentes para limpeza de superf\u00edcies lisas.<\/p>\n<p style=\"margin-bottom: 1.41575em;color: #6d6d6d;font-family: 'Source Sans Pro', HelveticaNeue-Light, 'Helvetica Neue Light', 'Helvetica Neue', Helvetica, Arial, 'Lucida Grande', sans-serif;font-size: 16px\">Ideal para utiliza\u00e7\u00e3o em pias e bancadas e tamb\u00e9m s\u00e3o recomendados para lustrar pe\u00e7as de metal e vidros.<\/p>\n","protected":false},"excerpt":{"rendered":"<p>Descri\u00e7\u00e3o: Pano multiuso \u00e9 fabricado em 70% Viscose e 30% Poliester. S\u00e3o muito pr\u00e1ticos e \u00fateis. Estes panos Multiuso s\u00e3o indicados para limpeza leve. Podem ser<span class=\"excerpt-hellip\"> [\u2026]<\/span><\/p>\n","protected":false},"featured_media":127,"template":"","meta":{"_joinchat":[]},"product_brand":[],"product_cat":[22],"product_tag":[],"class_list":{"0":"post-128","1":"product","2":"type-product","3":"status-publish","4":"has-post-thumbnail","6":"product_cat-panos-limpeza","8":"first","9":"instock","10":"shipping-taxable","11":"purchasable","12":"product-type-simple"},"_links":{"self":[{"href":"https:\/\/casadaluva.com.br\/index\/wp-json\/wp\/v2\/product\/128","targetHints":{"allow":["GET"]}}],"collection":[{"href":"https:\/\/casadaluva.com.br\/index\/wp-json\/wp\/v2\/product"}],"about":[{"href":"https:\/\/casadaluva.com.br\/index\/wp-json\/wp\/v2\/types\/product"}],"wp:featuredmedia":[{"embeddable":true,"href":"https:\/\/casadaluva.com.br\/index\/wp-json\/wp\/v2\/media\/127"}],"wp:attachment":[{"href":"https:\/\/casadaluva.com.br\/index\/wp-json\/wp\/v2\/media?parent=128"}],"wp:term":[{"taxonomy":"product_brand","embeddable":true,"href":"https:\/\/casadaluva.com.br\/index\/wp-json\/wp\/v2\/product_brand?post=128"},{"taxonomy":"product_cat","embeddable":true,"href":"https:\/\/casadaluva.com.br\/index\/wp-json\/wp\/v2\/product_cat?post=128"},{"taxonomy":"product_tag","embeddable":true,"href":"https:\/\/casadaluva.com.br\/index\/wp-json\/wp\/v2\/product_tag?post=128"}],"curies":[{"name":"wp","href":"https:\/\/api.w.org\/{rel}","templated":true}]}}