{"id":170,"date":"2023-04-06T08:45:30","date_gmt":"2023-04-06T11:45:30","guid":{"rendered":"https:\/\/casadaluva.com.br\/index\/produto\/sapato-sticky-shoes-antiderrapante-branco-no-33\/"},"modified":"2025-09-01T08:46:24","modified_gmt":"2025-09-01T11:46:24","slug":"sapato-sticky-shoes-antiderrapante-branco-no-33","status":"publish","type":"product","link":"https:\/\/casadaluva.com.br\/index\/produto\/sapato-sticky-shoes-antiderrapante-branco-no-33\/","title":{"rendered":"SAPATO STICKY SHOES ANTIDERRAPANTE BRANCO N\u00ba 33"},"content":{"rendered":"<p>Descri\u00e7\u00e3o do Produto<\/p>\n<p>Sapato imperme\u00e1vel ocupacional, feminino;<\/p>\n<p>Confeccionado em elast\u00f4mero termopl\u00e1stico TPE;<\/p>\n<p>Possui solado em borracha nitr\u00edlica antiderrapante em forma de colmeia;<\/p>\n<p>A durabilidade do solado do cal\u00e7ado depender\u00e1 da rugosidade do piso na \u00e1rea ou tipo de atividade em ser\u00e1 utilizado. Sendo o cal\u00e7ado utilizado em piso igual ao dos testes estabelecidas na NBR ISO 20.347\/2015, ter\u00e1 durabilidade de 365 dias;<\/p>\n<p>Possui palmilha de conforto antimicrobiana confeccionada em EVA, Tecido n\u00e3o Tecido e revestida com manta inferior para absor\u00e7\u00e3o e dessor\u00e7\u00e3o do suor;<\/p>\n<p>O cal\u00e7ado possui palmilha interna remov\u00edvel com 5mm de espessura antimicrobiana com tratamento \u00edons de prata e nano tecnologia de absor\u00e7\u00e3o e evapora\u00e7\u00e3o do suor<\/p>\n<p>Cal\u00e7ado para prote\u00e7\u00e3o dos p\u00e9s contra umidade, agentes abrasivos e escoriantes;<\/p>\n<p>Recomendada para o uso em \u00e1reas e ambientes que apresentam pisos muito lisos e molhados, ensaboados e engordurados ao mesmo tempo: restaurantes, ind\u00fastrias aliment\u00edcias e farmac\u00eauticas, frigor\u00edficos, hospitais, cl\u00ednicas e laborat\u00f3rios;<\/p>\n","protected":false},"excerpt":{"rendered":"<p>Descri\u00e7\u00e3o do Produto Sapato imperme\u00e1vel ocupacional, feminino; Confeccionado em elast\u00f4mero termopl\u00e1stico TPE; Possui solado em borracha nitr\u00edlica antiderrapante em forma de colmeia; A durabilidade do solado<span class=\"excerpt-hellip\"> [\u2026]<\/span><\/p>\n","protected":false},"featured_media":415,"template":"","meta":{"_joinchat":[]},"product_brand":[],"product_cat":[27],"product_tag":[],"class_list":{"0":"post-170","1":"product","2":"type-product","3":"status-publish","4":"has-post-thumbnail","6":"product_cat-calcados","8":"first","9":"onbackorder","10":"shipping-taxable","11":"purchasable","12":"product-type-simple"},"_links":{"self":[{"href":"https:\/\/casadaluva.com.br\/index\/wp-json\/wp\/v2\/product\/170","targetHints":{"allow":["GET"]}}],"collection":[{"href":"https:\/\/casadaluva.com.br\/index\/wp-json\/wp\/v2\/product"}],"about":[{"href":"https:\/\/casadaluva.com.br\/index\/wp-json\/wp\/v2\/types\/product"}],"wp:featuredmedia":[{"embeddable":true,"href":"https:\/\/casadaluva.com.br\/index\/wp-json\/wp\/v2\/media\/415"}],"wp:attachment":[{"href":"https:\/\/casadaluva.com.br\/index\/wp-json\/wp\/v2\/media?parent=170"}],"wp:term":[{"taxonomy":"product_brand","embeddable":true,"href":"https:\/\/casadaluva.com.br\/index\/wp-json\/wp\/v2\/product_brand?post=170"},{"taxonomy":"product_cat","embeddable":true,"href":"https:\/\/casadaluva.com.br\/index\/wp-json\/wp\/v2\/product_cat?post=170"},{"taxonomy":"product_tag","embeddable":true,"href":"https:\/\/casadaluva.com.br\/index\/wp-json\/wp\/v2\/product_tag?post=170"}],"curies":[{"name":"wp","href":"https:\/\/api.w.org\/{rel}","templated":true}]}}