{"id":188,"date":"2023-04-06T08:46:43","date_gmt":"2023-04-06T11:46:43","guid":{"rendered":"https:\/\/casadaluva.com.br\/index\/produto\/sapato-sticky-shoes-preto-antiderrapante-no-41\/"},"modified":"2025-05-20T12:42:24","modified_gmt":"2025-05-20T15:42:24","slug":"sapato-sticky-shoes-preto-antiderrapante-no-41","status":"publish","type":"product","link":"https:\/\/casadaluva.com.br\/index\/produto\/sapato-sticky-shoes-preto-antiderrapante-no-41\/","title":{"rendered":"SAPATO STICKY SHOES PRETO ANTIDERRAPANTE N\u00ba 41"},"content":{"rendered":"<p>Sapato Masculino Preto Stick Shoes<\/p>\n<p>O Sticky Shoes \u00e9 um sapato ocupacional imperme\u00e1vel, todo polim\u00e9rico, verdadeiramente antiderrapante, desenvolvido para ser usado em pisos lisos, que estejam molhados, ensaboados e engordurados ao mesmo tempo. Seu uso destina para Hospitais, laborat\u00f3rios farmac\u00eauticos, cl\u00ednicas em geral, ind\u00fastrias aliment\u00edcias, restaurantes, c\u00e2maras frigor\u00edficas, hot\u00e9is, limpeza, instala\u00e7\u00f5es internas, ind\u00fastrias em geral.<\/p>\n<p>Palmilha Higi\u00eanica<\/p>\n<p>Remov\u00edvel de 3 camadas com tecnologia de absor\u00e7\u00e3o e dessor\u00e7\u00e3o do suor mais tratamento com nano part\u00edculas de prata que evitam a prolifera\u00e7\u00e3o de fungos e bact\u00e9rias. Palmilha de 5mm de espessura antimicrobiana com \u00edons de prata, higieniz\u00e1vel.<\/p>\n<p>Cal\u00e7ado<\/p>\n<p>Possui \u00cdndice de atrito SRC certificado. Para caminhar em piso de a\u00e7o com \u00f3leo combust\u00edvel e piso cer\u00e2mico com detergente sem escorregar. CI &#8211; Prote\u00e7\u00e3o contra ao frio. O STICKY SHOE possui Isolamento ao frio do conjunto do solado (queda de temperatura interna menor que 10\u00b0C em freezer e ou c\u00e2mara a -15\u00b0C).<\/p>\n<p>Solado<\/p>\n<p>Borracha vulcanizada com exclusivo ressalto verdadeiramente antiderrapante. Solado de pol\u00edmero emborrachado antiderrapante. Amortecimento e distribui\u00e7\u00e3o uniforme do peso.<\/p>\n<p>Prote\u00e7\u00e3o<\/p>\n<p>Prote\u00e7\u00e3o dos p\u00e9s do usu\u00e1rio contra agentes escoriantes e umidade proveniente de opera\u00e7\u00e3o com uso de \u00e1gua, contra o frio, contra os agentes biol\u00f3gicos, e contra o escorregamento.<\/p>\n","protected":false},"excerpt":{"rendered":"<p>Sapato Masculino Preto Stick Shoes O Sticky Shoes \u00e9 um sapato ocupacional imperme\u00e1vel, todo polim\u00e9rico, verdadeiramente antiderrapante, desenvolvido para ser usado em pisos lisos, que estejam<span class=\"excerpt-hellip\"> [\u2026]<\/span><\/p>\n","protected":false},"featured_media":370,"template":"","meta":{"_joinchat":[]},"product_brand":[],"product_cat":[27],"product_tag":[],"class_list":{"0":"post-188","1":"product","2":"type-product","3":"status-publish","4":"has-post-thumbnail","6":"product_cat-calcados","8":"first","9":"instock","10":"shipping-taxable","11":"purchasable","12":"product-type-simple"},"_links":{"self":[{"href":"https:\/\/casadaluva.com.br\/index\/wp-json\/wp\/v2\/product\/188","targetHints":{"allow":["GET"]}}],"collection":[{"href":"https:\/\/casadaluva.com.br\/index\/wp-json\/wp\/v2\/product"}],"about":[{"href":"https:\/\/casadaluva.com.br\/index\/wp-json\/wp\/v2\/types\/product"}],"wp:featuredmedia":[{"embeddable":true,"href":"https:\/\/casadaluva.com.br\/index\/wp-json\/wp\/v2\/media\/370"}],"wp:attachment":[{"href":"https:\/\/casadaluva.com.br\/index\/wp-json\/wp\/v2\/media?parent=188"}],"wp:term":[{"taxonomy":"product_brand","embeddable":true,"href":"https:\/\/casadaluva.com.br\/index\/wp-json\/wp\/v2\/product_brand?post=188"},{"taxonomy":"product_cat","embeddable":true,"href":"https:\/\/casadaluva.com.br\/index\/wp-json\/wp\/v2\/product_cat?post=188"},{"taxonomy":"product_tag","embeddable":true,"href":"https:\/\/casadaluva.com.br\/index\/wp-json\/wp\/v2\/product_tag?post=188"}],"curies":[{"name":"wp","href":"https:\/\/api.w.org\/{rel}","templated":true}]}}