{"id":191,"date":"2023-04-06T08:46:51","date_gmt":"2023-04-06T11:46:51","guid":{"rendered":"https:\/\/casadaluva.com.br\/index\/produto\/sapato-sticky-shoes-preto-antiderrapante-no-39\/"},"modified":"2024-10-01T07:43:54","modified_gmt":"2024-10-01T10:43:54","slug":"sapato-sticky-shoes-preto-antiderrapante-no-39","status":"publish","type":"product","link":"https:\/\/casadaluva.com.br\/index\/produto\/sapato-sticky-shoes-preto-antiderrapante-no-39\/","title":{"rendered":"SAPATO STICKY SHOES PRETO ANTIDERRAPANTE N\u00ba 39"},"content":{"rendered":"<p><span style=\"font-family: 'Open Sans', 'sans-serif';font-size: 16px;text-align: justify\">O STICKY SHOES WOMAN\u00a0\u00e9 um cal\u00e7ado ocupacional tecnicamente desenvolvido para pisos lisos que estejam molhados, ensaboados e engordurados ao mesmo tempo. Este modelo \u00e9 ideal para os profissionais que buscam mais prote\u00e7\u00e3o e conforto em longas jornadas de trabalho.<\/span><br style=\"font-family: 'Open Sans', 'sans-serif';font-size: 16px;text-align: justify\" \/><br style=\"font-family: 'Open Sans', 'sans-serif';font-size: 16px;text-align: justify\" \/><span style=\"font-family: 'Open Sans', 'sans-serif';font-size: 16px;text-align: justify\">DESIGN: modelado para atender os p\u00e9s femininos. Seu design externo traz linhas mais acentuadas deixando-o robusto para o uso profissional.<\/span><br style=\"font-family: 'Open Sans', 'sans-serif';font-size: 16px;text-align: justify\" \/><br style=\"font-family: 'Open Sans', 'sans-serif';font-size: 16px;text-align: justify\" \/><span style=\"font-family: 'Open Sans', 'sans-serif';font-size: 16px;text-align: justify\">CONFORTO: \u00e9 um sapato leve, flex\u00edvel, trazendo uma percep\u00e7\u00e3o de calce incr\u00edvel. A textura circular em sua lateral transmite um toque de leveza e maciez. Al\u00e9m disso, o produto \u00e9 certificado com selo conforto IBTEC. Passou pelos mesmos testes sua confortabilidade. Os testes avaliam 8 quesitos fundamentais que interferem no conforto de um cal\u00e7ado e certificado com notas m\u00e1ximas.<\/span><br style=\"font-family: 'Open Sans', 'sans-serif';font-size: 16px;text-align: justify\" \/><br style=\"font-family: 'Open Sans', 'sans-serif';font-size: 16px;text-align: justify\" \/><span style=\"font-family: 'Open Sans', 'sans-serif';font-size: 16px;text-align: justify\">CABEDAL: a linha \u00e9 composta de material polim\u00e9rico de alta performance 100% imperme\u00e1vel que protege os profissionais em ambientes \u00famidos e contra subst\u00e2ncia diversas que podem estar presentes em diferentes locais de trabalho. O material \u00e9 muito flex\u00edvel e apresenta uma resili\u00eancia fant\u00e1stica. Sua superf\u00edcie \u00e9 lisa e n\u00e3o apresenta poros, facilitando a limpeza e<\/span><span style=\"font-family: 'Open Sans', 'sans-serif';font-size: 16px;text-align: justify\">\u00a0\u00a0<\/span><span style=\"font-family: 'Open Sans', 'sans-serif';font-size: 16px;text-align: justify\">evitando que fungos e bact\u00e9rias se alojam no cal\u00e7ado.<\/span><br style=\"font-family: 'Open Sans', 'sans-serif';font-size: 16px;text-align: justify\" \/><br style=\"font-family: 'Open Sans', 'sans-serif';font-size: 16px;text-align: justify\" \/><span style=\"font-family: 'Open Sans', 'sans-serif';font-size: 16px;text-align: justify\">SOLADO ANTIDERRAPANTE: Esta linha conta com o exclusivo e patenteado \u201cSolado Sticky\u201d. Este solado oferece uma incr\u00edvel resist\u00eancia contra quedas em pisos lisos que estejam molhados, ensaboados e engordurados ao mesmo tempo. O formato hexagonal do solado aliado a composi\u00e7\u00e3o da borracha garante a linha certifica\u00e7\u00e3o ISO \u201cSRC\u201d em resist\u00eancia contra quedas.<\/span><br style=\"font-family: 'Open Sans', 'sans-serif';font-size: 16px;text-align: justify\" \/><br style=\"font-family: 'Open Sans', 'sans-serif';font-size: 16px;text-align: justify\" \/><span style=\"font-family: 'Open Sans', 'sans-serif';font-size: 16px;text-align: justify\">PALMILHA: conta com a exclusiva \u201cPALMILHA STICKY\u2019 de 3 camadas, que possui tratamento antimicrobiano com \u00edons de prata que evita a prolifera\u00e7\u00e3o de fungos e bact\u00e9rias causadoras do mau cheiro. Al\u00e9m disso, possui tecnologia de absor\u00e7\u00e3o e evapora\u00e7\u00e3o do suor, evitando que p\u00e9 fique \u00famido durante o uso.<\/span><br style=\"font-family: 'Open Sans', 'sans-serif';font-size: 16px;text-align: justify\" \/><br style=\"font-family: 'Open Sans', 'sans-serif';font-size: 16px;text-align: justify\" \/><span style=\"font-family: 'Open Sans', 'sans-serif';font-size: 16px;text-align: justify\">Ideais para o uso em: Hospitais, Cl\u00ednicas, Restaurantes, Hot\u00e9is e Limpeza.<\/span><\/p>\n","protected":false},"excerpt":{"rendered":"<p>O STICKY SHOES WOMAN\u00a0\u00e9 um cal\u00e7ado ocupacional tecnicamente desenvolvido para pisos lisos que estejam molhados, ensaboados e engordurados ao mesmo tempo. Este modelo \u00e9 ideal para<span class=\"excerpt-hellip\"> [\u2026]<\/span><\/p>\n","protected":false},"featured_media":189,"template":"","meta":{"_joinchat":[]},"product_brand":[],"product_cat":[27],"product_tag":[],"class_list":{"0":"post-191","1":"product","2":"type-product","3":"status-publish","4":"has-post-thumbnail","6":"product_cat-calcados","8":"first","9":"onbackorder","10":"shipping-taxable","11":"purchasable","12":"product-type-simple"},"_links":{"self":[{"href":"https:\/\/casadaluva.com.br\/index\/wp-json\/wp\/v2\/product\/191","targetHints":{"allow":["GET"]}}],"collection":[{"href":"https:\/\/casadaluva.com.br\/index\/wp-json\/wp\/v2\/product"}],"about":[{"href":"https:\/\/casadaluva.com.br\/index\/wp-json\/wp\/v2\/types\/product"}],"wp:featuredmedia":[{"embeddable":true,"href":"https:\/\/casadaluva.com.br\/index\/wp-json\/wp\/v2\/media\/189"}],"wp:attachment":[{"href":"https:\/\/casadaluva.com.br\/index\/wp-json\/wp\/v2\/media?parent=191"}],"wp:term":[{"taxonomy":"product_brand","embeddable":true,"href":"https:\/\/casadaluva.com.br\/index\/wp-json\/wp\/v2\/product_brand?post=191"},{"taxonomy":"product_cat","embeddable":true,"href":"https:\/\/casadaluva.com.br\/index\/wp-json\/wp\/v2\/product_cat?post=191"},{"taxonomy":"product_tag","embeddable":true,"href":"https:\/\/casadaluva.com.br\/index\/wp-json\/wp\/v2\/product_tag?post=191"}],"curies":[{"name":"wp","href":"https:\/\/api.w.org\/{rel}","templated":true}]}}