{"id":214,"date":"2023-04-06T08:50:31","date_gmt":"2023-04-06T11:50:31","guid":{"rendered":"https:\/\/casadaluva.com.br\/index\/produto\/colete-refletivo-amarelo-4-bolsos-super-safety-tamanho-xg\/"},"modified":"2025-10-18T08:18:48","modified_gmt":"2025-10-18T11:18:48","slug":"colete-refletivo-amarelo-4-bolsos-super-safety-tamanho-xg","status":"publish","type":"product","link":"https:\/\/casadaluva.com.br\/index\/produto\/colete-refletivo-amarelo-4-bolsos-super-safety-tamanho-xg\/","title":{"rendered":"COLETE REFLETIVO AMARELO 4 BOLSOS SUPER SAFETY TAMANHO XG"},"content":{"rendered":"<p>Descri\u00e7\u00e3o<\/p>\n<p>Vestimenta de prote\u00e7\u00e3o e seguran\u00e7a de alta visibilidade, tipo colete, confeccionado 100% com tecido sint\u00e9tico de poli\u00e9ster , sem manga, z\u00edper para fechamento e bolsos frontais com fechamento em velcro. Possui faixas refletivas sendo duas verticais na \u00e1rea do t\u00f3rax na vista frontal e duas horizontais na \u00e1rea do abd\u00f4men na gente e costas, ainda possui faixa refletiva em formato de x nas costas.<\/p>\n<p>\u00a0<\/p>\n<p>Especifica\u00e7\u00e3o T\u00e9cnica:<\/p>\n<p>&#8211; confeccionado em tecido fluorescente 100% poli\u00e9ster<\/p>\n<p>&#8211; fechamento frontal em z\u00edper<\/p>\n<p>&#8211; faixa retrorrefletiva em x<\/p>\n<p>&#8211; gola em V<\/p>\n","protected":false},"excerpt":{"rendered":"<p>Descri\u00e7\u00e3o Vestimenta de prote\u00e7\u00e3o e seguran\u00e7a de alta visibilidade, tipo colete, confeccionado 100% com tecido sint\u00e9tico de poli\u00e9ster , sem manga, z\u00edper para fechamento e bolsos<span class=\"excerpt-hellip\"> [\u2026]<\/span><\/p>\n","protected":false},"featured_media":706,"template":"","meta":{"_joinchat":[]},"product_brand":[],"product_cat":[35],"product_tag":[],"class_list":{"0":"post-214","1":"product","2":"type-product","3":"status-publish","4":"has-post-thumbnail","6":"product_cat-obras","8":"first","9":"onbackorder","10":"shipping-taxable","11":"purchasable","12":"product-type-simple"},"_links":{"self":[{"href":"https:\/\/casadaluva.com.br\/index\/wp-json\/wp\/v2\/product\/214","targetHints":{"allow":["GET"]}}],"collection":[{"href":"https:\/\/casadaluva.com.br\/index\/wp-json\/wp\/v2\/product"}],"about":[{"href":"https:\/\/casadaluva.com.br\/index\/wp-json\/wp\/v2\/types\/product"}],"wp:featuredmedia":[{"embeddable":true,"href":"https:\/\/casadaluva.com.br\/index\/wp-json\/wp\/v2\/media\/706"}],"wp:attachment":[{"href":"https:\/\/casadaluva.com.br\/index\/wp-json\/wp\/v2\/media?parent=214"}],"wp:term":[{"taxonomy":"product_brand","embeddable":true,"href":"https:\/\/casadaluva.com.br\/index\/wp-json\/wp\/v2\/product_brand?post=214"},{"taxonomy":"product_cat","embeddable":true,"href":"https:\/\/casadaluva.com.br\/index\/wp-json\/wp\/v2\/product_cat?post=214"},{"taxonomy":"product_tag","embeddable":true,"href":"https:\/\/casadaluva.com.br\/index\/wp-json\/wp\/v2\/product_tag?post=214"}],"curies":[{"name":"wp","href":"https:\/\/api.w.org\/{rel}","templated":true}]}}