{"id":222,"date":"2023-04-06T08:50:52","date_gmt":"2023-04-06T11:50:52","guid":{"rendered":"https:\/\/casadaluva.com.br\/index\/produto\/macacao-de-seguranca-steelflex-tamanho-xxg\/"},"modified":"2025-11-25T13:51:14","modified_gmt":"2025-11-25T16:51:14","slug":"macacao-de-seguranca-steelflex-tamanho-xxg","status":"publish","type":"product","link":"https:\/\/casadaluva.com.br\/index\/produto\/macacao-de-seguranca-steelflex-tamanho-xxg\/","title":{"rendered":"MACACAO DE SEGURANCA STEELFLEX TAMANHO XXG"},"content":{"rendered":"<p>MACAC\u00c3O DE SEGURAN\u00c7A TIPO 6<\/p>\n<p>\u00a0<\/p>\n<p>Confeccionado em tecido laminado microporoso, o macac\u00e3o de seguran\u00e7a STEELFLEX fornece uma barreira de prote\u00e7\u00e3o leve e efetiva contra part\u00edculas secas, al\u00e9m de prote\u00e7\u00e3o limitada contra l\u00edquidos qu\u00edmicos.<\/p>\n<p>\u00a0<\/p>\n<p>ESPECIFICA\u00c7\u00c3O T\u00c9CNICA DO PRODUTO:<\/p>\n<p>\u2022 Tipo de prote\u00e7\u00e3o: Tipo 6<\/p>\n<p>\u2022 Material: Tecido laminado microporoso<\/p>\n<p>\u2022 Gramatura: 50gr\/m\u00b2 (ASTM D 5034)<\/p>\n<p>\u2022 Cor: Branco<\/p>\n<p>\u2022 Peso total: 210gr aproximadamente<\/p>\n<p>\u2022 Tamanhos: P \/ M \/ G \/ XG \/XXG<\/p>\n","protected":false},"excerpt":{"rendered":"<p>MACAC\u00c3O DE SEGURAN\u00c7A TIPO 6 \u00a0 Confeccionado em tecido laminado microporoso, o macac\u00e3o de seguran\u00e7a STEELFLEX fornece uma barreira de prote\u00e7\u00e3o leve e efetiva contra part\u00edculas<span class=\"excerpt-hellip\"> [\u2026]<\/span><\/p>\n","protected":false},"featured_media":637,"template":"","meta":{"_joinchat":[]},"product_brand":[],"product_cat":[35],"product_tag":[],"class_list":{"0":"post-222","1":"product","2":"type-product","3":"status-publish","4":"has-post-thumbnail","6":"product_cat-obras","8":"first","9":"instock","10":"shipping-taxable","11":"purchasable","12":"product-type-simple"},"_links":{"self":[{"href":"https:\/\/casadaluva.com.br\/index\/wp-json\/wp\/v2\/product\/222","targetHints":{"allow":["GET"]}}],"collection":[{"href":"https:\/\/casadaluva.com.br\/index\/wp-json\/wp\/v2\/product"}],"about":[{"href":"https:\/\/casadaluva.com.br\/index\/wp-json\/wp\/v2\/types\/product"}],"wp:featuredmedia":[{"embeddable":true,"href":"https:\/\/casadaluva.com.br\/index\/wp-json\/wp\/v2\/media\/637"}],"wp:attachment":[{"href":"https:\/\/casadaluva.com.br\/index\/wp-json\/wp\/v2\/media?parent=222"}],"wp:term":[{"taxonomy":"product_brand","embeddable":true,"href":"https:\/\/casadaluva.com.br\/index\/wp-json\/wp\/v2\/product_brand?post=222"},{"taxonomy":"product_cat","embeddable":true,"href":"https:\/\/casadaluva.com.br\/index\/wp-json\/wp\/v2\/product_cat?post=222"},{"taxonomy":"product_tag","embeddable":true,"href":"https:\/\/casadaluva.com.br\/index\/wp-json\/wp\/v2\/product_tag?post=222"}],"curies":[{"name":"wp","href":"https:\/\/api.w.org\/{rel}","templated":true}]}}