{"id":232,"date":"2023-04-06T08:59:56","date_gmt":"2023-04-06T11:59:56","guid":{"rendered":"https:\/\/casadaluva.com.br\/index\/produto\/luva-nitrilica-cano-longo-danny-resistencia-quimica-tam-g\/"},"modified":"2025-02-11T19:22:36","modified_gmt":"2025-02-11T22:22:36","slug":"luva-nitrilica-cano-longo-danny-resistencia-quimica-tam-g","status":"publish","type":"product","link":"https:\/\/casadaluva.com.br\/index\/produto\/luva-nitrilica-cano-longo-danny-resistencia-quimica-tam-g\/","title":{"rendered":"LUVA NITRILICA  CANO LONGO DANNY RESISTENCIA QUIMICA TAM G"},"content":{"rendered":"<p>Descri\u00e7\u00e3o<\/p>\n<p>Luva de seguran\u00e7a, confeccionada em borracha nitr\u00edlica; sem revestimento interno (acabamento clorinado); antiderrapante na palma, face palmar dos dedos e ponta dos dedos; punho reto 46 cm de comprimento.<\/p>\n<p>Benef\u00edcios<\/p>\n<p>aprovadoProte\u00e7\u00e3o qu\u00edmica para m\u00e3os e antebra\u00e7os<\/p>\n<p>aprovadoAlta ader\u00eancia para manuseio de objetos com umidade<\/p>\n<p>aprovadoIsenta de prote\u00ednas do l\u00e1tex (n\u00e3o provoca alergia em pessoas sens\u00edveis \u00e0 borracha natural)<\/p>\n<p>aprovadoFacilidade de higieniza\u00e7\u00e3o e secagem<\/p>\n<p>aprovadoEm conformidade com a RDC 26<\/p>\n","protected":false},"excerpt":{"rendered":"<p>Descri\u00e7\u00e3o Luva de seguran\u00e7a, confeccionada em borracha nitr\u00edlica; sem revestimento interno (acabamento clorinado); antiderrapante na palma, face palmar dos dedos e ponta dos dedos; punho reto<span class=\"excerpt-hellip\"> [\u2026]<\/span><\/p>\n","protected":false},"featured_media":356,"template":"","meta":{"_joinchat":[]},"product_brand":[],"product_cat":[19],"product_tag":[],"class_list":{"0":"post-232","1":"product","2":"type-product","3":"status-publish","4":"has-post-thumbnail","6":"product_cat-luvas","8":"first","9":"onbackorder","10":"shipping-taxable","11":"purchasable","12":"product-type-simple"},"_links":{"self":[{"href":"https:\/\/casadaluva.com.br\/index\/wp-json\/wp\/v2\/product\/232","targetHints":{"allow":["GET"]}}],"collection":[{"href":"https:\/\/casadaluva.com.br\/index\/wp-json\/wp\/v2\/product"}],"about":[{"href":"https:\/\/casadaluva.com.br\/index\/wp-json\/wp\/v2\/types\/product"}],"wp:featuredmedia":[{"embeddable":true,"href":"https:\/\/casadaluva.com.br\/index\/wp-json\/wp\/v2\/media\/356"}],"wp:attachment":[{"href":"https:\/\/casadaluva.com.br\/index\/wp-json\/wp\/v2\/media?parent=232"}],"wp:term":[{"taxonomy":"product_brand","embeddable":true,"href":"https:\/\/casadaluva.com.br\/index\/wp-json\/wp\/v2\/product_brand?post=232"},{"taxonomy":"product_cat","embeddable":true,"href":"https:\/\/casadaluva.com.br\/index\/wp-json\/wp\/v2\/product_cat?post=232"},{"taxonomy":"product_tag","embeddable":true,"href":"https:\/\/casadaluva.com.br\/index\/wp-json\/wp\/v2\/product_tag?post=232"}],"curies":[{"name":"wp","href":"https:\/\/api.w.org\/{rel}","templated":true}]}}