{"id":240,"date":"2023-04-06T09:00:47","date_gmt":"2023-04-06T12:00:47","guid":{"rendered":"https:\/\/casadaluva.com.br\/index\/produto\/luva-nitrilica-azul-sensiflex-ultra-danny-tam-g\/"},"modified":"2026-04-14T08:19:42","modified_gmt":"2026-04-14T11:19:42","slug":"luva-nitrilica-azul-sensiflex-ultra-danny-tam-g","status":"publish","type":"product","link":"https:\/\/casadaluva.com.br\/index\/produto\/luva-nitrilica-azul-sensiflex-ultra-danny-tam-g\/","title":{"rendered":"LUVA NITRILICA AZUL SENSIFLEX ULTRA DANNY TAM G"},"content":{"rendered":"<p>Descri\u00e7\u00e3o<\/p>\n<p>\u00a0<\/p>\n<p>A luva Sensiflex Ultra \u00e9 confeccionada em borracha nitr\u00edlica, possui extra espessura refor\u00e7ada para manuseio de produto qu\u00edmicos. Oferece excelente resist\u00eancia para diversas atividades sem perder o tato e a sensibilidade. Perfeita para atender a RDC26 em substitui\u00e7\u00e3o \u00e0s luvas de l\u00e1tex. N\u00e3o provoca alergia em pessoas sens\u00edveis \u00e0 borracha natural<\/p>\n<p>\u00a0<\/p>\n<p>Benef\u00edcios<\/p>\n<p>\u00a0<\/p>\n<p>aprovadoProte\u00e7\u00e3o qu\u00edmica com espessura extra refor\u00e7ada<\/p>\n<p>\u00a0<\/p>\n<p>aprovadoExcelente tato e sensibilidade<\/p>\n<p>\u00a0<\/p>\n<p>aprovadoIsenta de l\u00e1tex: hipoalerg\u00eanica<\/p>\n<p>\u00a0<\/p>\n<p>aprovadoProte\u00e7\u00e3o antiest\u00e1tica (dissipativa) para manuseio de produtos eletroeletr\u00f4nicos<\/p>\n<p>\u00a0<\/p>\n<p>C\u00f3digo: DA-90.500<\/p>\n<p>Tamanho(s): P (7) | M (8) | G (9) | XG (10)<\/p>\n<p>Cor: azul<\/p>\n<p>Normas T\u00e9cnicas: EN 374:2018<\/p>\n","protected":false},"excerpt":{"rendered":"<p>Descri\u00e7\u00e3o \u00a0 A luva Sensiflex Ultra \u00e9 confeccionada em borracha nitr\u00edlica, possui extra espessura refor\u00e7ada para manuseio de produto qu\u00edmicos. Oferece excelente resist\u00eancia para diversas atividades<span class=\"excerpt-hellip\"> [\u2026]<\/span><\/p>\n","protected":false},"featured_media":703,"template":"","meta":{"_joinchat":[]},"product_brand":[],"product_cat":[35],"product_tag":[],"class_list":{"0":"post-240","1":"product","2":"type-product","3":"status-publish","4":"has-post-thumbnail","6":"product_cat-obras","8":"first","9":"instock","10":"shipping-taxable","11":"purchasable","12":"product-type-simple"},"_links":{"self":[{"href":"https:\/\/casadaluva.com.br\/index\/wp-json\/wp\/v2\/product\/240","targetHints":{"allow":["GET"]}}],"collection":[{"href":"https:\/\/casadaluva.com.br\/index\/wp-json\/wp\/v2\/product"}],"about":[{"href":"https:\/\/casadaluva.com.br\/index\/wp-json\/wp\/v2\/types\/product"}],"wp:featuredmedia":[{"embeddable":true,"href":"https:\/\/casadaluva.com.br\/index\/wp-json\/wp\/v2\/media\/703"}],"wp:attachment":[{"href":"https:\/\/casadaluva.com.br\/index\/wp-json\/wp\/v2\/media?parent=240"}],"wp:term":[{"taxonomy":"product_brand","embeddable":true,"href":"https:\/\/casadaluva.com.br\/index\/wp-json\/wp\/v2\/product_brand?post=240"},{"taxonomy":"product_cat","embeddable":true,"href":"https:\/\/casadaluva.com.br\/index\/wp-json\/wp\/v2\/product_cat?post=240"},{"taxonomy":"product_tag","embeddable":true,"href":"https:\/\/casadaluva.com.br\/index\/wp-json\/wp\/v2\/product_tag?post=240"}],"curies":[{"name":"wp","href":"https:\/\/api.w.org\/{rel}","templated":true}]}}