{"id":250,"date":"2023-04-06T09:01:11","date_gmt":"2023-04-06T12:01:11","guid":{"rendered":"https:\/\/casadaluva.com.br\/index\/produto\/luva-nitrilica-amg-azul-violeta-tamanho-m\/"},"modified":"2026-04-10T09:20:21","modified_gmt":"2026-04-10T12:20:21","slug":"luva-nitrilica-amg-azul-violeta-tamanho-m","status":"publish","type":"product","link":"https:\/\/casadaluva.com.br\/index\/produto\/luva-nitrilica-amg-azul-violeta-tamanho-m\/","title":{"rendered":"LUVA NITRILICA AMG AZUL VIOLETA TAMANHO M"},"content":{"rendered":"<p>Apresenta\u00e7\u00e3o<\/p>\n<p>Produzida em nitrilo, com tecnologia antimicrobiana, a Luva Nitr\u00edlica Antimicrobiana AMG Medix Brasil \u00e9 a primeira e \u00fanica no mundo capaz de eliminar uma ampla gama de micr\u00f3bios, matando at\u00e9 99,99% de bact\u00e9rias* e o v\u00edrus da covid-19.<\/p>\n<p>Seu ingrediente ativo \u00e9 um fotossensibilizador que gera oxig\u00eanio singlete quando exposto \u00e0 luz. Esta subst\u00e2ncia oxida a prote\u00edna e o lip\u00eddio das bact\u00e9rias e v\u00edrus, levando-os \u00e0 morte.<\/p>\n<p>Benef\u00edcios<\/p>\n<p>Barreira de prote\u00e7\u00e3o ativa entre m\u00e3os e micro-organismos;<\/p>\n<p>Reduz infec\u00e7\u00f5es por bact\u00e9rias e contamina\u00e7\u00e3o cruzada;<\/p>\n<p>Mata at\u00e9 99,99% de bact\u00e9rias* e o v\u00edrus da covid-19;<\/p>\n<p>Primeira luva n\u00e3o lixiviante do mundo;<\/p>\n<p>Dermatologicamente testada;<\/p>\n<p>Penetra\u00e7\u00e3o viral 0%;<\/p>\n<p>N\u00e3o sensibilizante;<\/p>\n<p>Hipoalerg\u00eanica;<\/p>\n<p>Biocompat\u00edvel;<\/p>\n<p>N\u00e3o citot\u00f3xica;<\/p>\n<p>N\u00e3o irritante;<\/p>\n<p>At\u00f3xica.<\/p>\n","protected":false},"excerpt":{"rendered":"<p>Apresenta\u00e7\u00e3o Produzida em nitrilo, com tecnologia antimicrobiana, a Luva Nitr\u00edlica Antimicrobiana AMG Medix Brasil \u00e9 a primeira e \u00fanica no mundo capaz de eliminar uma ampla<span class=\"excerpt-hellip\"> [\u2026]<\/span><\/p>\n","protected":false},"featured_media":420,"template":"","meta":{"_joinchat":[]},"product_brand":[],"product_cat":[19],"product_tag":[],"class_list":{"0":"post-250","1":"product","2":"type-product","3":"status-publish","4":"has-post-thumbnail","6":"product_cat-luvas","8":"first","9":"instock","10":"shipping-taxable","11":"purchasable","12":"product-type-simple"},"_links":{"self":[{"href":"https:\/\/casadaluva.com.br\/index\/wp-json\/wp\/v2\/product\/250","targetHints":{"allow":["GET"]}}],"collection":[{"href":"https:\/\/casadaluva.com.br\/index\/wp-json\/wp\/v2\/product"}],"about":[{"href":"https:\/\/casadaluva.com.br\/index\/wp-json\/wp\/v2\/types\/product"}],"wp:featuredmedia":[{"embeddable":true,"href":"https:\/\/casadaluva.com.br\/index\/wp-json\/wp\/v2\/media\/420"}],"wp:attachment":[{"href":"https:\/\/casadaluva.com.br\/index\/wp-json\/wp\/v2\/media?parent=250"}],"wp:term":[{"taxonomy":"product_brand","embeddable":true,"href":"https:\/\/casadaluva.com.br\/index\/wp-json\/wp\/v2\/product_brand?post=250"},{"taxonomy":"product_cat","embeddable":true,"href":"https:\/\/casadaluva.com.br\/index\/wp-json\/wp\/v2\/product_cat?post=250"},{"taxonomy":"product_tag","embeddable":true,"href":"https:\/\/casadaluva.com.br\/index\/wp-json\/wp\/v2\/product_tag?post=250"}],"curies":[{"name":"wp","href":"https:\/\/api.w.org\/{rel}","templated":true}]}}