{"id":263,"date":"2023-04-06T10:56:12","date_gmt":"2023-04-06T13:56:12","guid":{"rendered":"https:\/\/casadaluva.com.br\/index\/produto\/macacao-de-protecao-quimica-azul-tam-xxg\/"},"modified":"2026-03-24T13:46:17","modified_gmt":"2026-03-24T16:46:17","slug":"macacao-de-protecao-quimica-azul-tam-xxg","status":"publish","type":"product","link":"https:\/\/casadaluva.com.br\/index\/produto\/macacao-de-protecao-quimica-azul-tam-xxg\/","title":{"rendered":"MACACAO DE PROTECAO QUIMICA AZUL TAM XXG"},"content":{"rendered":"<p>Macac\u00e3o de Prote\u00e7\u00e3o Duvek 1000 Respir\u00e1vel Azuk Com Capuz, Ziper e El\u00e1stico CA 46602<\/p>\n<p>Material: 100% polipropileno n\u00e3o texturizado, sem revestimento, gramatura 45<\/p>\n<p>Caracter\u00edsticas:<\/p>\n<p>Os macac\u00f5es Duvek 1000 s\u00e3o utilizados para proteger o usu\u00e1rio contra todos os tipos de part\u00edculas secas ou em n\u00e9voa de at\u00e9 0,5 m\u00edcron.<\/p>\n<p>N\u00e3o indicado para respingos l\u00edquidos, uma vez que n\u00e3o \u00e9 laminado.<\/p>\n<p>Possui capuz, z\u00edper\u00a0 frontal, el\u00e1stico nos punhos e nos tornozelos.<\/p>\n<p>Indica\u00e7\u00e3o:<\/p>\n<p>Constru\u00e7\u00e3o civil, casa de tintas, terraplanagem, transportadoras, mineradoras, etc.<\/p>\n<p>Opcionais: Pala, velcro, duplo z\u00edper, el\u00e1stico no capuz e el\u00e1stico na cintura.<\/p>\n","protected":false},"excerpt":{"rendered":"<p>Macac\u00e3o de Prote\u00e7\u00e3o Duvek 1000 Respir\u00e1vel Azuk Com Capuz, Ziper e El\u00e1stico CA 46602 Material: 100% polipropileno n\u00e3o texturizado, sem revestimento, gramatura 45 Caracter\u00edsticas: Os macac\u00f5es<span class=\"excerpt-hellip\"> [\u2026]<\/span><\/p>\n","protected":false},"featured_media":351,"template":"","meta":{"_joinchat":[]},"product_brand":[],"product_cat":[26],"product_tag":[],"class_list":{"0":"post-263","1":"product","2":"type-product","3":"status-publish","4":"has-post-thumbnail","6":"product_cat-vestimentas-de-seguranca","8":"first","9":"onbackorder","10":"shipping-taxable","11":"purchasable","12":"product-type-simple"},"_links":{"self":[{"href":"https:\/\/casadaluva.com.br\/index\/wp-json\/wp\/v2\/product\/263","targetHints":{"allow":["GET"]}}],"collection":[{"href":"https:\/\/casadaluva.com.br\/index\/wp-json\/wp\/v2\/product"}],"about":[{"href":"https:\/\/casadaluva.com.br\/index\/wp-json\/wp\/v2\/types\/product"}],"wp:featuredmedia":[{"embeddable":true,"href":"https:\/\/casadaluva.com.br\/index\/wp-json\/wp\/v2\/media\/351"}],"wp:attachment":[{"href":"https:\/\/casadaluva.com.br\/index\/wp-json\/wp\/v2\/media?parent=263"}],"wp:term":[{"taxonomy":"product_brand","embeddable":true,"href":"https:\/\/casadaluva.com.br\/index\/wp-json\/wp\/v2\/product_brand?post=263"},{"taxonomy":"product_cat","embeddable":true,"href":"https:\/\/casadaluva.com.br\/index\/wp-json\/wp\/v2\/product_cat?post=263"},{"taxonomy":"product_tag","embeddable":true,"href":"https:\/\/casadaluva.com.br\/index\/wp-json\/wp\/v2\/product_tag?post=263"}],"curies":[{"name":"wp","href":"https:\/\/api.w.org\/{rel}","templated":true}]}}