{"id":283,"date":"2023-04-06T11:31:39","date_gmt":"2023-04-06T14:31:39","guid":{"rendered":"https:\/\/casadaluva.com.br\/index\/produto\/bota-de-borracha-preta-cano-longo-sem-forro-41\/"},"modified":"2025-10-02T07:37:28","modified_gmt":"2025-10-02T10:37:28","slug":"bota-de-borracha-preta-cano-longo-sem-forro-41","status":"publish","type":"product","link":"https:\/\/casadaluva.com.br\/index\/produto\/bota-de-borracha-preta-cano-longo-sem-forro-41\/","title":{"rendered":"BOTA DE BORRACHA PRETA CANO LONGO SEM FORRO &#8211; 41"},"content":{"rendered":"<p><span style=\"font-family: Roboto, 'Helvetica Neue', Helvetica, Arial, \u6587\u6cc9\u9a5b\u6b63\u9ed1, 'WenQuanYi Zen Hei', 'Hiragino Sans GB', '\u5137\u9ed1 Pro', 'LiHei Pro', 'Heiti TC', \u5fae\u8edf\u6b63\u9ed1\u9ad4, 'Microsoft JhengHei UI', 'Microsoft JhengHei', sans-serif\">Cal\u00e7ado ocupacional tipo bota imperme\u00e1vel, cano longo, confeccionado em PVC na cor preta, solado com relevo antiderrapante. Resistente ao contato com sangue e gordura animal (aves, bovinos e su\u00ednos), graxas, produtos qu\u00edmicos, \u00e1cidos, solventes, hidrocarbonetos (derivados de petr\u00f3leo), fungos e bact\u00e9rias. Ind\u00fastria aliment\u00edcia como frigor\u00edficos, abatedouros, latic\u00ednios, fabricantes de bebidas, e cozinhas industriais. CA: 36942<\/span><\/p>\n","protected":false},"excerpt":{"rendered":"<p>Cal\u00e7ado ocupacional tipo bota imperme\u00e1vel, cano longo, confeccionado em PVC na cor preta, solado com relevo antiderrapante. Resistente ao contato com sangue e gordura animal (aves,<span class=\"excerpt-hellip\"> [\u2026]<\/span><\/p>\n","protected":false},"featured_media":345,"template":"","meta":{"_joinchat":[]},"product_brand":[],"product_cat":[27],"product_tag":[],"class_list":{"0":"post-283","1":"product","2":"type-product","3":"status-publish","4":"has-post-thumbnail","6":"product_cat-calcados","8":"first","9":"instock","10":"shipping-taxable","11":"purchasable","12":"product-type-simple"},"_links":{"self":[{"href":"https:\/\/casadaluva.com.br\/index\/wp-json\/wp\/v2\/product\/283","targetHints":{"allow":["GET"]}}],"collection":[{"href":"https:\/\/casadaluva.com.br\/index\/wp-json\/wp\/v2\/product"}],"about":[{"href":"https:\/\/casadaluva.com.br\/index\/wp-json\/wp\/v2\/types\/product"}],"wp:featuredmedia":[{"embeddable":true,"href":"https:\/\/casadaluva.com.br\/index\/wp-json\/wp\/v2\/media\/345"}],"wp:attachment":[{"href":"https:\/\/casadaluva.com.br\/index\/wp-json\/wp\/v2\/media?parent=283"}],"wp:term":[{"taxonomy":"product_brand","embeddable":true,"href":"https:\/\/casadaluva.com.br\/index\/wp-json\/wp\/v2\/product_brand?post=283"},{"taxonomy":"product_cat","embeddable":true,"href":"https:\/\/casadaluva.com.br\/index\/wp-json\/wp\/v2\/product_cat?post=283"},{"taxonomy":"product_tag","embeddable":true,"href":"https:\/\/casadaluva.com.br\/index\/wp-json\/wp\/v2\/product_tag?post=283"}],"curies":[{"name":"wp","href":"https:\/\/api.w.org\/{rel}","templated":true}]}}