{"id":328,"date":"2023-04-06T15:03:22","date_gmt":"2023-04-06T18:03:22","guid":{"rendered":"https:\/\/casadaluva.com.br\/index\/produto\/cartucho-quimico-gmc-msa\/"},"modified":"2025-04-04T07:42:30","modified_gmt":"2025-04-04T10:42:30","slug":"cartucho-quimico-gmc-msa","status":"publish","type":"product","link":"https:\/\/casadaluva.com.br\/index\/produto\/cartucho-quimico-gmc-msa\/","title":{"rendered":"CARTUCHO QUIMICO GMC MSA"},"content":{"rendered":"<p style=\"font-family: 'Open Sans', Arial, Helvetica, sans-serif;margin-top: 5px;padding: 0px;border: 0px;position: static;z-index: 0;color: #575663;width: auto;font-size: 16px;line-height: 1.4 !important\">Cartucho qu\u00edmico composto de recipiente alum\u00ednio, contendo carv\u00e3o ativado tratado modelo GMC. Para ser utilizado com o respirador purificador de ar de manuten\u00e7\u00e3o, reutiliz\u00e1vel, meia pe\u00e7a facial, modelo Confo II;<\/p>\n<p style=\"font-family: 'Open Sans', Arial, Helvetica, sans-serif;margin-top: 5px;padding: 0px;border: 0px;position: static;z-index: 0;color: #575663;width: auto;font-size: 16px;line-height: 1.4 !important\">\u00a0<\/p>\n<p style=\"font-family: 'Open Sans', Arial, Helvetica, sans-serif;margin-top: 5px;padding: 0px;border: 0px;position: static;z-index: 0;color: #575663;width: auto;font-size: 16px;line-height: 1.4 !important\">Classe 1- Vapores Org\u00e2nicos e Gases \u00c1cidos;<\/p>\n<p style=\"font-family: 'Open Sans', Arial, Helvetica, sans-serif;margin-top: 5px;padding: 0px;border: 0px;position: static;z-index: 0;color: #575663;width: auto;font-size: 16px;line-height: 1.4 !important\">\u00a0<\/p>\n<p style=\"font-family: 'Open Sans', Arial, Helvetica, sans-serif;margin-top: 5px;padding: 0px;border: 0px;position: static;z-index: 0;color: #575663;width: auto;font-size: 16px;line-height: 1.4 !important\">Validade de 3 anos ap\u00f3s a fabrica\u00e7\u00e3o (lacrado);<\/p>\n<p style=\"font-family: 'Open Sans', Arial, Helvetica, sans-serif;margin-top: 5px;padding: 0px;border: 0px;position: static;z-index: 0;color: #575663;width: auto;font-size: 16px;line-height: 1.4 !important\">Testado e aprovado atrav\u00e9s das normas NIOSH 42CFR84, NBR 13694\/1996 (pe\u00e7a semifacial) e NBR 13696\/1996 (filtros qu\u00edmicos e combinados).<\/p>\n<p style=\"font-family: 'Open Sans', Arial, Helvetica, sans-serif;margin-top: 5px;padding: 0px;border: 0px;position: static;z-index: 0;color: #575663;width: auto;font-size: 16px;line-height: 1.4 !important\">\u00a0<\/p>\n<p style=\"font-family: 'Open Sans', Arial, Helvetica, sans-serif;margin-top: 5px;padding: 0px;border: 0px;position: static;z-index: 0;color: #575663;width: auto;font-size: 16px;line-height: 1.4 !important\">Caracter\u00edsticas e aplicabilidades:<\/p>\n<p style=\"font-family: 'Open Sans', Arial, Helvetica, sans-serif;margin-top: 5px;padding: 0px;border: 0px;position: static;z-index: 0;color: #575663;width: auto;font-size: 16px;line-height: 1.4 !important\">Para prote\u00e7\u00e3o das vias respirat\u00f3rias do usu\u00e1rio contra vapores org\u00e2nicos e gases \u00e1cidos, conforme limite da IN-01 de 11\/04\/1994.<\/p>\n<p style=\"font-family: 'Open Sans', Arial, Helvetica, sans-serif;margin-top: 5px;padding: 0px;border: 0px;position: static;z-index: 0;color: #575663;width: auto;font-size: 16px;line-height: 1.4 !important\">\u00a0<\/p>\n<p style=\"font-family: 'Open Sans', Arial, Helvetica, sans-serif;margin-top: 5px;padding: 0px;border: 0px;position: static;z-index: 0;color: #575663;width: auto;font-size: 16px;line-height: 1.4 !important\">Ap\u00f3s aberto, por recomenda\u00e7\u00e3o do fabricante, o cartucho deve ser substitu\u00eddo em at\u00e9 6 meses ou quando houver satura\u00e7\u00e3o do carv\u00e3o ativado (percept\u00edvel pelo olfato).<\/p>\n<p style=\"font-family: 'Open Sans', Arial, Helvetica, sans-serif;margin-top: 5px;padding: 0px;border: 0px;position: static;z-index: 0;color: #575663;width: auto;font-size: 16px;line-height: 1.4 !important\">\u00a0<\/p>\n<p style=\"font-family: 'Open Sans', Arial, Helvetica, sans-serif;margin-top: 5px;padding: 0px;border: 0px;position: static;z-index: 0;color: #575663;width: auto;font-size: 16px;line-height: 1.4 !important\">N\u00e3o deve ser utilizado em atmosferas que contenham menos de 18% de oxig\u00eanio e situa\u00e7\u00f5es com concentra\u00e7\u00f5es IPVS (Imediatamente Perigoso para a Vida e a Sa\u00fade).<\/p>\n","protected":false},"excerpt":{"rendered":"<p>Cartucho qu\u00edmico composto de recipiente alum\u00ednio, contendo carv\u00e3o ativado tratado modelo GMC. Para ser utilizado com o respirador purificador de ar de manuten\u00e7\u00e3o, reutiliz\u00e1vel, meia pe\u00e7a<span class=\"excerpt-hellip\"> [\u2026]<\/span><\/p>\n","protected":false},"featured_media":327,"template":"","meta":{"_joinchat":[]},"product_brand":[],"product_cat":[29],"product_tag":[],"class_list":{"0":"post-328","1":"product","2":"type-product","3":"status-publish","4":"has-post-thumbnail","6":"product_cat-respiradores","8":"first","9":"onbackorder","10":"shipping-taxable","11":"purchasable","12":"product-type-simple"},"_links":{"self":[{"href":"https:\/\/casadaluva.com.br\/index\/wp-json\/wp\/v2\/product\/328","targetHints":{"allow":["GET"]}}],"collection":[{"href":"https:\/\/casadaluva.com.br\/index\/wp-json\/wp\/v2\/product"}],"about":[{"href":"https:\/\/casadaluva.com.br\/index\/wp-json\/wp\/v2\/types\/product"}],"wp:featuredmedia":[{"embeddable":true,"href":"https:\/\/casadaluva.com.br\/index\/wp-json\/wp\/v2\/media\/327"}],"wp:attachment":[{"href":"https:\/\/casadaluva.com.br\/index\/wp-json\/wp\/v2\/media?parent=328"}],"wp:term":[{"taxonomy":"product_brand","embeddable":true,"href":"https:\/\/casadaluva.com.br\/index\/wp-json\/wp\/v2\/product_brand?post=328"},{"taxonomy":"product_cat","embeddable":true,"href":"https:\/\/casadaluva.com.br\/index\/wp-json\/wp\/v2\/product_cat?post=328"},{"taxonomy":"product_tag","embeddable":true,"href":"https:\/\/casadaluva.com.br\/index\/wp-json\/wp\/v2\/product_tag?post=328"}],"curies":[{"name":"wp","href":"https:\/\/api.w.org\/{rel}","templated":true}]}}