{"id":465,"date":"2023-04-06T16:25:22","date_gmt":"2023-04-06T19:25:22","guid":{"rendered":"https:\/\/casadaluva.com.br\/index\/produto\/luva-anti-corte-ss1007-resistencia-super-safety-tam-g\/"},"modified":"2026-04-10T10:20:17","modified_gmt":"2026-04-10T13:20:17","slug":"luva-anti-corte-ss1007-resistencia-super-safety-tam-g","status":"publish","type":"product","link":"https:\/\/casadaluva.com.br\/index\/produto\/luva-anti-corte-ss1007-resistencia-super-safety-tam-g\/","title":{"rendered":"LUVA ANTI CORTE SS1007 RESISTENCIA SUPER SAFETY TAM G"},"content":{"rendered":"<p>Luva Para Corte Super Safety SS1007-N CA 32039<\/p>\n<p>Descri\u00e7\u00e3o:<\/p>\n<p>A super safety lan\u00e7a no mercado uma luva de alta qualidade com tato, destreza e prote\u00e7\u00e3o n\u00edvel 5 de corte, com melhor pre\u00e7o do mercado em rela\u00e7\u00e3o a luvas da mesma linha. Pre\u00e7o excelente para substitui\u00e7\u00e3o de luvas de marcas mais caras e com o mesmo n\u00edvel de prote\u00e7\u00e3o. Ideal para atividades de corte e atividades com ou sem \u00f3leo devido ao banho nitr\u00edlico na palma. Proporcionam impermeabilidade e permitem o manuseio de produtos qu\u00edmicos. \u00c9 ideal para atividades combinadas que requerem prote\u00e7\u00e3o qu\u00edmica e ao corte.<\/p>\n<p>Vantagens:<\/p>\n<p>Luvas de seguran\u00e7a, confeccionadas com fios de elastano e fibra de vidro com polietileno (hppe \u2013 polietileno de alta densidade), revestida com l\u00e1tex nitr\u00edlico SAND, face palmar e pontas dos dedos, punho com elastano, formatos anat\u00f4mico.<\/p>\n<p>Composi\u00e7\u00e3o: Hppe, fibra de vidro e poliuretano<\/p>\n<p>Acabamento: L\u00e1tex Nitr\u00edlico antiderrapante<\/p>\n<p>Cor: Cinza e Preto<\/p>\n","protected":false},"excerpt":{"rendered":"<p>Luva Para Corte Super Safety SS1007-N CA 32039 Descri\u00e7\u00e3o: A super safety lan\u00e7a no mercado uma luva de alta qualidade com tato, destreza e prote\u00e7\u00e3o n\u00edvel<span class=\"excerpt-hellip\"> [\u2026]<\/span><\/p>\n","protected":false},"featured_media":464,"template":"","meta":{"_joinchat":[]},"product_brand":[],"product_cat":[19],"product_tag":[],"class_list":{"0":"post-465","1":"product","2":"type-product","3":"status-publish","4":"has-post-thumbnail","6":"product_cat-luvas","8":"first","9":"instock","10":"shipping-taxable","11":"purchasable","12":"product-type-simple"},"_links":{"self":[{"href":"https:\/\/casadaluva.com.br\/index\/wp-json\/wp\/v2\/product\/465","targetHints":{"allow":["GET"]}}],"collection":[{"href":"https:\/\/casadaluva.com.br\/index\/wp-json\/wp\/v2\/product"}],"about":[{"href":"https:\/\/casadaluva.com.br\/index\/wp-json\/wp\/v2\/types\/product"}],"wp:featuredmedia":[{"embeddable":true,"href":"https:\/\/casadaluva.com.br\/index\/wp-json\/wp\/v2\/media\/464"}],"wp:attachment":[{"href":"https:\/\/casadaluva.com.br\/index\/wp-json\/wp\/v2\/media?parent=465"}],"wp:term":[{"taxonomy":"product_brand","embeddable":true,"href":"https:\/\/casadaluva.com.br\/index\/wp-json\/wp\/v2\/product_brand?post=465"},{"taxonomy":"product_cat","embeddable":true,"href":"https:\/\/casadaluva.com.br\/index\/wp-json\/wp\/v2\/product_cat?post=465"},{"taxonomy":"product_tag","embeddable":true,"href":"https:\/\/casadaluva.com.br\/index\/wp-json\/wp\/v2\/product_tag?post=465"}],"curies":[{"name":"wp","href":"https:\/\/api.w.org\/{rel}","templated":true}]}}