{"id":477,"date":"2023-04-06T16:30:05","date_gmt":"2023-04-06T19:30:05","guid":{"rendered":"https:\/\/casadaluva.com.br\/index\/produto\/protetor-auditivo-silicone-freitas\/"},"modified":"2024-08-23T15:29:35","modified_gmt":"2024-08-23T18:29:35","slug":"protetor-auditivo-silicone-freitas","status":"publish","type":"product","link":"https:\/\/casadaluva.com.br\/index\/produto\/protetor-auditivo-silicone-freitas\/","title":{"rendered":"PROTETOR AUDITIVO SILICONE FREITAS"},"content":{"rendered":"<p>Plug de Silicone<\/p>\n<p>Refer\u00eancia: F001<\/p>\n<p>C.A.: 18.189<\/p>\n<p>Descri\u00e7\u00e3o:<\/p>\n<p>Protetor Auditivo de Seguran\u00e7a, tipo plug de Tr\u00eas Flanges, confeccionado em silicone na cor Salm\u00e3o e Amarelo, at\u00f3xico\/antial\u00e9rgico, tamanho \u00fanico, com ou sem cord\u00e3o.<\/p>\n<p>Conserva\u00e7\u00e3o e Higieniza\u00e7\u00e3o:<\/p>\n<p>Deixar armazenado na embalagem de origem e manter sempre em local de temperatura ambiente.<\/p>\n<p>Higienizar com \u00e1gua fria e sab\u00e3o neutro.<\/p>\n","protected":false},"excerpt":{"rendered":"<p>Plug de Silicone Refer\u00eancia: F001 C.A.: 18.189 Descri\u00e7\u00e3o: Protetor Auditivo de Seguran\u00e7a, tipo plug de Tr\u00eas Flanges, confeccionado em silicone na cor Salm\u00e3o e Amarelo, at\u00f3xico\/antial\u00e9rgico,<span class=\"excerpt-hellip\"> [\u2026]<\/span><\/p>\n","protected":false},"featured_media":476,"template":"","meta":{"_joinchat":[]},"product_brand":[],"product_cat":[32],"product_tag":[],"class_list":{"0":"post-477","1":"product","2":"type-product","3":"status-publish","4":"has-post-thumbnail","6":"product_cat-protetores-auditivos","8":"first","9":"onbackorder","10":"shipping-taxable","11":"purchasable","12":"product-type-simple"},"_links":{"self":[{"href":"https:\/\/casadaluva.com.br\/index\/wp-json\/wp\/v2\/product\/477","targetHints":{"allow":["GET"]}}],"collection":[{"href":"https:\/\/casadaluva.com.br\/index\/wp-json\/wp\/v2\/product"}],"about":[{"href":"https:\/\/casadaluva.com.br\/index\/wp-json\/wp\/v2\/types\/product"}],"wp:featuredmedia":[{"embeddable":true,"href":"https:\/\/casadaluva.com.br\/index\/wp-json\/wp\/v2\/media\/476"}],"wp:attachment":[{"href":"https:\/\/casadaluva.com.br\/index\/wp-json\/wp\/v2\/media?parent=477"}],"wp:term":[{"taxonomy":"product_brand","embeddable":true,"href":"https:\/\/casadaluva.com.br\/index\/wp-json\/wp\/v2\/product_brand?post=477"},{"taxonomy":"product_cat","embeddable":true,"href":"https:\/\/casadaluva.com.br\/index\/wp-json\/wp\/v2\/product_cat?post=477"},{"taxonomy":"product_tag","embeddable":true,"href":"https:\/\/casadaluva.com.br\/index\/wp-json\/wp\/v2\/product_tag?post=477"}],"curies":[{"name":"wp","href":"https:\/\/api.w.org\/{rel}","templated":true}]}}