{"id":481,"date":"2023-04-06T16:34:09","date_gmt":"2023-04-06T19:34:09","guid":{"rendered":"https:\/\/casadaluva.com.br\/index\/produto\/luva-de-polietileno-longa-azul-c-100\/"},"modified":"2026-03-17T07:20:56","modified_gmt":"2026-03-17T10:20:56","slug":"luva-de-polietileno-longa-azul-c-100","status":"publish","type":"product","link":"https:\/\/casadaluva.com.br\/index\/produto\/luva-de-polietileno-longa-azul-c-100\/","title":{"rendered":"LUVA DE POLIETILENO LONGA AZUL C\/ 100"},"content":{"rendered":"<p>Descri\u00e7\u00e3o<\/p>\n<p>Luva de seguran\u00e7a confeccionada em resina de polietileno, isento de componentes met\u00e1licos, lisa, com el\u00e1stico, cano longo.<\/p>\n<p>Especifica\u00e7\u00f5es<\/p>\n<p>CA: 37619<\/p>\n<p>RESIST\u00caNCIA QU\u00cdMICA \u2013 EN374 \u2013 Tipo B \u2013 Desempenho K6L2N3O4P6<\/p>\n<p>Comprimento: 65cm<\/p>\n<p>Tamanhos: \u00danico<\/p>\n<p>Uso: Descart\u00e1vel<\/p>\n<p>Aplica\u00e7\u00f5es<\/p>\n<p>Atividades onde seja necess\u00e1rio prote\u00e7\u00e3o do produto como em processamento de carnes in natura, massas, chocolates, castanha e outros alimentos. An\u00e1lise de qualidade, tratamento est\u00e9tico entre outros.<\/p>\n","protected":false},"excerpt":{"rendered":"<p>Descri\u00e7\u00e3o Luva de seguran\u00e7a confeccionada em resina de polietileno, isento de componentes met\u00e1licos, lisa, com el\u00e1stico, cano longo. Especifica\u00e7\u00f5es CA: 37619 RESIST\u00caNCIA QU\u00cdMICA \u2013 EN374 \u2013<span class=\"excerpt-hellip\"> [\u2026]<\/span><\/p>\n","protected":false},"featured_media":480,"template":"","meta":{"_joinchat":[]},"product_brand":[],"product_cat":[19],"product_tag":[],"class_list":{"0":"post-481","1":"product","2":"type-product","3":"status-publish","4":"has-post-thumbnail","6":"product_cat-luvas","8":"first","9":"onbackorder","10":"shipping-taxable","11":"purchasable","12":"product-type-simple"},"_links":{"self":[{"href":"https:\/\/casadaluva.com.br\/index\/wp-json\/wp\/v2\/product\/481","targetHints":{"allow":["GET"]}}],"collection":[{"href":"https:\/\/casadaluva.com.br\/index\/wp-json\/wp\/v2\/product"}],"about":[{"href":"https:\/\/casadaluva.com.br\/index\/wp-json\/wp\/v2\/types\/product"}],"wp:featuredmedia":[{"embeddable":true,"href":"https:\/\/casadaluva.com.br\/index\/wp-json\/wp\/v2\/media\/480"}],"wp:attachment":[{"href":"https:\/\/casadaluva.com.br\/index\/wp-json\/wp\/v2\/media?parent=481"}],"wp:term":[{"taxonomy":"product_brand","embeddable":true,"href":"https:\/\/casadaluva.com.br\/index\/wp-json\/wp\/v2\/product_brand?post=481"},{"taxonomy":"product_cat","embeddable":true,"href":"https:\/\/casadaluva.com.br\/index\/wp-json\/wp\/v2\/product_cat?post=481"},{"taxonomy":"product_tag","embeddable":true,"href":"https:\/\/casadaluva.com.br\/index\/wp-json\/wp\/v2\/product_tag?post=481"}],"curies":[{"name":"wp","href":"https:\/\/api.w.org\/{rel}","templated":true}]}}