{"id":490,"date":"2023-04-06T16:42:49","date_gmt":"2023-04-06T19:42:49","guid":{"rendered":"https:\/\/casadaluva.com.br\/index\/produto\/luva-de-vaqueta-petroleira-conforto\/"},"modified":"2026-04-11T10:34:10","modified_gmt":"2026-04-11T13:34:10","slug":"luva-de-vaqueta-petroleira-conforto","status":"publish","type":"product","link":"https:\/\/casadaluva.com.br\/index\/produto\/luva-de-vaqueta-petroleira-conforto\/","title":{"rendered":"LUVA DE VAQUETA PETROLEIRA CONFORTO"},"content":{"rendered":"<p>Luva de prote\u00e7\u00e3o modelo petroleira confeccionada em vaqueta integral, espessura 8\/10 linhas, com refor\u00e7o interno na palma e tira de refor\u00e7o interno entre o polegar e o indicador. Possui el\u00e1stico de ajuste no dorso. Acabamento do punho em vi\u00e9s. Indicada para prote\u00e7\u00e3o das m\u00e3os em servi\u00e7os gerais que apresentem riscos de natureza m\u00e9dia e onde haja contato com materiais abrasivos e\/ou escoriantes.\u200b<\/p>\n","protected":false},"excerpt":{"rendered":"<p>Luva de prote\u00e7\u00e3o modelo petroleira confeccionada em vaqueta integral, espessura 8\/10 linhas, com refor\u00e7o interno na palma e tira de refor\u00e7o interno entre o polegar e<span class=\"excerpt-hellip\"> [\u2026]<\/span><\/p>\n","protected":false},"featured_media":638,"template":"","meta":{"_joinchat":[]},"product_brand":[],"product_cat":[35],"product_tag":[],"class_list":{"0":"post-490","1":"product","2":"type-product","3":"status-publish","4":"has-post-thumbnail","6":"product_cat-obras","8":"first","9":"onbackorder","10":"shipping-taxable","11":"purchasable","12":"product-type-simple"},"_links":{"self":[{"href":"https:\/\/casadaluva.com.br\/index\/wp-json\/wp\/v2\/product\/490","targetHints":{"allow":["GET"]}}],"collection":[{"href":"https:\/\/casadaluva.com.br\/index\/wp-json\/wp\/v2\/product"}],"about":[{"href":"https:\/\/casadaluva.com.br\/index\/wp-json\/wp\/v2\/types\/product"}],"wp:featuredmedia":[{"embeddable":true,"href":"https:\/\/casadaluva.com.br\/index\/wp-json\/wp\/v2\/media\/638"}],"wp:attachment":[{"href":"https:\/\/casadaluva.com.br\/index\/wp-json\/wp\/v2\/media?parent=490"}],"wp:term":[{"taxonomy":"product_brand","embeddable":true,"href":"https:\/\/casadaluva.com.br\/index\/wp-json\/wp\/v2\/product_brand?post=490"},{"taxonomy":"product_cat","embeddable":true,"href":"https:\/\/casadaluva.com.br\/index\/wp-json\/wp\/v2\/product_cat?post=490"},{"taxonomy":"product_tag","embeddable":true,"href":"https:\/\/casadaluva.com.br\/index\/wp-json\/wp\/v2\/product_tag?post=490"}],"curies":[{"name":"wp","href":"https:\/\/api.w.org\/{rel}","templated":true}]}}