{"id":492,"date":"2023-04-06T16:48:42","date_gmt":"2023-04-06T19:48:42","guid":{"rendered":"https:\/\/casadaluva.com.br\/index\/produto\/luva-de-vaqueta-com-punho-de-raspa\/"},"modified":"2024-08-23T15:29:35","modified_gmt":"2024-08-23T18:29:35","slug":"luva-de-vaqueta-com-punho-de-raspa","status":"publish","type":"product","link":"https:\/\/casadaluva.com.br\/index\/produto\/luva-de-vaqueta-com-punho-de-raspa\/","title":{"rendered":"LUVA DE VAQUETA COM PUNHO DE RASPA"},"content":{"rendered":"<p>Descri\u00e7\u00e3o:<\/p>\n<p>Luva de seguran\u00e7a confeccionada em vaqueta, el\u00e1stico no dorso para ajustes, modelo petroleira. Luva de Vaqueta Com Punho de Raspa \u00e9 ideal para os usu\u00e1rios que necessitam de uma prote\u00e7\u00e3o refor\u00e7ada contra cortes e agentes abrasivos, ela tem a prote\u00e7\u00e3o das m\u00e3os e do antebra\u00e7o. \u00c9 muito usada tamb\u00e9m para pr\u00e1tica de solda ou soldador, fabricada com couro de boa qualidade e o principal como na maioria das luvas de vaqueta os dedos ficam sem nenhuma simetria e acabam incomodando os dedos em um certo tempo de uso. A Luva de Vaqueta Com Punho de Raspa j\u00e1 \u00e9 fabricada com os dedos em uma simetria mais perfeita com o formato da sua m\u00e3o e com isso a luva resiste mais ao tempo e o conforto maior rende muito mais no trabalho.<\/p>\n<p>Caracter\u00edsticas:<\/p>\n<p>Luva de prote\u00e7\u00e3o, confeccionada em vaqueta integral, modelo soldador, com refor\u00e7o na palma, com punho em 15 cm confeccionado em raspa. Possui el\u00e1stico de ajuste no dorso.<\/p>\n","protected":false},"excerpt":{"rendered":"<p>Descri\u00e7\u00e3o: Luva de seguran\u00e7a confeccionada em vaqueta, el\u00e1stico no dorso para ajustes, modelo petroleira. Luva de Vaqueta Com Punho de Raspa \u00e9 ideal para os usu\u00e1rios<span class=\"excerpt-hellip\"> [\u2026]<\/span><\/p>\n","protected":false},"featured_media":491,"template":"","meta":{"_joinchat":[]},"product_brand":[],"product_cat":[19],"product_tag":[],"class_list":{"0":"post-492","1":"product","2":"type-product","3":"status-publish","4":"has-post-thumbnail","6":"product_cat-luvas","8":"first","9":"onbackorder","10":"shipping-taxable","11":"purchasable","12":"product-type-simple"},"_links":{"self":[{"href":"https:\/\/casadaluva.com.br\/index\/wp-json\/wp\/v2\/product\/492","targetHints":{"allow":["GET"]}}],"collection":[{"href":"https:\/\/casadaluva.com.br\/index\/wp-json\/wp\/v2\/product"}],"about":[{"href":"https:\/\/casadaluva.com.br\/index\/wp-json\/wp\/v2\/types\/product"}],"wp:featuredmedia":[{"embeddable":true,"href":"https:\/\/casadaluva.com.br\/index\/wp-json\/wp\/v2\/media\/491"}],"wp:attachment":[{"href":"https:\/\/casadaluva.com.br\/index\/wp-json\/wp\/v2\/media?parent=492"}],"wp:term":[{"taxonomy":"product_brand","embeddable":true,"href":"https:\/\/casadaluva.com.br\/index\/wp-json\/wp\/v2\/product_brand?post=492"},{"taxonomy":"product_cat","embeddable":true,"href":"https:\/\/casadaluva.com.br\/index\/wp-json\/wp\/v2\/product_cat?post=492"},{"taxonomy":"product_tag","embeddable":true,"href":"https:\/\/casadaluva.com.br\/index\/wp-json\/wp\/v2\/product_tag?post=492"}],"curies":[{"name":"wp","href":"https:\/\/api.w.org\/{rel}","templated":true}]}}