{"id":496,"date":"2023-04-06T17:11:34","date_gmt":"2023-04-06T20:11:34","guid":{"rendered":"https:\/\/casadaluva.com.br\/index\/produto\/luva-isolante-alta-tensao-25kv-500v-classe-00-tamanho-9\/"},"modified":"2024-06-06T16:40:27","modified_gmt":"2024-06-06T19:40:27","slug":"luva-isolante-alta-tensao-25kv-500v-classe-00-tamanho-9","status":"publish","type":"product","link":"https:\/\/casadaluva.com.br\/index\/produto\/luva-isolante-alta-tensao-25kv-500v-classe-00-tamanho-9\/","title":{"rendered":"LUVA ISOLANTE ALTA TENS\u00c3O 2,5KV 500V CLASSE 00 TAMANHO 9"},"content":{"rendered":"<p>Luva Isolante de Borracha Alta Tens\u00e3o Preta Tipo II Orion Classe 00 2.500 Volts<\/p>\n<p>Descri\u00e7\u00e3o:<\/p>\n<p>As luvas isolantes de borracha Orion s\u00e3o fabricadas de acordo com as normas NBR 10622\/NBR 16295\/ ASTM D120 e oferecem prote\u00e7\u00e3o contra choques el\u00e9tricos, les\u00f5es s\u00e9rias ou at\u00e9 fatais. Produzidas com composto de baixa propaga\u00e7\u00e3o de chamas.<\/p>\n<p>Vantagens:<\/p>\n<p>\u2022 Alta qualidade;<\/p>\n<p>\u2022 Maior durabilidade e resist\u00eancia;<\/p>\n<p>\u2022 Prote\u00e7\u00e3o.<\/p>\n","protected":false},"excerpt":{"rendered":"<p>Luva Isolante de Borracha Alta Tens\u00e3o Preta Tipo II Orion Classe 00 2.500 Volts Descri\u00e7\u00e3o: As luvas isolantes de borracha Orion s\u00e3o fabricadas de acordo com<span class=\"excerpt-hellip\"> [\u2026]<\/span><\/p>\n","protected":false},"featured_media":495,"template":"","meta":{"_joinchat":[]},"product_brand":[],"product_cat":[19],"product_tag":[],"class_list":{"0":"post-496","1":"product","2":"type-product","3":"status-publish","4":"has-post-thumbnail","6":"product_cat-luvas","8":"first","9":"onbackorder","10":"shipping-taxable","11":"purchasable","12":"product-type-simple"},"_links":{"self":[{"href":"https:\/\/casadaluva.com.br\/index\/wp-json\/wp\/v2\/product\/496","targetHints":{"allow":["GET"]}}],"collection":[{"href":"https:\/\/casadaluva.com.br\/index\/wp-json\/wp\/v2\/product"}],"about":[{"href":"https:\/\/casadaluva.com.br\/index\/wp-json\/wp\/v2\/types\/product"}],"wp:featuredmedia":[{"embeddable":true,"href":"https:\/\/casadaluva.com.br\/index\/wp-json\/wp\/v2\/media\/495"}],"wp:attachment":[{"href":"https:\/\/casadaluva.com.br\/index\/wp-json\/wp\/v2\/media?parent=496"}],"wp:term":[{"taxonomy":"product_brand","embeddable":true,"href":"https:\/\/casadaluva.com.br\/index\/wp-json\/wp\/v2\/product_brand?post=496"},{"taxonomy":"product_cat","embeddable":true,"href":"https:\/\/casadaluva.com.br\/index\/wp-json\/wp\/v2\/product_cat?post=496"},{"taxonomy":"product_tag","embeddable":true,"href":"https:\/\/casadaluva.com.br\/index\/wp-json\/wp\/v2\/product_tag?post=496"}],"curies":[{"name":"wp","href":"https:\/\/api.w.org\/{rel}","templated":true}]}}