{"id":498,"date":"2023-04-06T17:15:54","date_gmt":"2023-04-06T20:15:54","guid":{"rendered":"https:\/\/casadaluva.com.br\/index\/produto\/corrente-plastica-zebrada-amarelo-preto-elo-pequeno\/"},"modified":"2023-12-02T07:25:00","modified_gmt":"2023-12-02T10:25:00","slug":"corrente-plastica-zebrada-amarelo-preto-elo-pequeno","status":"publish","type":"product","link":"https:\/\/casadaluva.com.br\/index\/produto\/corrente-plastica-zebrada-amarelo-preto-elo-pequeno\/","title":{"rendered":"CORRENTE PLASTICA ZEBRADA AMARELO\/PRETO ELO PEQUENO"},"content":{"rendered":"<p><strong style=\"color: #404c58;font-family: Lato, sans-serif;text-align: justify\">Descri\u00e7\u00e3o do produto:<\/strong><br style=\"color: #404c58;font-family: Lato, sans-serif;text-align: justify\" \/><br style=\"color: #404c58;font-family: Lato, sans-serif;text-align: justify\" \/><span style=\"color: #404c58;font-family: Lato, sans-serif;text-align: justify\">Corrente Pl\u00e1stica \u00e9 um produto vers\u00e1til e muito importante para a sinaliza\u00e7\u00e3o, utilizada em diversos tipos de aplica\u00e7\u00f5es industriais e comerciais.<\/span><br style=\"color: #404c58;font-family: Lato, sans-serif;text-align: justify\" \/><span style=\"color: #404c58;font-family: Lato, sans-serif;text-align: justify\">Pode ser utilizada tanto internamente, quanto externamente, isso porque ela possui resist\u00eancia a intemp\u00e9ries como sol e chuva.<\/span><br style=\"color: #404c58;font-family: Lato, sans-serif;text-align: justify\" \/><span style=\"color: #404c58;font-family: Lato, sans-serif;text-align: justify\">Utilizada para\u00a0delimitar e sinalizar\u00a0\u00e1reas, impedindo a circula\u00e7\u00e3o\u00a0em locais inapropriados e auxiliando na organiza\u00e7\u00e3o do espa\u00e7o.<\/span><br style=\"color: #404c58;font-family: Lato, sans-serif;text-align: justify\" \/><br style=\"color: #404c58;font-family: Lato, sans-serif;text-align: justify\" \/><strong style=\"color: #404c58;font-family: Lato, sans-serif;text-align: justify\">Dimens\u00f5es do Elo:<\/strong><span style=\"color: #404c58;font-family: Lato, sans-serif;text-align: justify\">37x20x6mm.<\/span><\/p>\n","protected":false},"excerpt":{"rendered":"<p>Descri\u00e7\u00e3o do produto:Corrente Pl\u00e1stica \u00e9 um produto vers\u00e1til e muito importante para a sinaliza\u00e7\u00e3o, utilizada em diversos tipos de aplica\u00e7\u00f5es industriais e comerciais.Pode ser utilizada tanto<span class=\"excerpt-hellip\"> [\u2026]<\/span><\/p>\n","protected":false},"featured_media":497,"template":"","meta":{"_joinchat":[]},"product_brand":[],"product_cat":[33],"product_tag":[],"class_list":{"0":"post-498","1":"product","2":"type-product","3":"status-publish","4":"has-post-thumbnail","6":"product_cat-variedades","8":"first","9":"instock","10":"shipping-taxable","11":"purchasable","12":"product-type-simple"},"_links":{"self":[{"href":"https:\/\/casadaluva.com.br\/index\/wp-json\/wp\/v2\/product\/498","targetHints":{"allow":["GET"]}}],"collection":[{"href":"https:\/\/casadaluva.com.br\/index\/wp-json\/wp\/v2\/product"}],"about":[{"href":"https:\/\/casadaluva.com.br\/index\/wp-json\/wp\/v2\/types\/product"}],"wp:featuredmedia":[{"embeddable":true,"href":"https:\/\/casadaluva.com.br\/index\/wp-json\/wp\/v2\/media\/497"}],"wp:attachment":[{"href":"https:\/\/casadaluva.com.br\/index\/wp-json\/wp\/v2\/media?parent=498"}],"wp:term":[{"taxonomy":"product_brand","embeddable":true,"href":"https:\/\/casadaluva.com.br\/index\/wp-json\/wp\/v2\/product_brand?post=498"},{"taxonomy":"product_cat","embeddable":true,"href":"https:\/\/casadaluva.com.br\/index\/wp-json\/wp\/v2\/product_cat?post=498"},{"taxonomy":"product_tag","embeddable":true,"href":"https:\/\/casadaluva.com.br\/index\/wp-json\/wp\/v2\/product_tag?post=498"}],"curies":[{"name":"wp","href":"https:\/\/api.w.org\/{rel}","templated":true}]}}