{"id":512,"date":"2023-05-24T15:33:53","date_gmt":"2023-05-24T18:33:53","guid":{"rendered":"https:\/\/casadaluva.com.br\/index\/produto\/mosquetao-oval-carbografite-trava-dupla-25kn\/"},"modified":"2023-05-24T15:33:53","modified_gmt":"2023-05-24T18:33:53","slug":"mosquetao-oval-carbografite-trava-dupla-25kn","status":"publish","type":"product","link":"https:\/\/casadaluva.com.br\/index\/produto\/mosquetao-oval-carbografite-trava-dupla-25kn\/","title":{"rendered":"MOSQUETAO OVAL CARBOGRAFITE TRAVA DUPLA 25KN"},"content":{"rendered":"<p><span style=\"font-family: 'Open Sans', sans-serif;font-size: 16px\">Mosquet\u00e3o do tipo oval \u00e9 fabricado em a\u00e7o bicromatizado resistente. Possui trava dupla do tipo rosca e conta com carga m\u00e1xima de trabalho de at\u00e9 25kN e abertura de 18mm.<\/span><br style=\"margin: 0px;padding: 0px;border: none;font-family: 'Open Sans', sans-serif;font-size: 16px\" \/><br style=\"margin: 0px;padding: 0px;border: none;font-family: 'Open Sans', sans-serif;font-size: 16px\" \/><span style=\"font-family: 'Open Sans', sans-serif;font-size: 16px\">&#8211; Mosquet\u00e3o do tipo oval<\/span><br style=\"margin: 0px;padding: 0px;border: none;font-family: 'Open Sans', sans-serif;font-size: 16px\" \/><span style=\"font-family: 'Open Sans', sans-serif;font-size: 16px\">&#8211; Abertura: 18mm<\/span><br style=\"margin: 0px;padding: 0px;border: none;font-family: 'Open Sans', sans-serif;font-size: 16px\" \/><span style=\"font-family: 'Open Sans', sans-serif;font-size: 16px\">&#8211; Trava: dupla tipo rosca<\/span><br style=\"margin: 0px;padding: 0px;border: none;font-family: 'Open Sans', sans-serif;font-size: 16px\" \/><span style=\"font-family: 'Open Sans', sans-serif;font-size: 16px\">&#8211; Carga m\u00e1xima de trabalho: 25kN<\/span><span style=\"font-family: 'Open Sans', sans-serif;font-size: 16px\"><\/span><\/p>\n","protected":false},"excerpt":{"rendered":"<p>Mosquet\u00e3o do tipo oval \u00e9 fabricado em a\u00e7o bicromatizado resistente. Possui trava dupla do tipo rosca e conta com carga m\u00e1xima de trabalho de at\u00e9 25kN<span class=\"excerpt-hellip\"> [\u2026]<\/span><\/p>\n","protected":false},"featured_media":511,"template":"","meta":{"_joinchat":[]},"product_brand":[],"product_cat":[30],"product_tag":[],"class_list":{"0":"post-512","1":"product","2":"type-product","3":"status-publish","4":"has-post-thumbnail","6":"product_cat-altura","8":"first","9":"outofstock","10":"shipping-taxable","11":"purchasable","12":"product-type-simple"},"_links":{"self":[{"href":"https:\/\/casadaluva.com.br\/index\/wp-json\/wp\/v2\/product\/512","targetHints":{"allow":["GET"]}}],"collection":[{"href":"https:\/\/casadaluva.com.br\/index\/wp-json\/wp\/v2\/product"}],"about":[{"href":"https:\/\/casadaluva.com.br\/index\/wp-json\/wp\/v2\/types\/product"}],"wp:featuredmedia":[{"embeddable":true,"href":"https:\/\/casadaluva.com.br\/index\/wp-json\/wp\/v2\/media\/511"}],"wp:attachment":[{"href":"https:\/\/casadaluva.com.br\/index\/wp-json\/wp\/v2\/media?parent=512"}],"wp:term":[{"taxonomy":"product_brand","embeddable":true,"href":"https:\/\/casadaluva.com.br\/index\/wp-json\/wp\/v2\/product_brand?post=512"},{"taxonomy":"product_cat","embeddable":true,"href":"https:\/\/casadaluva.com.br\/index\/wp-json\/wp\/v2\/product_cat?post=512"},{"taxonomy":"product_tag","embeddable":true,"href":"https:\/\/casadaluva.com.br\/index\/wp-json\/wp\/v2\/product_tag?post=512"}],"curies":[{"name":"wp","href":"https:\/\/api.w.org\/{rel}","templated":true}]}}