{"id":514,"date":"2023-05-24T16:22:28","date_gmt":"2023-05-24T19:22:28","guid":{"rendered":"https:\/\/casadaluva.com.br\/index\/produto\/protetor-solar-labial-sensiblock-fps-80-15g\/"},"modified":"2026-01-14T10:42:22","modified_gmt":"2026-01-14T13:42:22","slug":"protetor-solar-labial-sensiblock-fps-80-15g","status":"publish","type":"product","link":"https:\/\/casadaluva.com.br\/index\/produto\/protetor-solar-labial-sensiblock-fps-80-15g\/","title":{"rendered":"PROTETOR SOLAR LABIAL SENSIBLOCK FPS 80 15G"},"content":{"rendered":"<p style=\"font-size: 0.9rem;margin-top: 0.5em;margin-bottom: 0.5em;padding: 0px\"><span style=\"color: inherit !important;font-family: inherit !important;font-size: inherit !important\"><span style=\"font-family: inherit !important;font-weight: bold;color: inherit !important;font-size: inherit !important\">DESCRI\u00c7\u00c3O:<\/span><\/span><\/p>\n<p style=\"font-size: 0.9rem;margin-top: 0.5em;margin-bottom: 0.5em;padding: 0px\"><span style=\"color: inherit !important;font-family: inherit !important;font-size: inherit !important\">Protetor Solar para l\u00e1bios e partes sens\u00edveis SENSI FPS 80 eficaz contra a a\u00e7\u00e3o nociva das radia\u00e7\u00f5es UVA e UVB. Cont\u00e9m filtros solares com prote\u00e7\u00e3o de n\u00edvel 80, protegendo a pele 80 vezes mais do que se o mesmo n\u00e3o tivesse sido aplicado. FPUVA 28,7.<\/span><\/p>\n<p style=\"font-size: 0.9rem;margin-top: 0.5em;margin-bottom: 0.5em;padding: 0px\"><span style=\"color: inherit !important;font-family: inherit !important;font-size: inherit !important\">Indica\u00e7\u00e3o:<\/span><\/p>\n<p style=\"font-size: 0.9rem;margin-top: 0.5em;margin-bottom: 0.5em;padding: 0px\"><span style=\"color: inherit !important;font-family: inherit !important;font-size: inherit !important\">Indicado para proteger a pele extremamente sens\u00edvel contra a a\u00e7\u00e3o nociva das radia\u00e7\u00f5es UVA e UVB \u2013 nas regi\u00f5es mais delicadas \u2013 como l\u00e1bios, nariz e orelhas.<br style=\"color: inherit !important;font-family: inherit !important;font-size: inherit !important\" \/>Utilizar o protetor solar como EPI (Equipamento de Prote\u00e7\u00e3o Individual) \u00e9 extremamente<br style=\"color: inherit !important;font-family: inherit !important;font-size: inherit !important\" \/>necess\u00e1rio e importante em raz\u00e3o dos diversos riscos \u00e0 sa\u00fade, qualidade de vida e prote\u00e7\u00e3o.<\/span><\/p>\n<p style=\"font-size: 0.9rem;margin-top: 0.5em;margin-bottom: 0.5em;padding: 0px\"><span style=\"color: inherit !important;font-family: inherit !important;font-size: inherit !important\"><span style=\"font-family: inherit !important;font-weight: bold;color: inherit !important;font-size: inherit !important\">ESPECIFICA\u00c7\u00d5ES:<\/span><\/span><\/p>\n<p style=\"font-size: 0.9rem;margin-top: 0.5em;margin-bottom: 0.5em;padding: 0px\"><span style=\"color: inherit !important;font-family: inherit !important;font-size: inherit !important\">\u2022 Cont\u00e9m filtros solares com prote\u00e7\u00e3o de n\u00edvel 80, protegendo a pele 80 vezes mais do<br style=\"color: inherit !important;font-family: inherit !important;font-size: inherit !important\" \/>\u00a0que se o mesmo n\u00e3o tivesse sido aplicado<br style=\"color: inherit !important;font-family: inherit !important;font-size: inherit !important\" \/>\u2022 Alto poder de hidrata\u00e7\u00e3o da pele<br style=\"color: inherit !important;font-family: inherit !important;font-size: inherit !important\" \/>\u2022 Resistente \u00e0 \u00e1gua<br style=\"color: inherit !important;font-family: inherit !important;font-size: inherit !important\" \/>\u2022 N\u00e3o cont\u00e9m PABA (tipo de filtro solar)<br style=\"color: inherit !important;font-family: inherit !important;font-size: inherit !important\" \/>\u2022 N\u00e3o cont\u00e9m benzofenona 3<br style=\"color: inherit !important;font-family: inherit !important;font-size: inherit !important\" \/>\u2022 N\u00e3o oleoso<br style=\"color: inherit !important;font-family: inherit !important;font-size: inherit !important\" \/>\u2022 N\u00e3o comedog\u00eanico<br style=\"color: inherit !important;font-family: inherit !important;font-size: inherit !important\" \/>\u2022 Hipoalerg\u00eanico<br style=\"color: inherit !important;font-family: inherit !important;font-size: inherit !important\" \/>\u2022 F\u00e1cil espalhabilidade na pele<br style=\"color: inherit !important;font-family: inherit !important;font-size: inherit !important\" \/>\u2022 Cont\u00e9m vitamina E \u2013 evita o envelhecimento precoce da pele<br style=\"color: inherit !important;font-family: inherit !important;font-size: inherit !important\" \/>\u2022 Dermatologicamente testado<br style=\"color: inherit !important;font-family: inherit !important;font-size: inherit !important\" \/>\u2022 Pode ser utilizado no rosto, m\u00e3os, bra\u00e7os, p\u00e9s e em qualquer parte do corpo, sem restri\u00e7\u00e3o<br style=\"color: inherit !important;font-family: inherit !important;font-size: inherit !important\" \/>Embalagens:<br style=\"color: inherit !important;font-family: inherit !important;font-size: inherit !important\" \/>\u2022 Bisnaga 15g<\/span><\/p>\n","protected":false},"excerpt":{"rendered":"<p>DESCRI\u00c7\u00c3O: Protetor Solar para l\u00e1bios e partes sens\u00edveis SENSI FPS 80 eficaz contra a a\u00e7\u00e3o nociva das radia\u00e7\u00f5es UVA e UVB. Cont\u00e9m filtros solares com prote\u00e7\u00e3o<span class=\"excerpt-hellip\"> [\u2026]<\/span><\/p>\n","protected":false},"featured_media":513,"template":"","meta":{"_joinchat":[]},"product_brand":[],"product_cat":[23],"product_tag":[],"class_list":{"0":"post-514","1":"product","2":"type-product","3":"status-publish","4":"has-post-thumbnail","6":"product_cat-departamentos","8":"first","9":"instock","10":"shipping-taxable","11":"purchasable","12":"product-type-simple"},"_links":{"self":[{"href":"https:\/\/casadaluva.com.br\/index\/wp-json\/wp\/v2\/product\/514","targetHints":{"allow":["GET"]}}],"collection":[{"href":"https:\/\/casadaluva.com.br\/index\/wp-json\/wp\/v2\/product"}],"about":[{"href":"https:\/\/casadaluva.com.br\/index\/wp-json\/wp\/v2\/types\/product"}],"wp:featuredmedia":[{"embeddable":true,"href":"https:\/\/casadaluva.com.br\/index\/wp-json\/wp\/v2\/media\/513"}],"wp:attachment":[{"href":"https:\/\/casadaluva.com.br\/index\/wp-json\/wp\/v2\/media?parent=514"}],"wp:term":[{"taxonomy":"product_brand","embeddable":true,"href":"https:\/\/casadaluva.com.br\/index\/wp-json\/wp\/v2\/product_brand?post=514"},{"taxonomy":"product_cat","embeddable":true,"href":"https:\/\/casadaluva.com.br\/index\/wp-json\/wp\/v2\/product_cat?post=514"},{"taxonomy":"product_tag","embeddable":true,"href":"https:\/\/casadaluva.com.br\/index\/wp-json\/wp\/v2\/product_tag?post=514"}],"curies":[{"name":"wp","href":"https:\/\/api.w.org\/{rel}","templated":true}]}}