{"id":522,"date":"2023-06-23T08:25:08","date_gmt":"2023-06-23T11:25:08","guid":{"rendered":"https:\/\/casadaluva.com.br\/index\/produto\/oculos-de-seguranca-fume-vision-500-volk\/"},"modified":"2026-04-01T17:09:41","modified_gmt":"2026-04-01T20:09:41","slug":"oculos-de-seguranca-fume-vision-500-volk","status":"publish","type":"product","link":"https:\/\/casadaluva.com.br\/index\/produto\/oculos-de-seguranca-fume-vision-500-volk\/","title":{"rendered":"OCULOS DE SEGURANCA FUME VISION 500 VOLK"},"content":{"rendered":"<div class=\"elementor-element elementor-element-23a091f elementor-widget elementor-widget-text-editor\" data-id=\"23a091f\" data-element_type=\"widget\" data-widget_type=\"text-editor.default\" style=\"--flex-direction: initial;--flex-wrap: initial;--justify-content: initial;--align-items: initial;--align-content: initial;--gap: initial;--flex-basis: initial;--flex-grow: initial;--flex-shrink: initial;--order: initial;--align-self: initial;flex-basis: var(--flex-basis);flex-grow: var(--flex-grow);flex-shrink: var(--flex-shrink);align-self: var(--align-self);flex-direction: var(--flex-direction);flex-wrap: var(--flex-wrap);justify-content: var(--justify-content);align-items: var(--align-items);align-content: var(--align-content);gap: var(--gap);position: relative;--swiper-theme-color: #000;--swiper-navigation-size: 44px;--swiper-pagination-bullet-size: 6px;--swiper-pagination-bullet-horizontal-gap: 6px;--widgets-spacing: 20px;color: var( --e-global-color-text );font-family: var( --e-global-typography-text-font-family ), Sans-serif;width: 691.973px;margin-bottom: 0px;font-size: 16px\">\n<div class=\"elementor-widget-container\" style=\"margin: 20px 0px 0px\">\n<div class=\"elementor-text-editor elementor-clearfix\">\u00d3culos de seguran\u00e7a constitu\u00eddo de arma\u00e7\u00e3o e visor confeccionados em uma \u00fanica pe\u00e7a de policarbonato, dispon\u00edvel nas cores incolor, amarela, cinza, azul e incolor com revestimento externo espelhado na cor prata (espelhado IN and OUT), meia prote\u00e7\u00e3o lateral e apoio nasal injetado do mesmo material. As hastes, do tipo esp\u00e1tula, s\u00e3o confeccionadas em uma \u00fanica pe\u00e7a do mesmo material do visor fixadas \u00e0 extremidade do visor por meio de encaixe de dois pinos pl\u00e1sticos.<\/div>\n<\/div>\n<\/div>\n<div class=\"elementor-element elementor-element-a3dec52 elementor-widget elementor-widget-heading\" data-id=\"a3dec52\" data-element_type=\"widget\" data-widget_type=\"heading.default\" style=\"--flex-direction: initial;--flex-wrap: initial;--justify-content: initial;--align-items: initial;--align-content: initial;--gap: initial;--flex-basis: initial;--flex-grow: initial;--flex-shrink: initial;--order: initial;--align-self: initial;flex-basis: var(--flex-basis);flex-grow: var(--flex-grow);flex-shrink: var(--flex-shrink);align-self: var(--align-self);flex-direction: var(--flex-direction);flex-wrap: var(--flex-wrap);justify-content: var(--justify-content);align-items: var(--align-items);align-content: var(--align-content);gap: var(--gap);position: relative;--swiper-theme-color: #000;--swiper-navigation-size: 44px;--swiper-pagination-bullet-size: 6px;--swiper-pagination-bullet-horizontal-gap: 6px;--widgets-spacing: 20px;width: 691.973px;margin-bottom: 0px;color: #333333;font-family: -apple-system, BlinkMacSystemFont, 'Segoe UI', Roboto, 'Helvetica Neue', Arial, 'Noto Sans', sans-serif, 'Apple Color Emoji', 'Segoe UI Emoji', 'Segoe UI Symbol', 'Noto Color Emoji';font-size: 16px\">\n<div class=\"elementor-widget-container\" style=\"margin: 40px 0px 0px\">\n<h2 class=\"elementor-heading-title elementor-size-default\" style=\"margin: 0px;font-family: var( --e-global-typography-primary-font-family ), Sans-serif;font-weight: var( --e-global-typography-primary-font-weight );line-height: 1;color: #1f3d63;padding: 0px\">Especifica\u00e7\u00f5es<\/h2>\n<\/div>\n<\/div>\n<div class=\"elementor-element elementor-element-73eea6c elementor-widget elementor-widget-text-editor\" data-id=\"73eea6c\" data-element_type=\"widget\" data-widget_type=\"text-editor.default\" style=\"--flex-direction: initial;--flex-wrap: initial;--justify-content: initial;--align-items: initial;--align-content: initial;--gap: initial;--flex-basis: initial;--flex-grow: initial;--flex-shrink: initial;--order: initial;--align-self: initial;flex-basis: var(--flex-basis);flex-grow: var(--flex-grow);flex-shrink: var(--flex-shrink);align-self: var(--align-self);flex-direction: var(--flex-direction);flex-wrap: var(--flex-wrap);justify-content: var(--justify-content);align-items: var(--align-items);align-content: var(--align-content);gap: var(--gap);position: relative;--swiper-theme-color: #000;--swiper-navigation-size: 44px;--swiper-pagination-bullet-size: 6px;--swiper-pagination-bullet-horizontal-gap: 6px;--widgets-spacing: 20px;color: var( --e-global-color-text );font-family: var( --e-global-typography-text-font-family ), Sans-serif;width: 691.973px;margin-bottom: 0px;font-size: 16px\">\n<div class=\"elementor-widget-container\" style=\"margin: 20px 0px 0px\">\n<div class=\"elementor-text-editor elementor-clearfix\">\n<ul style=\"margin-top: 0px;margin-bottom: 0px;border: 0px;vertical-align: baseline;background: transparent\">\n<li style=\"margin-top: 0px;margin-bottom: 0px;border: 0px;vertical-align: baseline;background: transparent\"><span style=\"font-weight: bolder\">CA:\u00a0<\/span>42719<\/li>\n<li style=\"margin-top: 0px;margin-bottom: 0px;border: 0px;vertical-align: baseline;background: transparent\"><span style=\"font-weight: bolder\">Tamanhos:\u00a0\u00a0<\/span>\u00danico<\/li>\n<li style=\"margin-top: 0px;margin-bottom: 0px;border: 0px;vertical-align: baseline;background: transparent\"><span style=\"font-weight: bolder\">Cor Lente:\u00a0<\/span>Cinza<\/li>\n<li style=\"margin-top: 0px;margin-bottom: 0px;border: 0px;vertical-align: baseline;background: transparent\"><span style=\"font-weight: bolder\">Tratamento da lente:\u00a0<\/span>Antirrisco<\/li>\n<\/ul>\n<\/div>\n<\/div>\n<\/div>\n<div class=\"elementor-element elementor-element-b96e69f elementor-widget elementor-widget-heading\" data-id=\"b96e69f\" data-element_type=\"widget\" data-widget_type=\"heading.default\" style=\"--flex-direction: initial;--flex-wrap: initial;--justify-content: initial;--align-items: initial;--align-content: initial;--gap: initial;--flex-basis: initial;--flex-grow: initial;--flex-shrink: initial;--order: initial;--align-self: initial;flex-basis: var(--flex-basis);flex-grow: var(--flex-grow);flex-shrink: var(--flex-shrink);align-self: var(--align-self);flex-direction: var(--flex-direction);flex-wrap: var(--flex-wrap);justify-content: var(--justify-content);align-items: var(--align-items);align-content: var(--align-content);gap: var(--gap);position: relative;--swiper-theme-color: #000;--swiper-navigation-size: 44px;--swiper-pagination-bullet-size: 6px;--swiper-pagination-bullet-horizontal-gap: 6px;--widgets-spacing: 20px;width: 691.973px;margin-bottom: 0px;color: #333333;font-family: -apple-system, BlinkMacSystemFont, 'Segoe UI', Roboto, 'Helvetica Neue', Arial, 'Noto Sans', sans-serif, 'Apple Color Emoji', 'Segoe UI Emoji', 'Segoe UI Symbol', 'Noto Color Emoji';font-size: 16px\">\n<div class=\"elementor-widget-container\" style=\"margin: 40px 0px 0px\">\n<h2 class=\"elementor-heading-title elementor-size-default\" style=\"margin: 0px;font-family: var( --e-global-typography-primary-font-family ), Sans-serif;font-weight: var( --e-global-typography-primary-font-weight );line-height: 1;color: #1f3d63;padding: 0px\">Vantagens e Benef\u00edcios<\/h2>\n<\/div>\n<\/div>\n<div class=\"elementor-element elementor-element-e871aa3 elementor-widget elementor-widget-text-editor\" data-id=\"e871aa3\" data-element_type=\"widget\" data-widget_type=\"text-editor.default\" style=\"--flex-direction: initial;--flex-wrap: initial;--justify-content: initial;--align-items: initial;--align-content: initial;--gap: initial;--flex-basis: initial;--flex-grow: initial;--flex-shrink: initial;--order: initial;--align-self: initial;flex-basis: var(--flex-basis);flex-grow: var(--flex-grow);flex-shrink: var(--flex-shrink);align-self: var(--align-self);flex-direction: var(--flex-direction);flex-wrap: var(--flex-wrap);justify-content: var(--justify-content);align-items: var(--align-items);align-content: var(--align-content);gap: var(--gap);position: relative;--swiper-theme-color: #000;--swiper-navigation-size: 44px;--swiper-pagination-bullet-size: 6px;--swiper-pagination-bullet-horizontal-gap: 6px;--widgets-spacing: 20px;color: var( --e-global-color-text );font-family: var( --e-global-typography-text-font-family ), Sans-serif;width: 691.973px;margin-bottom: 0px;font-size: 16px\">\n<div class=\"elementor-widget-container\" style=\"margin: 20px 0px 0px\">\n<div class=\"elementor-text-editor elementor-clearfix\">\n<ul style=\"margin-top: 0px;margin-bottom: 0px;border: 0px;vertical-align: baseline;background: transparent\">\n<li style=\"margin-top: 0px;margin-bottom: 0px;border: 0px;vertical-align: baseline;background: transparent\"><span style=\"font-weight: bolder\">PROTE\u00c7\u00c3O DOS OLHOS CONTRA IMPACTOS DE PART\u00cdCULAS VOLANTES<\/span><\/li>\n<li style=\"margin-top: 0px;margin-bottom: 0px;border: 0px;vertical-align: baseline;background: transparent\"><span style=\"font-weight: bolder\">PROTE\u00c7\u00c3O CONTRA RAIOS UVA E UVB<\/span><\/li>\n<li style=\"margin-top: 0px;margin-bottom: 0px;border: 0px;vertical-align: baseline;background: transparent\"><span style=\"font-weight: bolder\">TRATAMENTO ANTIRRISCO<\/span><\/li>\n<li style=\"margin-top: 0px;margin-bottom: 0px;border: 0px;vertical-align: baseline;background: transparent\"><span style=\"font-weight: bolder\">EXTREMAMENTE LEVE E CONFORT\u00c1VEL AO ROSTO<\/span><\/li>\n<li style=\"margin-top: 0px;margin-bottom: 0px;border: 0px;vertical-align: baseline;background: transparent\"><span style=\"font-weight: bolder\">OP\u00c7\u00d5ES DE CORES DAS LENTES: TRANSPARENTE, CINZA,\u00a0AMARELA, AZUL E ESPELHADA IN AND OUT<\/span><\/li>\n<\/ul>\n<\/div>\n<\/div>\n<\/div>\n<div class=\"elementor-element elementor-element-0f60e14 elementor-widget elementor-widget-heading\" data-id=\"0f60e14\" data-element_type=\"widget\" data-widget_type=\"heading.default\" style=\"--flex-direction: initial;--flex-wrap: initial;--justify-content: initial;--align-items: initial;--align-content: initial;--gap: initial;--flex-basis: initial;--flex-grow: initial;--flex-shrink: initial;--order: initial;--align-self: initial;flex-basis: var(--flex-basis);flex-grow: var(--flex-grow);flex-shrink: var(--flex-shrink);align-self: var(--align-self);flex-direction: var(--flex-direction);flex-wrap: var(--flex-wrap);justify-content: var(--justify-content);align-items: var(--align-items);align-content: var(--align-content);gap: var(--gap);position: relative;--swiper-theme-color: #000;--swiper-navigation-size: 44px;--swiper-pagination-bullet-size: 6px;--swiper-pagination-bullet-horizontal-gap: 6px;--widgets-spacing: 20px;width: 691.973px;margin-bottom: 0px;color: #333333;font-family: -apple-system, BlinkMacSystemFont, 'Segoe UI', Roboto, 'Helvetica Neue', Arial, 'Noto Sans', sans-serif, 'Apple Color Emoji', 'Segoe UI Emoji', 'Segoe UI Symbol', 'Noto Color Emoji';font-size: 16px\">\n<div class=\"elementor-widget-container\" style=\"margin: 40px 0px 0px\">\n<h2 class=\"elementor-heading-title elementor-size-default\" style=\"margin: 0px;font-family: var( --e-global-typography-primary-font-family ), Sans-serif;font-weight: var( --e-global-typography-primary-font-weight );line-height: 1;color: #1f3d63;padding: 0px\">Aplica\u00e7\u00f5es<\/h2>\n<\/div>\n<\/div>\n<div class=\"elementor-element elementor-element-0bc1a5d elementor-widget elementor-widget-text-editor\" data-id=\"0bc1a5d\" data-element_type=\"widget\" data-widget_type=\"text-editor.default\" style=\"--flex-direction: initial;--flex-wrap: initial;--justify-content: initial;--align-items: initial;--align-content: initial;--gap: initial;--flex-basis: initial;--flex-grow: initial;--flex-shrink: initial;--order: initial;--align-self: initial;flex-basis: var(--flex-basis);flex-grow: var(--flex-grow);flex-shrink: var(--flex-shrink);align-self: var(--align-self);flex-direction: var(--flex-direction);flex-wrap: var(--flex-wrap);justify-content: var(--justify-content);align-items: var(--align-items);align-content: var(--align-content);gap: var(--gap);position: relative;--swiper-theme-color: #000;--swiper-navigation-size: 44px;--swiper-pagination-bullet-size: 6px;--swiper-pagination-bullet-horizontal-gap: 6px;--widgets-spacing: 20px;color: var( --e-global-color-text );font-family: var( --e-global-typography-text-font-family ), Sans-serif;width: 691.973px;margin-bottom: 0px;font-size: 16px\">\n<div class=\"elementor-widget-container\" style=\"margin: 20px 0px 0px\">\n<div class=\"elementor-text-editor elementor-clearfix\">Testado e aprovado para a prote\u00e7\u00e3o dos olhos do usu\u00e1rio contra impactos de part\u00edculas volantes, contra raios ultravioleta (U6) e, no caso das lentes azul e incolor espelhado, contra luz intensa (L1.7) e lente cinza contra luz intensa (L3).<\/div>\n<\/div>\n<\/div>\n<div class=\"elementor-element elementor-element-5ba55e0 elementor-widget elementor-widget-heading\" data-id=\"5ba55e0\" data-element_type=\"widget\" data-widget_type=\"heading.default\" style=\"--flex-direction: initial;--flex-wrap: initial;--justify-content: initial;--align-items: initial;--align-content: initial;--gap: initial;--flex-basis: initial;--flex-grow: initial;--flex-shrink: initial;--order: initial;--align-self: initial;flex-basis: var(--flex-basis);flex-grow: var(--flex-grow);flex-shrink: var(--flex-shrink);align-self: var(--align-self);flex-direction: var(--flex-direction);flex-wrap: var(--flex-wrap);justify-content: var(--justify-content);align-items: var(--align-items);align-content: var(--align-content);gap: var(--gap);position: relative;--swiper-theme-color: #000;--swiper-navigation-size: 44px;--swiper-pagination-bullet-size: 6px;--swiper-pagination-bullet-horizontal-gap: 6px;--widgets-spacing: 20px;width: 691.973px;margin-bottom: 0px;color: #333333;font-family: -apple-system, BlinkMacSystemFont, 'Segoe UI', Roboto, 'Helvetica Neue', Arial, 'Noto Sans', sans-serif, 'Apple Color Emoji', 'Segoe UI Emoji', 'Segoe UI Symbol', 'Noto Color Emoji';font-size: 16px\">\n<div class=\"elementor-widget-container\" style=\"margin: 40px 0px 0px\">\n<h2 class=\"elementor-heading-title elementor-size-default\" style=\"margin: 0px;font-family: var( --e-global-typography-primary-font-family ), Sans-serif;font-weight: var( --e-global-typography-primary-font-weight );line-height: 1;color: #1f3d63;padding: 0px\">Potenciais Clientes<\/h2>\n<\/div>\n<\/div>\n<div class=\"elementor-element elementor-element-d127cfc elementor-widget elementor-widget-text-editor\" data-id=\"d127cfc\" data-element_type=\"widget\" data-widget_type=\"text-editor.default\" style=\"--flex-direction: initial;--flex-wrap: initial;--justify-content: initial;--align-items: initial;--align-content: initial;--gap: initial;--flex-basis: initial;--flex-grow: initial;--flex-shrink: initial;--order: initial;--align-self: initial;flex-basis: var(--flex-basis);flex-grow: var(--flex-grow);flex-shrink: var(--flex-shrink);align-self: var(--align-self);flex-direction: var(--flex-direction);flex-wrap: var(--flex-wrap);justify-content: var(--justify-content);align-items: var(--align-items);align-content: var(--align-content);gap: var(--gap);position: relative;--swiper-theme-color: #000;--swiper-navigation-size: 44px;--swiper-pagination-bullet-size: 6px;--swiper-pagination-bullet-horizontal-gap: 6px;--widgets-spacing: 20px;color: var( --e-global-color-text );font-family: var( --e-global-typography-text-font-family ), Sans-serif;width: 691.973px;margin-bottom: 0px;font-size: 16px\">\n<div class=\"elementor-widget-container\" style=\"margin: 20px 0px 0px\">\n<div class=\"elementor-text-editor elementor-clearfix\">Metal Mec\u00e2nica, Eletroeletr\u00f4nica ,Petroleira, Qu\u00edmica, Cosm\u00e9ticos e Est\u00e9tica, Frigor\u00edficos, Ind\u00fastria Aliment\u00edcia, Food Service, Varejo Aliment\u00edcio, Constru\u00e7\u00e3o civil, Coleta de Lixo, Agricultura, Madeireira, Minera\u00e7\u00e3o, Limpeza Profissional entre outros.<\/div>\n<\/div>\n<\/div>\n<div class=\"elementor-element elementor-element-0bc1a5d elementor-widget elementor-widget-text-editor\" data-id=\"0bc1a5d\" data-element_type=\"widget\" data-widget_type=\"text-editor.default\" style=\"--flex-direction: initial;--flex-wrap: initial;--justify-content: initial;--align-items: initial;--align-content: initial;--gap: initial;--flex-basis: initial;--flex-grow: initial;--flex-shrink: initial;--order: initial;--align-self: initial;flex-basis: var(--flex-basis);flex-grow: var(--flex-grow);flex-shrink: var(--flex-shrink);align-self: var(--align-self);flex-direction: var(--flex-direction);flex-wrap: var(--flex-wrap);justify-content: var(--justify-content);align-items: var(--align-items);align-content: var(--align-content);gap: var(--gap);position: relative;--swiper-theme-color: #000;--swiper-navigation-size: 44px;--swiper-pagination-bullet-size: 6px;--swiper-pagination-bullet-horizontal-gap: 6px;--widgets-spacing: 20px;color: var( --e-global-color-text );font-family: var( --e-global-typography-text-font-family ), Sans-serif;width: 691.973px;margin-bottom: 0px;font-size: 16px\">\n<div class=\"elementor-widget-container\" style=\"margin: 20px 0px 0px\"><\/div>\n<\/div>\n","protected":false},"excerpt":{"rendered":"<p>\u00d3culos de seguran\u00e7a constitu\u00eddo de arma\u00e7\u00e3o e visor confeccionados em uma \u00fanica pe\u00e7a de policarbonato, dispon\u00edvel nas cores incolor, amarela, cinza, azul e incolor com revestimento<span class=\"excerpt-hellip\"> [\u2026]<\/span><\/p>\n","protected":false},"featured_media":521,"template":"","meta":{"_joinchat":[]},"product_brand":[],"product_cat":[31],"product_tag":[],"class_list":{"0":"post-522","1":"product","2":"type-product","3":"status-publish","4":"has-post-thumbnail","6":"product_cat-protecao-visual","8":"first","9":"instock","10":"shipping-taxable","11":"purchasable","12":"product-type-simple"},"_links":{"self":[{"href":"https:\/\/casadaluva.com.br\/index\/wp-json\/wp\/v2\/product\/522","targetHints":{"allow":["GET"]}}],"collection":[{"href":"https:\/\/casadaluva.com.br\/index\/wp-json\/wp\/v2\/product"}],"about":[{"href":"https:\/\/casadaluva.com.br\/index\/wp-json\/wp\/v2\/types\/product"}],"wp:featuredmedia":[{"embeddable":true,"href":"https:\/\/casadaluva.com.br\/index\/wp-json\/wp\/v2\/media\/521"}],"wp:attachment":[{"href":"https:\/\/casadaluva.com.br\/index\/wp-json\/wp\/v2\/media?parent=522"}],"wp:term":[{"taxonomy":"product_brand","embeddable":true,"href":"https:\/\/casadaluva.com.br\/index\/wp-json\/wp\/v2\/product_brand?post=522"},{"taxonomy":"product_cat","embeddable":true,"href":"https:\/\/casadaluva.com.br\/index\/wp-json\/wp\/v2\/product_cat?post=522"},{"taxonomy":"product_tag","embeddable":true,"href":"https:\/\/casadaluva.com.br\/index\/wp-json\/wp\/v2\/product_tag?post=522"}],"curies":[{"name":"wp","href":"https:\/\/api.w.org\/{rel}","templated":true}]}}