{"id":524,"date":"2023-06-23T08:42:59","date_gmt":"2023-06-23T11:42:59","guid":{"rendered":"https:\/\/casadaluva.com.br\/index\/produto\/lente-de-reposicao-oculos-gg500-3m\/"},"modified":"2026-04-10T10:20:16","modified_gmt":"2026-04-10T13:20:16","slug":"lente-de-reposicao-oculos-gg500-3m","status":"publish","type":"product","link":"https:\/\/casadaluva.com.br\/index\/produto\/lente-de-reposicao-oculos-gg500-3m\/","title":{"rendered":"LENTE DE REPOSICAO OCULOS GG500 3M"},"content":{"rendered":"<p><span style=\"color: #999999;font-family: Roboto, sans-serif\">Lente de Reposi\u00e7\u00e3o Para \u00d3culos GG500 3M HB004614671<\/span><\/p>\n<p>\u00a0<\/p>\n<p><span style=\"color: #999999;font-family: Roboto, sans-serif\">Descri\u00e7\u00e3o:<\/span><\/p>\n<p><span style=\"color: #999999;font-family: Roboto, sans-serif\">Lente Indicada somente para os \u00f3culos 3M GG500, possui as mesmas caracter\u00edsticas de antimeba\u00e7amento e antirrisco. Para fazer a troca da lente \u00e9 super simples e r\u00e1pido.<\/span><\/p>\n","protected":false},"excerpt":{"rendered":"<p>Lente de Reposi\u00e7\u00e3o Para \u00d3culos GG500 3M HB004614671 \u00a0 Descri\u00e7\u00e3o: Lente Indicada somente para os \u00f3culos 3M GG500, possui as mesmas caracter\u00edsticas de antimeba\u00e7amento e antirrisco.<span class=\"excerpt-hellip\"> [\u2026]<\/span><\/p>\n","protected":false},"featured_media":523,"template":"","meta":{"_joinchat":[]},"product_brand":[],"product_cat":[31],"product_tag":[],"class_list":{"0":"post-524","1":"product","2":"type-product","3":"status-publish","4":"has-post-thumbnail","6":"product_cat-protecao-visual","8":"first","9":"outofstock","10":"shipping-taxable","11":"purchasable","12":"product-type-simple"},"_links":{"self":[{"href":"https:\/\/casadaluva.com.br\/index\/wp-json\/wp\/v2\/product\/524","targetHints":{"allow":["GET"]}}],"collection":[{"href":"https:\/\/casadaluva.com.br\/index\/wp-json\/wp\/v2\/product"}],"about":[{"href":"https:\/\/casadaluva.com.br\/index\/wp-json\/wp\/v2\/types\/product"}],"wp:featuredmedia":[{"embeddable":true,"href":"https:\/\/casadaluva.com.br\/index\/wp-json\/wp\/v2\/media\/523"}],"wp:attachment":[{"href":"https:\/\/casadaluva.com.br\/index\/wp-json\/wp\/v2\/media?parent=524"}],"wp:term":[{"taxonomy":"product_brand","embeddable":true,"href":"https:\/\/casadaluva.com.br\/index\/wp-json\/wp\/v2\/product_brand?post=524"},{"taxonomy":"product_cat","embeddable":true,"href":"https:\/\/casadaluva.com.br\/index\/wp-json\/wp\/v2\/product_cat?post=524"},{"taxonomy":"product_tag","embeddable":true,"href":"https:\/\/casadaluva.com.br\/index\/wp-json\/wp\/v2\/product_tag?post=524"}],"curies":[{"name":"wp","href":"https:\/\/api.w.org\/{rel}","templated":true}]}}