{"id":530,"date":"2023-06-23T09:17:10","date_gmt":"2023-06-23T12:17:10","guid":{"rendered":"https:\/\/casadaluva.com.br\/index\/produto\/protetor-facial-incolor\/"},"modified":"2025-06-16T09:54:02","modified_gmt":"2025-06-16T12:54:02","slug":"protetor-facial-incolor","status":"publish","type":"product","link":"https:\/\/casadaluva.com.br\/index\/produto\/protetor-facial-incolor\/","title":{"rendered":"PROTETOR FACIAL INCOLOR"},"content":{"rendered":"<div class=\"nome-produto-desc\" style=\"color: #6c6c6c;font-family: Gotham, sans-serif;font-size: 16px;background-color: #fff1f1\">\n<h1 class=\"nome-produto\" style=\"margin-top: 0px;margin-bottom: 0.5rem;line-height: 1.5;font-size: 1.8rem;color: #3a3a3a;padding-top: 0px;padding-right: 40px;padding-bottom: 0px\">PROTETOR FACIAL<\/h1>\n<\/div>\n<div class=\"resumo-produto\" style=\"margin: 30px 0px;padding-top: 0px;padding-right: 40px;padding-bottom: 0px;color: #6c6c6c;font-family: Gotham, sans-serif;font-size: 16px;background-color: #fff1f1\">\n<p style=\"margin-bottom: 1rem;color: #3a3a3a;font-size: 1rem;line-height: 1.5\"><span id=\"page3R_mcid2\" class=\"markedContent\"><span dir=\"ltr\" role=\"presentation\">Composto por um visor incolor confeccionado em policarbonato, uma testeira em poliprop<\/span><span dir=\"ltr\" role=\"presentation\">ileno,\u00a0<\/span><span dir=\"ltr\" role=\"presentation\">suspens\u00e3o de polietileno<\/span>\u00a0<span dir=\"ltr\" role=\"presentation\">com<\/span>\u00a0<span dir=\"ltr\" role=\"presentation\">ajuste simples e uma tira absorvente de suor.<\/span><\/span><\/p>\n<p style=\"margin-bottom: 1rem;color: #3a3a3a;font-size: 1rem;line-height: 1.5\"><span id=\"page3R_mcid28\" class=\"markedContent\"><span dir=\"ltr\" role=\"presentation\">Indicado<\/span>\u00a0<span dir=\"ltr\" role=\"presentation\">para prote\u00e7\u00e3o dos olhos do usu\u00e1rio contra impacto de part\u00edculas volantes em atividade que n\u00e3o\u00a0<\/span><span dir=\"ltr\" role=\"presentation\">gerem radia\u00e7\u00e3o infravermelho.<\/span><\/span><\/p>\n<\/div>\n","protected":false},"excerpt":{"rendered":"<p>PROTETOR FACIAL Composto por um visor incolor confeccionado em policarbonato, uma testeira em polipropileno,\u00a0suspens\u00e3o de polietileno\u00a0com\u00a0ajuste simples e uma tira absorvente de suor. Indicado\u00a0para prote\u00e7\u00e3o dos<span class=\"excerpt-hellip\"> [\u2026]<\/span><\/p>\n","protected":false},"featured_media":529,"template":"","meta":{"_joinchat":[]},"product_brand":[],"product_cat":[31],"product_tag":[],"class_list":{"0":"post-530","1":"product","2":"type-product","3":"status-publish","4":"has-post-thumbnail","6":"product_cat-protecao-visual","8":"first","9":"outofstock","10":"shipping-taxable","11":"purchasable","12":"product-type-simple"},"_links":{"self":[{"href":"https:\/\/casadaluva.com.br\/index\/wp-json\/wp\/v2\/product\/530","targetHints":{"allow":["GET"]}}],"collection":[{"href":"https:\/\/casadaluva.com.br\/index\/wp-json\/wp\/v2\/product"}],"about":[{"href":"https:\/\/casadaluva.com.br\/index\/wp-json\/wp\/v2\/types\/product"}],"wp:featuredmedia":[{"embeddable":true,"href":"https:\/\/casadaluva.com.br\/index\/wp-json\/wp\/v2\/media\/529"}],"wp:attachment":[{"href":"https:\/\/casadaluva.com.br\/index\/wp-json\/wp\/v2\/media?parent=530"}],"wp:term":[{"taxonomy":"product_brand","embeddable":true,"href":"https:\/\/casadaluva.com.br\/index\/wp-json\/wp\/v2\/product_brand?post=530"},{"taxonomy":"product_cat","embeddable":true,"href":"https:\/\/casadaluva.com.br\/index\/wp-json\/wp\/v2\/product_cat?post=530"},{"taxonomy":"product_tag","embeddable":true,"href":"https:\/\/casadaluva.com.br\/index\/wp-json\/wp\/v2\/product_tag?post=530"}],"curies":[{"name":"wp","href":"https:\/\/api.w.org\/{rel}","templated":true}]}}