{"id":540,"date":"2023-06-23T10:08:41","date_gmt":"2023-06-23T13:08:41","guid":{"rendered":"https:\/\/casadaluva.com.br\/index\/produto\/luva-thermaflex-para-baixa-ou-alta-temperatura-tam-g\/"},"modified":"2025-08-15T08:52:50","modified_gmt":"2025-08-15T11:52:50","slug":"luva-thermaflex-para-baixa-ou-alta-temperatura-tam-g","status":"publish","type":"product","link":"https:\/\/casadaluva.com.br\/index\/produto\/luva-thermaflex-para-baixa-ou-alta-temperatura-tam-g\/","title":{"rendered":"LUVA THERMAFLEX PARA BAIXA OU ALTA TEMPERATURA TAM G"},"content":{"rendered":"<div class=\"details__info\" style=\"margin: 0px 0px 15px;padding: 0px 0px 15px;font-family: Roboto, sans-serif;line-height: 22px;border-bottom: 1px solid #b8b8b8;font-size: medium\">\n<h4 style=\"margin: 10px 0px 0px;padding: 0px;line-height: normal;font-size: 2rem;flex-flow: row;justify-content: space-between;align-items: center\">THERMAFLEX<a href=\"https:\/\/catalogodigital.danny.com.br\/detalhes-produto\/227\" target=\"_blank\" class=\"details__favorite\" style=\"margin: 0px 0px 25px auto;padding: 0px;cursor: pointer;background: none;border: none;flex-flow: row;align-items: center;font-size: 0.875rem;font-weight: 500;color: #707070\" rel=\"noopener\">Favoritar<img decoding=\"async\" src=\"https:\/\/www.danny.com.br\/public\/images\/icons\/yellow-star.svg\" alt=\"Favoritar\" style=\"margin: 0px 0px 3px 5px;padding: 0px\" \/><\/a><\/h4>\n<p style=\"padding: 0px;line-height: 22px;color: #707070;font-size: 1.125rem\">Luva de fio thermastat<\/p>\n<\/div>\n<div class=\"details__benefits info\" style=\"margin: 0px 0px 15px;padding: 0px;font-family: Roboto, sans-serif;line-height: 22px;font-size: medium\">\n<p class=\"details__title\" style=\"margin-bottom: 10px;padding: 0px;line-height: 22px;font-weight: bold;font-size: 1.125rem\">Benef\u00edcios<\/p>\n<p style=\"margin-top: 5px;margin-bottom: 5px;padding: 0px;line-height: 22px;flex-flow: row;align-items: flex-start;color: #707070\"><img decoding=\"async\" src=\"https:\/\/www.danny.com.br\/public\/images\/icons\/black-check.svg\" alt=\"Check\" style=\"margin: -2px 10px 0px 0px;padding: 0px\" \/>Ideal para alta temperatura (at\u00e9 100\u00baC)* ou baixa temperatura (at\u00e9 -30\u00baC).<\/p>\n<p style=\"margin-top: 5px;margin-bottom: 5px;padding: 0px;line-height: 22px;flex-flow: row;align-items: flex-start;color: #707070\"><img decoding=\"async\" src=\"https:\/\/www.danny.com.br\/public\/images\/icons\/black-check.svg\" alt=\"Check\" style=\"margin: -2px 10px 0px 0px;padding: 0px\" \/>Possibilita o uso combinado com luvas imperme\u00e1veis<\/p>\n<p style=\"margin-top: 5px;margin-bottom: 5px;padding: 0px;line-height: 22px;flex-flow: row;align-items: flex-start;color: #707070\"><img decoding=\"async\" src=\"https:\/\/www.danny.com.br\/public\/images\/icons\/black-check.svg\" alt=\"Check\" style=\"margin: -2px 10px 0px 0px;padding: 0px\" \/>Alta destreza<\/p>\n<\/div>\n<div class=\"details__description info\" style=\"margin: 0px 0px 15px;padding: 0px;font-family: Roboto, sans-serif;line-height: 22px;font-size: medium\">\n<p class=\"details__title\" style=\"margin-bottom: 10px;padding: 0px;line-height: 22px;font-weight: bold;font-size: 1.125rem\">Descri\u00e7\u00e3o<\/p>\n<p style=\"margin-top: 5px;margin-bottom: 5px;padding: 0px;line-height: 22px;flex-flow: row;align-items: flex-start;color: #707070\">A luva Thermaflex, \u00e9 confeccionada em fio Thermastat, um fio de alta tecnologia para prote\u00e7\u00e3o t\u00e9rmica. Um produto de alta destreza para atividades secas com alta temperatura (at\u00e9 100\u00baC)* ou baixa temperatura (at\u00e9 -30\u00baC). Por possuir baixa espessura, facilita o uso combinado com luvas imperme\u00e1veis, quando \u00e9 necess\u00e1rio em atividades molhadas. (*) Para mais informa\u00e7\u00f5es, consulte a ficha t\u00e9cnica.<\/p>\n<\/div>\n<div class=\"details__applications info\" style=\"margin: 0px 0px 15px;padding: 0px;font-family: Roboto, sans-serif;line-height: 22px;font-size: medium\">\n<p class=\"details__title\" style=\"margin-bottom: 10px;padding: 0px;line-height: 22px;font-weight: bold;font-size: 1.125rem\">Aplica\u00e7\u00f5es<\/p>\n<p style=\"margin-top: 5px;margin-bottom: 5px;padding: 0px;line-height: 22px;flex-flow: row;align-items: flex-start;color: #707070\"><img decoding=\"async\" src=\"https:\/\/www.danny.com.br\/public\/images\/icons\/black-check.svg\" alt=\"Check\" style=\"margin: -2px 10px 0px 0px;padding: 0px\" \/>Atividades intermitentes em baixa ou alta temperatura<\/p>\n<p style=\"margin-top: 5px;margin-bottom: 5px;padding: 0px;line-height: 22px;flex-flow: row;align-items: flex-start;color: #707070\"><img decoding=\"async\" src=\"https:\/\/www.danny.com.br\/public\/images\/icons\/black-check.svg\" alt=\"Check\" style=\"margin: -2px 10px 0px 0px;padding: 0px\" \/>Servi\u00e7os em ind\u00fastria aliment\u00edcia e frigor\u00edfica<\/p>\n<p style=\"margin-top: 5px;margin-bottom: 5px;padding: 0px;line-height: 22px;flex-flow: row;align-items: flex-start;color: #707070\">\u00a0<\/p>\n<div style=\"margin: 5px 0px;padding: 0px;line-height: 22px;flex-flow: row;align-items: center;color: #707070\"><strong style=\"margin: 0px 5px 0px 0px;padding: 0px;color: #000000\">C\u00f3digo:<\/strong>DA-22.100<\/div>\n<div style=\"margin: 5px 0px;padding: 0px;line-height: 22px;flex-flow: row;align-items: center;color: #707070\"><strong style=\"margin: 0px 5px 0px 0px;padding: 0px;color: #000000\">Tamanho(s):<\/strong>M (8) | G (9)<\/div>\n<div style=\"margin: 5px 0px;padding: 0px;line-height: 22px;flex-flow: row;align-items: center;color: #707070\"><strong style=\"margin: 0px 5px 0px 0px;padding: 0px;color: #000000\">Normas T\u00e9cnicas:<\/strong>EN 388:2016 | EN 407:2004 | EN 511:2006<\/div>\n<\/div>\n","protected":false},"excerpt":{"rendered":"<p>THERMAFLEXFavoritar Luva de fio thermastat Benef\u00edcios Ideal para alta temperatura (at\u00e9 100\u00baC)* ou baixa temperatura (at\u00e9 -30\u00baC). Possibilita o uso combinado com luvas imperme\u00e1veis Alta destreza<span class=\"excerpt-hellip\"> [\u2026]<\/span><\/p>\n","protected":false},"featured_media":539,"template":"","meta":{"_joinchat":[]},"product_brand":[],"product_cat":[19],"product_tag":[],"class_list":{"0":"post-540","1":"product","2":"type-product","3":"status-publish","4":"has-post-thumbnail","6":"product_cat-luvas","8":"first","9":"outofstock","10":"shipping-taxable","11":"purchasable","12":"product-type-simple"},"_links":{"self":[{"href":"https:\/\/casadaluva.com.br\/index\/wp-json\/wp\/v2\/product\/540","targetHints":{"allow":["GET"]}}],"collection":[{"href":"https:\/\/casadaluva.com.br\/index\/wp-json\/wp\/v2\/product"}],"about":[{"href":"https:\/\/casadaluva.com.br\/index\/wp-json\/wp\/v2\/types\/product"}],"wp:featuredmedia":[{"embeddable":true,"href":"https:\/\/casadaluva.com.br\/index\/wp-json\/wp\/v2\/media\/539"}],"wp:attachment":[{"href":"https:\/\/casadaluva.com.br\/index\/wp-json\/wp\/v2\/media?parent=540"}],"wp:term":[{"taxonomy":"product_brand","embeddable":true,"href":"https:\/\/casadaluva.com.br\/index\/wp-json\/wp\/v2\/product_brand?post=540"},{"taxonomy":"product_cat","embeddable":true,"href":"https:\/\/casadaluva.com.br\/index\/wp-json\/wp\/v2\/product_cat?post=540"},{"taxonomy":"product_tag","embeddable":true,"href":"https:\/\/casadaluva.com.br\/index\/wp-json\/wp\/v2\/product_tag?post=540"}],"curies":[{"name":"wp","href":"https:\/\/api.w.org\/{rel}","templated":true}]}}