{"id":545,"date":"2023-06-27T13:17:39","date_gmt":"2023-06-27T16:17:39","guid":{"rendered":"https:\/\/casadaluva.com.br\/index\/produto\/capacete-vgard-c-jug-branco-msa-ca498\/"},"modified":"2026-02-09T12:16:30","modified_gmt":"2026-02-09T15:16:30","slug":"capacete-vgard-c-jug-branco-msa-ca498","status":"publish","type":"product","link":"https:\/\/casadaluva.com.br\/index\/produto\/capacete-vgard-c-jug-branco-msa-ca498\/","title":{"rendered":"CAPACETE VGARD C\/JUG BRANCO MSA CA498"},"content":{"rendered":"<p style=\"border: none;margin-top: 1.12em;margin-bottom: 1.12em;padding: 0px;font-family: Arial;font-size: 13px\">Capacete V-GARD\u00a0Aba Frontal Classe B(Tipo II) em polietileno de alta densidade, dupla suspens\u00e3o PUSH KEY de f\u00e1cil ajuste com jugular em tecido, tira de absor\u00e7\u00e3o de suor, marca MSA,\u00a0<span style=\"border: none;margin: 0px;padding: 0px;color: #ff8c00\">C.A. 498<\/span>\u00a0(produto com certificado INMETRO).<\/p>\n<p style=\"border: none;margin-top: 1.12em;margin-bottom: 1.12em;padding: 0px;font-family: Arial;font-size: 13px\">A nova suspens\u00e3o Push Key traz um conceito inovador, o &#8220;Push&#8221; do ingl\u00eas empurrar e o &#8220;Key&#8221; de chave juntos apresentam facilidade de ajuste ao usu\u00e1rio de maneira extraordin\u00e1ria, adicionada a sua \u00f3tima reten\u00e7\u00e3o e conforto ela passa a ser a suspens\u00e3o com o melhor custo x benef\u00edcio oferecida no mercado.<\/p>\n<p style=\"border: none;margin-top: 1.12em;margin-bottom: 1.12em;padding: 0px;font-family: Arial;font-size: 13px\">\u00a0<\/p>\n<p style=\"border: none;margin-top: 1.12em;margin-bottom: 1.12em;padding: 0px;font-family: Arial;font-size: 13px\"><strong style=\"border: none;margin: 0px;padding: 0px\">Capacete V-GARD\u00a0Aba Frontal Classe B(Tipo II) MSA<\/strong><\/p>\n<p style=\"border: none;margin-top: 1.12em;margin-bottom: 1.12em;padding: 0px;font-family: Arial;font-size: 13px\">Composto por casco em PEAD de alta densidade 100% virgem, cinta\/fita dupla em Poliamida, carneira em PEAD de baixa densidade e testeira absorvedora de suor produzida em Laminado de PVC at\u00f3xico revestida com espuma multiperfurada de poliuretano. Os capacetes MSA s\u00e3o projetados para atender com \u00eaxito as normas vigentes de prote\u00e7\u00e3o \u00e0 cabe\u00e7a, possuem CA regulamentado pelo Minist\u00e9rio do Trabalho e Emprego, est\u00e3o aprovados de acordo com as exig\u00eancias da ABNT NBR 8221 e possui certifica\u00e7\u00e3o INMETRO.<\/p>\n<p>\u00a0<\/p>\n","protected":false},"excerpt":{"rendered":"<p>Capacete V-GARD\u00a0Aba Frontal Classe B(Tipo II) em polietileno de alta densidade, dupla suspens\u00e3o PUSH KEY de f\u00e1cil ajuste com jugular em tecido, tira de absor\u00e7\u00e3o de<span class=\"excerpt-hellip\"> [\u2026]<\/span><\/p>\n","protected":false},"featured_media":544,"template":"","meta":{"_joinchat":[]},"product_brand":[],"product_cat":[26],"product_tag":[],"class_list":{"0":"post-545","1":"product","2":"type-product","3":"status-publish","4":"has-post-thumbnail","6":"product_cat-vestimentas-de-seguranca","8":"first","9":"instock","10":"shipping-taxable","11":"purchasable","12":"product-type-simple"},"_links":{"self":[{"href":"https:\/\/casadaluva.com.br\/index\/wp-json\/wp\/v2\/product\/545","targetHints":{"allow":["GET"]}}],"collection":[{"href":"https:\/\/casadaluva.com.br\/index\/wp-json\/wp\/v2\/product"}],"about":[{"href":"https:\/\/casadaluva.com.br\/index\/wp-json\/wp\/v2\/types\/product"}],"wp:featuredmedia":[{"embeddable":true,"href":"https:\/\/casadaluva.com.br\/index\/wp-json\/wp\/v2\/media\/544"}],"wp:attachment":[{"href":"https:\/\/casadaluva.com.br\/index\/wp-json\/wp\/v2\/media?parent=545"}],"wp:term":[{"taxonomy":"product_brand","embeddable":true,"href":"https:\/\/casadaluva.com.br\/index\/wp-json\/wp\/v2\/product_brand?post=545"},{"taxonomy":"product_cat","embeddable":true,"href":"https:\/\/casadaluva.com.br\/index\/wp-json\/wp\/v2\/product_cat?post=545"},{"taxonomy":"product_tag","embeddable":true,"href":"https:\/\/casadaluva.com.br\/index\/wp-json\/wp\/v2\/product_tag?post=545"}],"curies":[{"name":"wp","href":"https:\/\/api.w.org\/{rel}","templated":true}]}}