{"id":547,"date":"2023-06-27T13:24:11","date_gmt":"2023-06-27T16:24:11","guid":{"rendered":"https:\/\/casadaluva.com.br\/index\/produto\/protetor-abafador-tipo-concha-para-capacete-xls-msa\/"},"modified":"2025-10-22T16:55:18","modified_gmt":"2025-10-22T19:55:18","slug":"protetor-abafador-tipo-concha-para-capacete-xls-msa","status":"publish","type":"product","link":"https:\/\/casadaluva.com.br\/index\/produto\/protetor-abafador-tipo-concha-para-capacete-xls-msa\/","title":{"rendered":"PROTETOR ABAFADOR TIPO CONCHA PARA CAPACETE XLS MSA"},"content":{"rendered":"<h1 class=\"product-name mt-0 d-lg-block d-none\" style=\"margin: 0.9375rem 0px;line-height: 4.375rem;font-size: 3.125rem;font-family: 'Titillium Web', 'Open Sans', sans-serif\">Abafador de Ru\u00eddo XLS<\/h1>\n<div class=\"pdp-redesign-description--wrap\" style=\"font-family: 'Open Sans', sans-serif;font-size: 16px\">\n<div class=\"productDescription flleft\">\n<div class=\"clear\"><\/div>\n<div class=\"description-body\">\n<div class=\"pdp-redesign-description--body\" style=\"font-size: 1.125rem\">\n<p>O abafador de ru\u00eddos para uso com capacete V-Gard XLS &#8211; Tipo Kit \u00e9 composto por duas conchas de ABS, duas espumas internas de PU &#8211; Poliuretano, garfo acoplador em PA6.6 &#8211; Poliamida com fibra e haste met\u00e1lica em a\u00e7o mola (somente na parte interna da haste), e atenua\u00e7\u00e3o de 20dB NRRsf. Confort\u00e1vel e flex\u00edvel proporciona melhor ajuste \u00e0 , al\u00e9m de excelente veda\u00e7\u00e3o e m\u00e1xima prote\u00e7\u00e3o ao usu\u00e1rio.<\/p>\n<div class=\"pdp-redesign--section-heading\" style=\"font-family: 'Titillium Web', 'Open Sans', sans-serif;font-size: 1.5rem;font-weight: 600;line-height: 1.625rem;padding-top: 3.125rem;padding-bottom: 1.25rem;margin-bottom: 1.5625rem;border-bottom: 1px solid #ebebeb;text-transform: uppercase\">DESTAQUES<\/div>\n<div class=\"pdp-redesign--section-content\" style=\"font-size: 16px\"><\/div>\n<div class=\"pdp-redesign--section-content\" style=\"font-size: 16px\">\n<ul style=\"margin: 1em 0px;padding: 0px 0px 0px 2.5rem\">\n<li>Confort\u00e1vel<\/li>\n<li>Facilmente Ajust\u00e1vel<\/li>\n<li>N\u00e3o possui partes met\u00e1licas expostas<\/li>\n<li>Possui kit higi\u00eanico para manuten\u00e7\u00e3o<\/li>\n<\/ul>\n<div class=\"pdp-redesign--section-heading\" style=\"font-family: 'Titillium Web', 'Open Sans', sans-serif;font-size: 1.5rem;font-weight: 600;line-height: 1.625rem;padding-top: 3.125rem;padding-bottom: 1.25rem;margin-bottom: 1.5625rem;border-bottom: 1px solid #ebebeb;text-transform: uppercase\">APROVA\u00c7\u00d5ES<\/div>\n<div class=\"pdp-redesign--approval-certificates-not-found\">Aprova\u00e7\u00f5es sujeitas a altera\u00e7\u00e3o sem aviso pr\u00e9vio e podem ser diferentes de acordo com a configura\u00e7\u00e3o, c\u00f3digo e\/ou pa\u00eds.Entre em contato com o Servi\u00e7o de Atendimento ao Cliente ou verifique a etiqueta de aprova\u00e7\u00e3o no produto para informa\u00e7\u00f5es espec\u00edficas de certifica\u00e7\u00e3o.<\/div>\n<div class=\"pdp-redesign--section-content\">\n<p style=\"margin-top: 1em;margin-bottom: 1em\">MSA XLS Ear Muffs are third party tested in accordance with ANSI S3.19-1974 and meet CSA Class A.<\/p>\n<\/div>\n<\/div>\n<\/div>\n<\/div>\n<\/div>\n<\/div>\n","protected":false},"excerpt":{"rendered":"<p>Abafador de Ru\u00eddo XLS O abafador de ru\u00eddos para uso com capacete V-Gard XLS &#8211; Tipo Kit \u00e9 composto por duas conchas de ABS, duas espumas<span class=\"excerpt-hellip\"> [\u2026]<\/span><\/p>\n","protected":false},"featured_media":546,"template":"","meta":{"_joinchat":[]},"product_brand":[],"product_cat":[32],"product_tag":[],"class_list":{"0":"post-547","1":"product","2":"type-product","3":"status-publish","4":"has-post-thumbnail","6":"product_cat-protetores-auditivos","8":"first","9":"outofstock","10":"shipping-taxable","11":"purchasable","12":"product-type-simple"},"_links":{"self":[{"href":"https:\/\/casadaluva.com.br\/index\/wp-json\/wp\/v2\/product\/547","targetHints":{"allow":["GET"]}}],"collection":[{"href":"https:\/\/casadaluva.com.br\/index\/wp-json\/wp\/v2\/product"}],"about":[{"href":"https:\/\/casadaluva.com.br\/index\/wp-json\/wp\/v2\/types\/product"}],"wp:featuredmedia":[{"embeddable":true,"href":"https:\/\/casadaluva.com.br\/index\/wp-json\/wp\/v2\/media\/546"}],"wp:attachment":[{"href":"https:\/\/casadaluva.com.br\/index\/wp-json\/wp\/v2\/media?parent=547"}],"wp:term":[{"taxonomy":"product_brand","embeddable":true,"href":"https:\/\/casadaluva.com.br\/index\/wp-json\/wp\/v2\/product_brand?post=547"},{"taxonomy":"product_cat","embeddable":true,"href":"https:\/\/casadaluva.com.br\/index\/wp-json\/wp\/v2\/product_cat?post=547"},{"taxonomy":"product_tag","embeddable":true,"href":"https:\/\/casadaluva.com.br\/index\/wp-json\/wp\/v2\/product_tag?post=547"}],"curies":[{"name":"wp","href":"https:\/\/api.w.org\/{rel}","templated":true}]}}