{"id":552,"date":"2023-08-16T10:35:13","date_gmt":"2023-08-16T13:35:13","guid":{"rendered":"https:\/\/casadaluva.com.br\/index\/produto\/adesivo-veda-calha-pu-cinza-360g\/"},"modified":"2025-02-12T11:16:32","modified_gmt":"2025-02-12T14:16:32","slug":"adesivo-veda-calha-pu-cinza-360g","status":"publish","type":"product","link":"https:\/\/casadaluva.com.br\/index\/produto\/adesivo-veda-calha-pu-cinza-360g\/","title":{"rendered":"ADESIVO VEDA CALHA PU CINZA 360G"},"content":{"rendered":"<h1 style=\"margin: 0px 0px 0.5rem;padding: 0px 0px 16px;font-size: 3rem;font-family: Flexo, sans-serif;line-height: 1.2;color: #212529\">VEDACIT SELANTE PU CALHA<\/h1>\n<h4 class=\"item-title\" style=\"margin: 0px 0px 10px;padding: 0px;font-size: 1.25rem;font-family: Flexo, sans-serif;line-height: 1.2;color: #212529\">Descri\u00e7\u00e3o<\/h4>\n<p style=\"padding: 0px;font-size: 1.125rem;font-family: Roboto, sans-serif;line-height: 28px;color: #212529\">Vedacit PU Calha \u00e9 um selante e adesivo com tecnologia MS pol\u00edmero. \u00c9 um produto utilizado principalmente para veda\u00e7\u00e3o e colagem de calhas, rufos e telhas, sem necessidade de fixa\u00e7\u00e3o por rebite, parafuso ou solda. Possui excelente flexibilidade e resist\u00eancia ao sol e \u00e0 chuva. N\u00e3o escorre e ap\u00f3s secagem, pode ser pintado. Resiste a temperatura de -40\u00b0C at\u00e9 +80\u00b0C.<\/p>\n<div class=\"size-product\" style=\"margin: 0px;padding: 32px 0px 40px;font-size: 16px;font-family: Flexo, sans-serif;font-weight: bold;flex-flow: column;color: #212529\">\n<div class=\"label-size-product\" style=\"margin: 0px 12px 0px 0px;padding: 0px\">Tamanhos dispon\u00edveis<\/div>\n<p><span class=\"size-item\" style=\"margin: 0px;padding: 0px 0px 0px 32px;font-size: 1.125rem;font-family: Roboto;color: #000000;font-weight: 400;line-height: 28px\">360 g<\/span><\/div>\n","protected":false},"excerpt":{"rendered":"<p>VEDACIT SELANTE PU CALHA Descri\u00e7\u00e3o Vedacit PU Calha \u00e9 um selante e adesivo com tecnologia MS pol\u00edmero. \u00c9 um produto utilizado principalmente para veda\u00e7\u00e3o e colagem<span class=\"excerpt-hellip\"> [\u2026]<\/span><\/p>\n","protected":false},"featured_media":876,"template":"","meta":{"_joinchat":[]},"product_brand":[],"product_cat":[35],"product_tag":[],"class_list":{"0":"post-552","1":"product","2":"type-product","3":"status-publish","4":"has-post-thumbnail","6":"product_cat-obras","8":"first","9":"outofstock","10":"shipping-taxable","11":"purchasable","12":"product-type-simple"},"_links":{"self":[{"href":"https:\/\/casadaluva.com.br\/index\/wp-json\/wp\/v2\/product\/552","targetHints":{"allow":["GET"]}}],"collection":[{"href":"https:\/\/casadaluva.com.br\/index\/wp-json\/wp\/v2\/product"}],"about":[{"href":"https:\/\/casadaluva.com.br\/index\/wp-json\/wp\/v2\/types\/product"}],"wp:featuredmedia":[{"embeddable":true,"href":"https:\/\/casadaluva.com.br\/index\/wp-json\/wp\/v2\/media\/876"}],"wp:attachment":[{"href":"https:\/\/casadaluva.com.br\/index\/wp-json\/wp\/v2\/media?parent=552"}],"wp:term":[{"taxonomy":"product_brand","embeddable":true,"href":"https:\/\/casadaluva.com.br\/index\/wp-json\/wp\/v2\/product_brand?post=552"},{"taxonomy":"product_cat","embeddable":true,"href":"https:\/\/casadaluva.com.br\/index\/wp-json\/wp\/v2\/product_cat?post=552"},{"taxonomy":"product_tag","embeddable":true,"href":"https:\/\/casadaluva.com.br\/index\/wp-json\/wp\/v2\/product_tag?post=552"}],"curies":[{"name":"wp","href":"https:\/\/api.w.org\/{rel}","templated":true}]}}