{"id":553,"date":"2023-08-16T10:35:16","date_gmt":"2023-08-16T13:35:16","guid":{"rendered":"https:\/\/casadaluva.com.br\/index\/produto\/espacador-para-ferragem-de-piso-e-sapata-ac-40\/"},"modified":"2026-04-11T10:13:56","modified_gmt":"2026-04-11T13:13:56","slug":"espacador-para-ferragem-de-piso-e-sapata-ac-40","status":"publish","type":"product","link":"https:\/\/casadaluva.com.br\/index\/produto\/espacador-para-ferragem-de-piso-e-sapata-ac-40\/","title":{"rendered":"ESPACADOR PARA FERRAGEM DE PISO E SAPATA AC 40"},"content":{"rendered":"<h1 class=\"MuiTypography-root MuiTypography-h2 MuiTypography-alignLeft ssr-10p2er0\" style=\"font-family: Roboto, Helvetica, Arial, sans-serif;margin: 0px;font-size: min(7.8vw, 2.5rem);padding: 1vh 0px;line-height: 1.2;letter-spacing: -0.00833em;background-color: #ebebeb\">Modelo AC<\/h1>\n<div class=\"MuiChip-root MuiChip-filled MuiChip-sizeSmall MuiChip-colorSecondary MuiChip-filledSecondary ssr-l5hs89\" style=\"font-family: Roboto, Helvetica, Arial, sans-serif;font-size: 0.8125rem;align-items: center;justify-content: center;height: 24px;color: #ffffff;background-color: #383669;border-radius: 16px;cursor: default;border: 0px;padding: 0px;vertical-align: middle;margin: 3px\"><\/div>\n<p style=\"font-family: Roboto, Helvetica, sans-serif;font-size: 20.8px;letter-spacing: 0.195104px;text-align: justify;background-color: #ebebeb\">\u00a0<\/p>\n<p style=\"font-family: Roboto, Helvetica, sans-serif;font-size: 20.8px;letter-spacing: 0.195104px;text-align: justify;background-color: #ebebeb\">\u00a0<\/p>\n<p style=\"font-family: Roboto, Helvetica, sans-serif;font-size: 20.8px;letter-spacing: 0.195104px;text-align: justify;background-color: #ebebeb\">Apoio pl\u00e1stico para cordoalha, tamb\u00e9m utilizado em ferragens horizontais e pisos de radier, garantindo a estabiliza\u00e7\u00e3o da funda\u00e7\u00e3o direta sobre o solo.<\/p>\n<p style=\"font-family: Roboto, Helvetica, sans-serif;font-size: 20.8px;letter-spacing: 0.195104px;text-align: justify;background-color: #ebebeb\">Base circular vazada que impede que o modelo afunde ou danifique a lona, podendo ser aplicado em solos com brita ou base irregular.<\/p>\n","protected":false},"excerpt":{"rendered":"<p>Modelo AC \u00a0 \u00a0 Apoio pl\u00e1stico para cordoalha, tamb\u00e9m utilizado em ferragens horizontais e pisos de radier, garantindo a estabiliza\u00e7\u00e3o da funda\u00e7\u00e3o direta sobre o solo.<span class=\"excerpt-hellip\"> [\u2026]<\/span><\/p>\n","protected":false},"featured_media":877,"template":"","meta":{"_joinchat":[]},"product_brand":[],"product_cat":[35],"product_tag":[],"class_list":{"0":"post-553","1":"product","2":"type-product","3":"status-publish","4":"has-post-thumbnail","6":"product_cat-obras","8":"first","9":"instock","10":"sale","11":"shipping-taxable","12":"purchasable","13":"product-type-simple"},"_links":{"self":[{"href":"https:\/\/casadaluva.com.br\/index\/wp-json\/wp\/v2\/product\/553","targetHints":{"allow":["GET"]}}],"collection":[{"href":"https:\/\/casadaluva.com.br\/index\/wp-json\/wp\/v2\/product"}],"about":[{"href":"https:\/\/casadaluva.com.br\/index\/wp-json\/wp\/v2\/types\/product"}],"wp:featuredmedia":[{"embeddable":true,"href":"https:\/\/casadaluva.com.br\/index\/wp-json\/wp\/v2\/media\/877"}],"wp:attachment":[{"href":"https:\/\/casadaluva.com.br\/index\/wp-json\/wp\/v2\/media?parent=553"}],"wp:term":[{"taxonomy":"product_brand","embeddable":true,"href":"https:\/\/casadaluva.com.br\/index\/wp-json\/wp\/v2\/product_brand?post=553"},{"taxonomy":"product_cat","embeddable":true,"href":"https:\/\/casadaluva.com.br\/index\/wp-json\/wp\/v2\/product_cat?post=553"},{"taxonomy":"product_tag","embeddable":true,"href":"https:\/\/casadaluva.com.br\/index\/wp-json\/wp\/v2\/product_tag?post=553"}],"curies":[{"name":"wp","href":"https:\/\/api.w.org\/{rel}","templated":true}]}}