{"id":560,"date":"2023-08-16T10:36:26","date_gmt":"2023-08-16T13:36:26","guid":{"rendered":"https:\/\/casadaluva.com.br\/index\/produto\/lona-plastica-media-4-x-50-m-preta\/"},"modified":"2024-01-04T12:59:29","modified_gmt":"2024-01-04T15:59:29","slug":"lona-plastica-media-4-x-50-m-preta","status":"publish","type":"product","link":"https:\/\/casadaluva.com.br\/index\/produto\/lona-plastica-media-4-x-50-m-preta\/","title":{"rendered":"LONA PLASTICA MEDIA 4 X 50 M PRETA"},"content":{"rendered":"<p>A Lona pl\u00e1stica \u00e9 um produto muito \u00fatil para diversas aplica\u00e7\u00f5es. \u00c9 um produto de pl\u00e1stico reciclado, vendido em diversas medidas, as mais usuais s\u00e3o rolos de 4 metros por 100 metros ou 4 metros por 50 metros.<\/p>\n<p>O que define a espessura ou micras da lona \u00e9 o seu peso e tamanho, para isso existe uma conta b\u00e1sica.<\/p>\n<p>As micras da lona podem ser calculadas da seguinte forma:<\/p>\n<p>Micra \u00e9 igual ao peso dividido pela \u00e1rea vezes mil.<\/p>\n<p>M = (P \/ A) x 1000<\/p>\n<p>Por exemplo: lona de 4 x 50 metros de 30Kg<\/p>\n<p>M = (30 \/ 200) x 1000<\/p>\n<p>M = 0,15 x 1000<\/p>\n<p>M = 150 micras<\/p>\n","protected":false},"excerpt":{"rendered":"<p>A Lona pl\u00e1stica \u00e9 um produto muito \u00fatil para diversas aplica\u00e7\u00f5es. \u00c9 um produto de pl\u00e1stico reciclado, vendido em diversas medidas, as mais usuais s\u00e3o rolos<span class=\"excerpt-hellip\"> [\u2026]<\/span><\/p>\n","protected":false},"featured_media":782,"template":"","meta":{"_joinchat":[]},"product_brand":[],"product_cat":[23],"product_tag":[],"class_list":{"0":"post-560","1":"product","2":"type-product","3":"status-publish","4":"has-post-thumbnail","6":"product_cat-departamentos","8":"first","9":"instock","10":"shipping-taxable","11":"product-type-simple"},"_links":{"self":[{"href":"https:\/\/casadaluva.com.br\/index\/wp-json\/wp\/v2\/product\/560","targetHints":{"allow":["GET"]}}],"collection":[{"href":"https:\/\/casadaluva.com.br\/index\/wp-json\/wp\/v2\/product"}],"about":[{"href":"https:\/\/casadaluva.com.br\/index\/wp-json\/wp\/v2\/types\/product"}],"wp:featuredmedia":[{"embeddable":true,"href":"https:\/\/casadaluva.com.br\/index\/wp-json\/wp\/v2\/media\/782"}],"wp:attachment":[{"href":"https:\/\/casadaluva.com.br\/index\/wp-json\/wp\/v2\/media?parent=560"}],"wp:term":[{"taxonomy":"product_brand","embeddable":true,"href":"https:\/\/casadaluva.com.br\/index\/wp-json\/wp\/v2\/product_brand?post=560"},{"taxonomy":"product_cat","embeddable":true,"href":"https:\/\/casadaluva.com.br\/index\/wp-json\/wp\/v2\/product_cat?post=560"},{"taxonomy":"product_tag","embeddable":true,"href":"https:\/\/casadaluva.com.br\/index\/wp-json\/wp\/v2\/product_tag?post=560"}],"curies":[{"name":"wp","href":"https:\/\/api.w.org\/{rel}","templated":true}]}}