{"id":564,"date":"2023-08-16T10:38:34","date_gmt":"2023-08-16T13:38:34","guid":{"rendered":"https:\/\/casadaluva.com.br\/index\/produto\/fio-de-solda-10-mm-tubo-c-25g\/"},"modified":"2026-04-11T10:13:56","modified_gmt":"2026-04-11T13:13:56","slug":"fio-de-solda-10-mm-tubo-c-25g","status":"publish","type":"product","link":"https:\/\/casadaluva.com.br\/index\/produto\/fio-de-solda-10-mm-tubo-c-25g\/","title":{"rendered":"FIO DE SOLDA 1,0 MM TUBO C\/ 25G"},"content":{"rendered":"<p>Essa liga de solda foi especialmente desenvolvida para utiliza\u00e7\u00e3o na eletr\u00f4nica, mas precisamente na soldagem de componentes eletr\u00f4nicos em placas de circuito impresso e fios em geral devido ao ponto de fus\u00e3o ideal para n\u00e3o danificar os componentes da placa por excesso de temperatura.<\/p>\n<p>Solda mais baratas, tem qualidade inferior o que reflete na hora de soldar, a solda fica rugosa, sem brilho, aparentando uma solda fria, com a solda da marca Best n\u00e3 acontece isso, a solda fica bonita e bem firme, facilitando a inspe\u00e7\u00e3o visual, desta forma obt\u00eam-se uma solda de qualidade profissional.<\/p>\n<p>O baixo ponto de fus\u00e3o consegue-se com uma liga met\u00e1lica composta de 60% de estanho (Sn) e 40% de chumbo (Pb) e um fluxo interno.<\/p>\n<p>Temos rolos com 500 gramas de solda para quem trabalha constantemente com eletr\u00f4nica, mas muitas vezes n\u00e3o se deseja investir tanto em rolo com tanta solda, ent\u00e3o esse tubo com 22 gramas de solda, \u00e9 ideal para quem precisa eventualmente, esporadicamente consertar algum aparelho eletr\u00f4nico, placa de circuito impresso, soldar alguns componentes , fios ou cabos etc&#8230;<\/p>\n<p>Caracter\u00edsticas T\u00e9cnicas da Estanho Para Solda Tubo 25gr Fio De 1mm Marca Best Liga: 63\/37:<\/p>\n<p>Marca BEST<br \/>\nModelo 189 MSX10<br \/>\nFio com di\u00e2metro de 1.0mm<br \/>\nComposi\u00e7\u00e3o com 60% Estanho (Sn) e\/ 40% Chumbo (Pb) com fluxo interno de Fluxo 2,4%<br \/>\nTubo com aproximadamente 9,8 cm de altura e 2,5 cm de di\u00e2metro<br \/>\nPeso da solda 25g<br \/>\nPeso da solda com tubo 33,6g<\/p>\n<p>&nbsp;<\/p>\n","protected":false},"excerpt":{"rendered":"<p>Essa liga de solda foi especialmente desenvolvida para utiliza\u00e7\u00e3o na eletr\u00f4nica, mas precisamente na soldagem de componentes eletr\u00f4nicos em placas de circuito impresso e fios em<span class=\"excerpt-hellip\"> [\u2026]<\/span><\/p>\n","protected":false},"featured_media":779,"template":"","meta":{"_joinchat":[]},"product_brand":[],"product_cat":[35],"product_tag":[],"class_list":{"0":"post-564","1":"product","2":"type-product","3":"status-publish","4":"has-post-thumbnail","6":"product_cat-obras","8":"first","9":"instock","10":"shipping-taxable","11":"purchasable","12":"product-type-simple"},"_links":{"self":[{"href":"https:\/\/casadaluva.com.br\/index\/wp-json\/wp\/v2\/product\/564","targetHints":{"allow":["GET"]}}],"collection":[{"href":"https:\/\/casadaluva.com.br\/index\/wp-json\/wp\/v2\/product"}],"about":[{"href":"https:\/\/casadaluva.com.br\/index\/wp-json\/wp\/v2\/types\/product"}],"wp:featuredmedia":[{"embeddable":true,"href":"https:\/\/casadaluva.com.br\/index\/wp-json\/wp\/v2\/media\/779"}],"wp:attachment":[{"href":"https:\/\/casadaluva.com.br\/index\/wp-json\/wp\/v2\/media?parent=564"}],"wp:term":[{"taxonomy":"product_brand","embeddable":true,"href":"https:\/\/casadaluva.com.br\/index\/wp-json\/wp\/v2\/product_brand?post=564"},{"taxonomy":"product_cat","embeddable":true,"href":"https:\/\/casadaluva.com.br\/index\/wp-json\/wp\/v2\/product_cat?post=564"},{"taxonomy":"product_tag","embeddable":true,"href":"https:\/\/casadaluva.com.br\/index\/wp-json\/wp\/v2\/product_tag?post=564"}],"curies":[{"name":"wp","href":"https:\/\/api.w.org\/{rel}","templated":true}]}}