{"id":565,"date":"2023-08-16T10:38:37","date_gmt":"2023-08-16T13:38:37","guid":{"rendered":"https:\/\/casadaluva.com.br\/index\/produto\/pedestal-tipo-girafa-p-microfone-c-cachimbo-preto\/"},"modified":"2026-04-11T10:13:56","modified_gmt":"2026-04-11T13:13:56","slug":"pedestal-tipo-girafa-p-microfone-c-cachimbo-preto","status":"publish","type":"product","link":"https:\/\/casadaluva.com.br\/index\/produto\/pedestal-tipo-girafa-p-microfone-c-cachimbo-preto\/","title":{"rendered":"PEDESTAL TIPO GIRAFA P\/ MICROFONE C\/ CACHIMBO PRETO"},"content":{"rendered":"<p>Pedestal para microfone de alta qualidade, onde conta com uma produ\u00e7\u00e3o nacional dedicada e 100% pr\u00f3pria, garantindo uma qualidade melhor do produto. Seus tubos s\u00e3o refor\u00e7ados, e sua composi\u00e7\u00e3o \u00e9 de acabamento em polipropileno, rebites em alum\u00ednio e pintura eletrost\u00e1tica.<\/p>\n<p>O Pedestal ainda conta com regulagem de altura que proporciona conforto para seus usu\u00e1rios, possibilitando o mesmo criar diversos modos de uso conforme a necessidade de cada opera\u00e7\u00e3o em seus trabalhos.<\/p>\n<p>Pesando somente 1,5kg o produto \u00e9 f\u00e1cil para montar e desmontar, ajudando em seu manuseio.<\/p>\n<p>Modelo: PMV-100P<br \/>Possui haste telesc\u00f3pica com ajuste de inclina\u00e7\u00e3o e dist\u00e2ncia em uma s\u00f3 opera\u00e7\u00e3o.<br \/>Marca: Vector<br \/>Cor: Preto<br \/>Acompanha cachimbo<\/p>\n<p>Altura m\u00ednima: 0,99m<br \/>Altura m\u00e1xima: 2,00m<br \/>Peso L\u00edquido: 1,5 kg<\/p>\n<p>Tubo 7\/8 x 0,75mm<br \/>Tubo 5\/8 x 0,75mm<\/p>\n","protected":false},"excerpt":{"rendered":"<p>Pedestal para microfone de alta qualidade, onde conta com uma produ\u00e7\u00e3o nacional dedicada e 100% pr\u00f3pria, garantindo uma qualidade melhor do produto. Seus tubos s\u00e3o refor\u00e7ados,<span class=\"excerpt-hellip\"> [\u2026]<\/span><\/p>\n","protected":false},"featured_media":879,"template":"","meta":{"_joinchat":[]},"product_brand":[],"product_cat":[35],"product_tag":[],"class_list":{"0":"post-565","1":"product","2":"type-product","3":"status-publish","4":"has-post-thumbnail","6":"product_cat-obras","8":"first","9":"instock","10":"shipping-taxable","11":"purchasable","12":"product-type-simple"},"_links":{"self":[{"href":"https:\/\/casadaluva.com.br\/index\/wp-json\/wp\/v2\/product\/565","targetHints":{"allow":["GET"]}}],"collection":[{"href":"https:\/\/casadaluva.com.br\/index\/wp-json\/wp\/v2\/product"}],"about":[{"href":"https:\/\/casadaluva.com.br\/index\/wp-json\/wp\/v2\/types\/product"}],"wp:featuredmedia":[{"embeddable":true,"href":"https:\/\/casadaluva.com.br\/index\/wp-json\/wp\/v2\/media\/879"}],"wp:attachment":[{"href":"https:\/\/casadaluva.com.br\/index\/wp-json\/wp\/v2\/media?parent=565"}],"wp:term":[{"taxonomy":"product_brand","embeddable":true,"href":"https:\/\/casadaluva.com.br\/index\/wp-json\/wp\/v2\/product_brand?post=565"},{"taxonomy":"product_cat","embeddable":true,"href":"https:\/\/casadaluva.com.br\/index\/wp-json\/wp\/v2\/product_cat?post=565"},{"taxonomy":"product_tag","embeddable":true,"href":"https:\/\/casadaluva.com.br\/index\/wp-json\/wp\/v2\/product_tag?post=565"}],"curies":[{"name":"wp","href":"https:\/\/api.w.org\/{rel}","templated":true}]}}