{"id":568,"date":"2023-08-16T10:39:10","date_gmt":"2023-08-16T13:39:10","guid":{"rendered":"https:\/\/casadaluva.com.br\/index\/produto\/abracadeira-insulock-em-nylon-p-amarracao-25-x-200mm-c-100\/"},"modified":"2025-05-29T10:05:35","modified_gmt":"2025-05-29T13:05:35","slug":"abracadeira-insulock-em-nylon-p-amarracao-25-x-200mm-c-100","status":"publish","type":"product","link":"https:\/\/casadaluva.com.br\/index\/produto\/abracadeira-insulock-em-nylon-p-amarracao-25-x-200mm-c-100\/","title":{"rendered":"ABRACADEIRA INSULOCK EM NYLON P\/ AMARRACAO 2,5 X 200MM C\/ 100"},"content":{"rendered":"<p>&#8211; Abra\u00e7adeira De Nylon Branca<br \/>\n&#8211; Marca: Starfer\/Eda<\/p>\n<p>&#8211; Tamanho:<br \/>\nLargura: 2,5 mm<br \/>\nComprimento: 200 mm<\/p>\n<p>&#8211; Pacote Com 100 Pe\u00e7as<br \/>\n&#8211; Resistente e Dur\u00e1vel<br \/>\n&#8211; Indicado Para o Uso Industrial, Domestica, Oficinas, etc&#8230;<br \/>\n&#8211; Para a Fixa\u00e7\u00e3o Diversa em Cabos El\u00e9tricos, Ve\u00edculos, , Ve\u00edculos, Bicicletas, etc&#8230;<br \/>\n&#8211; Material: Nylon<\/p>\n","protected":false},"excerpt":{"rendered":"<p>&#8211; Abra\u00e7adeira De Nylon Branca &#8211; Marca: Starfer\/Eda &#8211; Tamanho: Largura: 2,5 mm Comprimento: 200 mm &#8211; Pacote Com 100 Pe\u00e7as &#8211; Resistente e Dur\u00e1vel &#8211;<span class=\"excerpt-hellip\"> [\u2026]<\/span><\/p>\n","protected":false},"featured_media":776,"template":"","meta":{"_joinchat":[]},"product_brand":[],"product_cat":[35],"product_tag":[],"class_list":{"0":"post-568","1":"product","2":"type-product","3":"status-publish","4":"has-post-thumbnail","6":"product_cat-obras","8":"first","9":"instock","10":"shipping-taxable","11":"purchasable","12":"product-type-simple"},"_links":{"self":[{"href":"https:\/\/casadaluva.com.br\/index\/wp-json\/wp\/v2\/product\/568","targetHints":{"allow":["GET"]}}],"collection":[{"href":"https:\/\/casadaluva.com.br\/index\/wp-json\/wp\/v2\/product"}],"about":[{"href":"https:\/\/casadaluva.com.br\/index\/wp-json\/wp\/v2\/types\/product"}],"wp:featuredmedia":[{"embeddable":true,"href":"https:\/\/casadaluva.com.br\/index\/wp-json\/wp\/v2\/media\/776"}],"wp:attachment":[{"href":"https:\/\/casadaluva.com.br\/index\/wp-json\/wp\/v2\/media?parent=568"}],"wp:term":[{"taxonomy":"product_brand","embeddable":true,"href":"https:\/\/casadaluva.com.br\/index\/wp-json\/wp\/v2\/product_brand?post=568"},{"taxonomy":"product_cat","embeddable":true,"href":"https:\/\/casadaluva.com.br\/index\/wp-json\/wp\/v2\/product_cat?post=568"},{"taxonomy":"product_tag","embeddable":true,"href":"https:\/\/casadaluva.com.br\/index\/wp-json\/wp\/v2\/product_tag?post=568"}],"curies":[{"name":"wp","href":"https:\/\/api.w.org\/{rel}","templated":true}]}}