{"id":570,"date":"2023-08-16T10:39:14","date_gmt":"2023-08-16T13:39:14","guid":{"rendered":"https:\/\/casadaluva.com.br\/index\/produto\/caixa-passagem-dreno-reversivel-p-evaporadora\/"},"modified":"2026-04-11T10:13:56","modified_gmt":"2026-04-11T13:13:56","slug":"caixa-passagem-dreno-reversivel-p-evaporadora","status":"publish","type":"product","link":"https:\/\/casadaluva.com.br\/index\/produto\/caixa-passagem-dreno-reversivel-p-evaporadora\/","title":{"rendered":"CAIXA PASSAGEM DRENO REVERSIVEL P\/ EVAPORADORA"},"content":{"rendered":"<p>CAIXA DE PASSAGEM PEQUENA PARA AR CONDICIONADO SPLIT COM DRENO HORIZONTAL (909014443)<\/p>\n<p>C\u00f3digo 909014443<\/p>\n<p>A instala\u00e7\u00e3o de seu Ar Condicionado pode gerar v\u00e1rios transtornos al\u00e9m da sujeira que isso pode causar devido aos buracos na parede.<br \/>A Caixa de Passagem foi feita pensada em lhe ajudar com essa quest\u00e3o, pois protege a tubula\u00e7\u00e3o da sujeira e do manuseio indevido, evitando o entupimento da tubula\u00e7\u00e3o de dreno. Ideal para quem quer manter a organiza\u00e7\u00e3o e layout de sua parede. Al\u00e9m disso conta com dreno linear que n\u00e3o permite acumulo de \u00e1gua e o fim da infiltra\u00e7\u00e3o na parede, podendo ser instalada de ambos os lados.<\/p>\n<p>PARA INSTALA\u00c7\u00c3O DE SPLIT HI-WALL<br \/>\u00c9 ideal para instala\u00e7\u00e3o acima de portas e janelas.<\/p>\n<p>Vantagens do produto:<\/p>\n<p>&#8211; Facilita ao executar o requadramento e pintura da parede.<br \/>&#8211; Promove acabamento na infraestrutura.<br \/>&#8211; Protege a tubula\u00e7\u00e3o durante a obra.<br \/>&#8211; Facilita a instala\u00e7\u00e3o do split, pois dispensa conex\u00e3o com o dreno.<br \/>&#8211; Evita quebras na parede e retoque na pintura para ajuste do dreno.<br \/>&#8211; Tem maior garantia e qualidade do servi\u00e7o.<\/p>\n<p>Caracter\u00edsticas:<\/p>\n<p>&#8211; Sanfona nos drenos para articula\u00e7\u00e3o.<br \/>&#8211; Suporte para fixa\u00e7\u00e3o de evaporadora incluso dentro da caixa.<br \/>&#8211; Rebaixo para fixa\u00e7\u00e3o em paredes de gesso acartonado (Dry wall).<\/p>\n","protected":false},"excerpt":{"rendered":"<p>CAIXA DE PASSAGEM PEQUENA PARA AR CONDICIONADO SPLIT COM DRENO HORIZONTAL (909014443) C\u00f3digo 909014443 A instala\u00e7\u00e3o de seu Ar Condicionado pode gerar v\u00e1rios transtornos al\u00e9m da<span class=\"excerpt-hellip\"> [\u2026]<\/span><\/p>\n","protected":false},"featured_media":696,"template":"","meta":{"_joinchat":[]},"product_brand":[],"product_cat":[35],"product_tag":[],"class_list":{"0":"post-570","1":"product","2":"type-product","3":"status-publish","4":"has-post-thumbnail","6":"product_cat-obras","8":"first","9":"instock","10":"sale","11":"shipping-taxable","12":"purchasable","13":"product-type-simple"},"_links":{"self":[{"href":"https:\/\/casadaluva.com.br\/index\/wp-json\/wp\/v2\/product\/570","targetHints":{"allow":["GET"]}}],"collection":[{"href":"https:\/\/casadaluva.com.br\/index\/wp-json\/wp\/v2\/product"}],"about":[{"href":"https:\/\/casadaluva.com.br\/index\/wp-json\/wp\/v2\/types\/product"}],"wp:featuredmedia":[{"embeddable":true,"href":"https:\/\/casadaluva.com.br\/index\/wp-json\/wp\/v2\/media\/696"}],"wp:attachment":[{"href":"https:\/\/casadaluva.com.br\/index\/wp-json\/wp\/v2\/media?parent=570"}],"wp:term":[{"taxonomy":"product_brand","embeddable":true,"href":"https:\/\/casadaluva.com.br\/index\/wp-json\/wp\/v2\/product_brand?post=570"},{"taxonomy":"product_cat","embeddable":true,"href":"https:\/\/casadaluva.com.br\/index\/wp-json\/wp\/v2\/product_cat?post=570"},{"taxonomy":"product_tag","embeddable":true,"href":"https:\/\/casadaluva.com.br\/index\/wp-json\/wp\/v2\/product_tag?post=570"}],"curies":[{"name":"wp","href":"https:\/\/api.w.org\/{rel}","templated":true}]}}