{"id":571,"date":"2023-08-16T10:39:16","date_gmt":"2023-08-16T13:39:16","guid":{"rendered":"https:\/\/casadaluva.com.br\/index\/produto\/suporte-articulado-para-sensor-infravermelho\/"},"modified":"2026-04-11T10:22:12","modified_gmt":"2026-04-11T13:22:12","slug":"suporte-articulado-para-sensor-infravermelho","status":"publish","type":"product","link":"https:\/\/casadaluva.com.br\/index\/produto\/suporte-articulado-para-sensor-infravermelho\/","title":{"rendered":"SUPORTE ARTICULADO PARA SENSOR INFRAVERMELHO"},"content":{"rendered":"<p>O Suporte Articulado para Sensor Infravermelho \u00e9 o item ideal para o seu projeto de alarme. Com ele ser\u00e1 poss\u00edvel a instala\u00e7\u00e3o do seu sensor com a base mais a articula\u00e7\u00e3o.<\/p>\n<p>Voc\u00ea poder\u00e1 fixar na parede utilizando parafuso ou dupla face de forma f\u00e1cil e simples. Ap\u00f3s a fixa\u00e7\u00e3o, basta colocar o sensor na outra base do seu suporte utilizando uma dupla face de qualidade.<\/p>\n<p>Este suporte articulado \u00e9 universal, podendo assim, encaix\u00e1-lo em praticamente todos os sensores infravermelho existentes no mercado. Leia a instru\u00e7\u00f5es do seu sensor para a melhor utiliza\u00e7\u00e3o do seu equipamento<\/p>\n","protected":false},"excerpt":{"rendered":"<p>O Suporte Articulado para Sensor Infravermelho \u00e9 o item ideal para o seu projeto de alarme. Com ele ser\u00e1 poss\u00edvel a instala\u00e7\u00e3o do seu sensor com<span class=\"excerpt-hellip\"> [\u2026]<\/span><\/p>\n","protected":false},"featured_media":880,"template":"","meta":{"_joinchat":[]},"product_brand":[],"product_cat":[35],"product_tag":[],"class_list":{"0":"post-571","1":"product","2":"type-product","3":"status-publish","4":"has-post-thumbnail","6":"product_cat-obras","8":"first","9":"instock","10":"shipping-taxable","11":"purchasable","12":"product-type-simple"},"_links":{"self":[{"href":"https:\/\/casadaluva.com.br\/index\/wp-json\/wp\/v2\/product\/571","targetHints":{"allow":["GET"]}}],"collection":[{"href":"https:\/\/casadaluva.com.br\/index\/wp-json\/wp\/v2\/product"}],"about":[{"href":"https:\/\/casadaluva.com.br\/index\/wp-json\/wp\/v2\/types\/product"}],"wp:featuredmedia":[{"embeddable":true,"href":"https:\/\/casadaluva.com.br\/index\/wp-json\/wp\/v2\/media\/880"}],"wp:attachment":[{"href":"https:\/\/casadaluva.com.br\/index\/wp-json\/wp\/v2\/media?parent=571"}],"wp:term":[{"taxonomy":"product_brand","embeddable":true,"href":"https:\/\/casadaluva.com.br\/index\/wp-json\/wp\/v2\/product_brand?post=571"},{"taxonomy":"product_cat","embeddable":true,"href":"https:\/\/casadaluva.com.br\/index\/wp-json\/wp\/v2\/product_cat?post=571"},{"taxonomy":"product_tag","embeddable":true,"href":"https:\/\/casadaluva.com.br\/index\/wp-json\/wp\/v2\/product_tag?post=571"}],"curies":[{"name":"wp","href":"https:\/\/api.w.org\/{rel}","templated":true}]}}