{"id":572,"date":"2023-08-16T10:39:18","date_gmt":"2023-08-16T13:39:18","guid":{"rendered":"https:\/\/casadaluva.com.br\/index\/produto\/rolo-de-pintura-poliester-parede-lisa-5cm\/"},"modified":"2026-04-12T22:31:10","modified_gmt":"2026-04-13T01:31:10","slug":"rolo-de-pintura-poliester-parede-lisa-5cm","status":"publish","type":"product","link":"https:\/\/casadaluva.com.br\/index\/produto\/rolo-de-pintura-poliester-parede-lisa-5cm\/","title":{"rendered":"ROLO DE PINTURA POLIESTER PAREDE LISA 5CM"},"content":{"rendered":"<p>ROLO ESPUMA 5CM ATLAS<br \/>Rolos de espuma 100% poli\u00e9ster e com densidade 30 (kg\/m3).<br \/>Resistentes a solventes minerais.<\/p>\n<p>INDICA\u00c7\u00c3O DE USO:<br \/>Indicado para superf\u00edcies lisas. Use com tintas esmalte, verniz, acr\u00edlica (pva). Produto resistente a solventes minerais, n\u00e3o utilizar com thinner.<\/p>\n<p>ANTES E DEPOIS DE USAR:<br \/>&#8211; Com tintas base \u00e1gua: Lavar e enxaguar com \u00e1gua.<br \/>&#8211; Com tintas base solvente: Lavar com solvente e enxaguar com \u00e1gua.<\/p>\n","protected":false},"excerpt":{"rendered":"<p>ROLO ESPUMA 5CM ATLASRolos de espuma 100% poli\u00e9ster e com densidade 30 (kg\/m3).Resistentes a solventes minerais. INDICA\u00c7\u00c3O DE USO:Indicado para superf\u00edcies lisas. Use com tintas esmalte,<span class=\"excerpt-hellip\"> [\u2026]<\/span><\/p>\n","protected":false},"featured_media":698,"template":"","meta":{"_joinchat":[]},"product_brand":[],"product_cat":[35],"product_tag":[],"class_list":{"0":"post-572","1":"product","2":"type-product","3":"status-publish","4":"has-post-thumbnail","6":"product_cat-obras","8":"first","9":"instock","10":"shipping-taxable","11":"purchasable","12":"product-type-simple"},"_links":{"self":[{"href":"https:\/\/casadaluva.com.br\/index\/wp-json\/wp\/v2\/product\/572","targetHints":{"allow":["GET"]}}],"collection":[{"href":"https:\/\/casadaluva.com.br\/index\/wp-json\/wp\/v2\/product"}],"about":[{"href":"https:\/\/casadaluva.com.br\/index\/wp-json\/wp\/v2\/types\/product"}],"wp:featuredmedia":[{"embeddable":true,"href":"https:\/\/casadaluva.com.br\/index\/wp-json\/wp\/v2\/media\/698"}],"wp:attachment":[{"href":"https:\/\/casadaluva.com.br\/index\/wp-json\/wp\/v2\/media?parent=572"}],"wp:term":[{"taxonomy":"product_brand","embeddable":true,"href":"https:\/\/casadaluva.com.br\/index\/wp-json\/wp\/v2\/product_brand?post=572"},{"taxonomy":"product_cat","embeddable":true,"href":"https:\/\/casadaluva.com.br\/index\/wp-json\/wp\/v2\/product_cat?post=572"},{"taxonomy":"product_tag","embeddable":true,"href":"https:\/\/casadaluva.com.br\/index\/wp-json\/wp\/v2\/product_tag?post=572"}],"curies":[{"name":"wp","href":"https:\/\/api.w.org\/{rel}","templated":true}]}}