{"id":573,"date":"2023-08-16T10:39:20","date_gmt":"2023-08-16T13:39:20","guid":{"rendered":"https:\/\/casadaluva.com.br\/index\/produto\/pincel-p-tinta-latexa-e-acrilica-2\/"},"modified":"2026-04-11T10:22:42","modified_gmt":"2026-04-11T13:22:42","slug":"pincel-p-tinta-latexa-e-acrilica-2","status":"publish","type":"product","link":"https:\/\/casadaluva.com.br\/index\/produto\/pincel-p-tinta-latexa-e-acrilica-2\/","title":{"rendered":"PINCEL P\/ TINTA LATEXA E ACRILICA 2&#8243;"},"content":{"rendered":"<p>Este Pincel Trincha (e) 2 300\/5 Atlas \u00e9 uma ferramenta essencial para qualquer pintor, seja profissional ou amador. Com cerdas cinza selecionadas, este pincel oferece uma excelente rela\u00e7\u00e3o qualidade-pre\u00e7o, sendo recomendado para uso com tintas l\u00e1tex e acr\u00edlica.<\/p>\n<p>A marca Atlas \u00e9 conhecida pela sua qualidade e durabilidade, garantindo que este pincel ir\u00e1 durar por muitos projetos de pintura. As cerdas pretas n\u00e3o s\u00f3 d\u00e3o um toque de eleg\u00e2ncia ao pincel, mas tamb\u00e9m garantem uma aplica\u00e7\u00e3o suave e uniforme da tinta.<\/p>\n<p>O modelo 300 \u00e9 um dos mais populares da marca, sendo conhecido pela sua versatilidade e facilidade de uso. Este pincel \u00e9 perfeito para uma variedade de projetos, desde a pintura de grandes superf\u00edcies at\u00e9 a realiza\u00e7\u00e3o de detalhes mais finos.<\/p>\n<p>Al\u00e9m disso, o tipo de produto, um pincel, significa que \u00e9 uma ferramenta indispens\u00e1vel para qualquer caixa de ferramentas de pintura. F\u00e1cil de limpar e de manter, este pincel Trincha (e) 2 300\/5 Atlas \u00e9 a escolha perfeita para todos os seus projetos de pintura.<\/p>\n","protected":false},"excerpt":{"rendered":"<p>Este Pincel Trincha (e) 2 300\/5 Atlas \u00e9 uma ferramenta essencial para qualquer pintor, seja profissional ou amador. Com cerdas cinza selecionadas, este pincel oferece uma<span class=\"excerpt-hellip\"> [\u2026]<\/span><\/p>\n","protected":false},"featured_media":699,"template":"","meta":{"_joinchat":[]},"product_brand":[],"product_cat":[35],"product_tag":[],"class_list":{"0":"post-573","1":"product","2":"type-product","3":"status-publish","4":"has-post-thumbnail","6":"product_cat-obras","8":"first","9":"outofstock","10":"shipping-taxable","11":"purchasable","12":"product-type-simple"},"_links":{"self":[{"href":"https:\/\/casadaluva.com.br\/index\/wp-json\/wp\/v2\/product\/573","targetHints":{"allow":["GET"]}}],"collection":[{"href":"https:\/\/casadaluva.com.br\/index\/wp-json\/wp\/v2\/product"}],"about":[{"href":"https:\/\/casadaluva.com.br\/index\/wp-json\/wp\/v2\/types\/product"}],"wp:featuredmedia":[{"embeddable":true,"href":"https:\/\/casadaluva.com.br\/index\/wp-json\/wp\/v2\/media\/699"}],"wp:attachment":[{"href":"https:\/\/casadaluva.com.br\/index\/wp-json\/wp\/v2\/media?parent=573"}],"wp:term":[{"taxonomy":"product_brand","embeddable":true,"href":"https:\/\/casadaluva.com.br\/index\/wp-json\/wp\/v2\/product_brand?post=573"},{"taxonomy":"product_cat","embeddable":true,"href":"https:\/\/casadaluva.com.br\/index\/wp-json\/wp\/v2\/product_cat?post=573"},{"taxonomy":"product_tag","embeddable":true,"href":"https:\/\/casadaluva.com.br\/index\/wp-json\/wp\/v2\/product_tag?post=573"}],"curies":[{"name":"wp","href":"https:\/\/api.w.org\/{rel}","templated":true}]}}