{"id":574,"date":"2023-08-16T10:39:23","date_gmt":"2023-08-16T13:39:23","guid":{"rendered":"https:\/\/casadaluva.com.br\/index\/produto\/bucha-toggler-bolt-p-drywall-1-4-c-parafuso\/"},"modified":"2026-04-11T10:13:55","modified_gmt":"2026-04-11T13:13:55","slug":"bucha-toggler-bolt-p-drywall-1-4-c-parafuso","status":"publish","type":"product","link":"https:\/\/casadaluva.com.br\/index\/produto\/bucha-toggler-bolt-p-drywall-1-4-c-parafuso\/","title":{"rendered":"BUCHA TOGGLER BOLT P\/ DRYWALL 1\/4&#8243; C\/ PARAFUSO"},"content":{"rendered":"<p>A Bucha Snaptoggle \u00e9 uma bucha destinada para materiais ocos, perfeita para fixa\u00e7\u00f5es em lumin\u00e1rias, ventiladores, pias, extintores etc, em placas drywall ou blocos ocos de concreto. A Walsywa fornece a bucha Snaptoggle em 4 medidas, de 3\/16&#8243; a 3\/8&#8243;.<\/p>\n<p>\u2022 Para ancoragens leves (como lumin\u00e1rias, quadros e pain\u00e9is) em sistemas de ancoragem de alta resist\u00eancia;<br \/>\u2022 Seguro, r\u00e1pido e f\u00e1cil de instalar;<br \/>\u2022 Perfeito para fixa\u00e7\u00e3o de lumin\u00e1rias, ventiladores, pias, extintores etc, em placas drywall ou blocos ocos de concreto;<br \/>\u2022 Ajust\u00e1vel \u00e0s diversas espessuras de chapas;<br \/>\u2022 Pr\u00e9-instala\u00e7\u00e3o \u00e9 feita em segundos;<br \/>\u2022 As tiras s\u00e3o produzidas em nylon, j\u00e1 a parte met\u00e1lica \u00e9 feita em a\u00e7o zincado brilhante;<br \/>\u2022 Fornecido com parafuso-m\u00e1quina.<\/p>\n","protected":false},"excerpt":{"rendered":"<p>A Bucha Snaptoggle \u00e9 uma bucha destinada para materiais ocos, perfeita para fixa\u00e7\u00f5es em lumin\u00e1rias, ventiladores, pias, extintores etc, em placas drywall ou blocos ocos de<span class=\"excerpt-hellip\"> [\u2026]<\/span><\/p>\n","protected":false},"featured_media":881,"template":"","meta":{"_joinchat":[]},"product_brand":[],"product_cat":[35],"product_tag":[],"class_list":{"0":"post-574","1":"product","2":"type-product","3":"status-publish","4":"has-post-thumbnail","6":"product_cat-obras","8":"first","9":"instock","10":"shipping-taxable","11":"purchasable","12":"product-type-simple"},"_links":{"self":[{"href":"https:\/\/casadaluva.com.br\/index\/wp-json\/wp\/v2\/product\/574","targetHints":{"allow":["GET"]}}],"collection":[{"href":"https:\/\/casadaluva.com.br\/index\/wp-json\/wp\/v2\/product"}],"about":[{"href":"https:\/\/casadaluva.com.br\/index\/wp-json\/wp\/v2\/types\/product"}],"wp:featuredmedia":[{"embeddable":true,"href":"https:\/\/casadaluva.com.br\/index\/wp-json\/wp\/v2\/media\/881"}],"wp:attachment":[{"href":"https:\/\/casadaluva.com.br\/index\/wp-json\/wp\/v2\/media?parent=574"}],"wp:term":[{"taxonomy":"product_brand","embeddable":true,"href":"https:\/\/casadaluva.com.br\/index\/wp-json\/wp\/v2\/product_brand?post=574"},{"taxonomy":"product_cat","embeddable":true,"href":"https:\/\/casadaluva.com.br\/index\/wp-json\/wp\/v2\/product_cat?post=574"},{"taxonomy":"product_tag","embeddable":true,"href":"https:\/\/casadaluva.com.br\/index\/wp-json\/wp\/v2\/product_tag?post=574"}],"curies":[{"name":"wp","href":"https:\/\/api.w.org\/{rel}","templated":true}]}}