{"id":579,"date":"2023-08-16T10:41:22","date_gmt":"2023-08-16T13:41:22","guid":{"rendered":"https:\/\/casadaluva.com.br\/index\/produto\/passarinheira-universal-cinza-c-10m\/"},"modified":"2026-04-11T10:13:48","modified_gmt":"2026-04-11T13:13:48","slug":"passarinheira-universal-cinza-c-10m","status":"publish","type":"product","link":"https:\/\/casadaluva.com.br\/index\/produto\/passarinheira-universal-cinza-c-10m\/","title":{"rendered":"PASSARINHEIRA UNIVERSAL CINZA C\/ 10M"},"content":{"rendered":"<p>As Passarinheiras s\u00e3o um acess\u00f3rio inovador no mercado que carregam em suas propriedades muitos benef\u00edcios. De instala\u00e7\u00e3o f\u00e1cil e r\u00e1pida, qualquer pessoa pode aplic\u00e1-las. S\u00e3o extremamente eficazes e trazem seguran\u00e7a e conforto para seu telhado. Por ser um produto barato e de f\u00e1cil aplica\u00e7\u00e3o, s\u00e3o um excelente investimento para garantir uma maior durabilidade para o forro do seu im\u00f3vel.<\/p>\n<p>Podem ser aplicadas em todos os tipos de telha e evitam a invas\u00e3o de aves, morcegos e grandes insetos, al\u00e9m de deixar sua cobertura totalmente ventilada, o que contribuir\u00e1 e muito para o conforto t\u00e9rmico do ambiente. A prote\u00e7\u00e3o do telhado \u00e9 de grande import\u00e2ncia para a preserva\u00e7\u00e3o da estrutura interna da cobertura e evitar a invas\u00e3o de animais indesejados contribuir\u00e1 muito neste processo de preserva\u00e7\u00e3o.<\/p>\n<p>Dicas para Aplica\u00e7\u00e3o:<br \/>&#8211; As pe\u00e7as da passarinheira universal devem ser aplicadas antes da coloca\u00e7\u00e3o das telhas e s\u00e3o pregadas no \u00faltimo sarrafo ao longo de todo o beiral.<br \/>&#8211; As pe\u00e7as da passarinheira individual devem ser aplicadas diretamente no beiral logo ap\u00f3s as telhas serem colocadas no lugar.<\/p>\n<p>Vantagens da utiliza\u00e7\u00e3o:<br \/>\u2022 Protege contra a invas\u00e3o de animais indesejados.<br \/>\u2022 Mant\u00e9m seu madeiramento limpo.<br \/>\u2022 Preservam a estrutura interna de seu telhado.<br \/>\u2022 Colaboram com a ventila\u00e7\u00e3o de sua cobertura.<br \/>\u2022 Instala\u00e7\u00e3o pr\u00e1tica e simples.<br \/>\u2022 Resistentes, Dur\u00e1veis e Flex\u00edveis.<\/p>\n<p>Caracter\u00edsticas T\u00e9cnicas do material:<br \/>Comprimento: 50 cm<br \/>Altura: 8 cm<br \/>Espessura: 1,5 mm<br \/>Pacote: 10 m Lineares (20 pe\u00e7as)<br \/>Material: Polipropileno<br \/>Fixa\u00e7\u00e3o: Pregos 10 x 7<\/p>\n","protected":false},"excerpt":{"rendered":"<p>As Passarinheiras s\u00e3o um acess\u00f3rio inovador no mercado que carregam em suas propriedades muitos benef\u00edcios. De instala\u00e7\u00e3o f\u00e1cil e r\u00e1pida, qualquer pessoa pode aplic\u00e1-las. S\u00e3o extremamente<span class=\"excerpt-hellip\"> [\u2026]<\/span><\/p>\n","protected":false},"featured_media":849,"template":"","meta":{"_joinchat":[]},"product_brand":[],"product_cat":[35],"product_tag":[],"class_list":{"0":"post-579","1":"product","2":"type-product","3":"status-publish","4":"has-post-thumbnail","6":"product_cat-obras","8":"first","9":"instock","10":"shipping-taxable","11":"purchasable","12":"product-type-simple"},"_links":{"self":[{"href":"https:\/\/casadaluva.com.br\/index\/wp-json\/wp\/v2\/product\/579","targetHints":{"allow":["GET"]}}],"collection":[{"href":"https:\/\/casadaluva.com.br\/index\/wp-json\/wp\/v2\/product"}],"about":[{"href":"https:\/\/casadaluva.com.br\/index\/wp-json\/wp\/v2\/types\/product"}],"wp:featuredmedia":[{"embeddable":true,"href":"https:\/\/casadaluva.com.br\/index\/wp-json\/wp\/v2\/media\/849"}],"wp:attachment":[{"href":"https:\/\/casadaluva.com.br\/index\/wp-json\/wp\/v2\/media?parent=579"}],"wp:term":[{"taxonomy":"product_brand","embeddable":true,"href":"https:\/\/casadaluva.com.br\/index\/wp-json\/wp\/v2\/product_brand?post=579"},{"taxonomy":"product_cat","embeddable":true,"href":"https:\/\/casadaluva.com.br\/index\/wp-json\/wp\/v2\/product_cat?post=579"},{"taxonomy":"product_tag","embeddable":true,"href":"https:\/\/casadaluva.com.br\/index\/wp-json\/wp\/v2\/product_tag?post=579"}],"curies":[{"name":"wp","href":"https:\/\/api.w.org\/{rel}","templated":true}]}}