{"id":581,"date":"2023-08-16T10:42:29","date_gmt":"2023-08-16T13:42:29","guid":{"rendered":"https:\/\/casadaluva.com.br\/index\/produto\/espacador-circular-universal-p-ferragem-s30\/"},"modified":"2026-04-11T10:13:55","modified_gmt":"2026-04-11T13:13:55","slug":"espacador-circular-universal-p-ferragem-s30","status":"publish","type":"product","link":"https:\/\/casadaluva.com.br\/index\/produto\/espacador-circular-universal-p-ferragem-s30\/","title":{"rendered":"ESPACADOR CIRCULAR UNIVERSAL P\/ FERRAGEM S30"},"content":{"rendered":"<p>ESPA\u00c7ADOR UNIVERSAL CIRCULAR TIPO BOLACHA COM COBRIMENTO DE 30MM<br \/>MARCA: JERUEL<br \/>MODELO: S30<\/p>\n<p>Espa\u00e7ador circular universal. Com perfil constru\u00eddo de maneira a diminuir o contato do mesmo com a f\u00f4rma e o encaixe do ferro, dificultando a sua sa\u00edda do a\u00e7o.<\/p>\n<p>Seu encaixe exclusivo possui um sistema de mola e contra-mola permitindo um alojamento perfeito do ferro.<\/p>\n<p>Indicado para ferragem vertical na constru\u00e7\u00e3o de paredes, colunas, lateral de vigas, postes, tubos e pr\u00e9-moldados de concreto.<\/p>\n","protected":false},"excerpt":{"rendered":"<p>ESPA\u00c7ADOR UNIVERSAL CIRCULAR TIPO BOLACHA COM COBRIMENTO DE 30MMMARCA: JERUELMODELO: S30 Espa\u00e7ador circular universal. Com perfil constru\u00eddo de maneira a diminuir o contato do mesmo com<span class=\"excerpt-hellip\"> [\u2026]<\/span><\/p>\n","protected":false},"featured_media":850,"template":"","meta":{"_joinchat":[]},"product_brand":[],"product_cat":[35],"product_tag":[],"class_list":{"0":"post-581","1":"product","2":"type-product","3":"status-publish","4":"has-post-thumbnail","6":"product_cat-obras","8":"first","9":"instock","10":"shipping-taxable","11":"purchasable","12":"product-type-simple"},"_links":{"self":[{"href":"https:\/\/casadaluva.com.br\/index\/wp-json\/wp\/v2\/product\/581","targetHints":{"allow":["GET"]}}],"collection":[{"href":"https:\/\/casadaluva.com.br\/index\/wp-json\/wp\/v2\/product"}],"about":[{"href":"https:\/\/casadaluva.com.br\/index\/wp-json\/wp\/v2\/types\/product"}],"wp:featuredmedia":[{"embeddable":true,"href":"https:\/\/casadaluva.com.br\/index\/wp-json\/wp\/v2\/media\/850"}],"wp:attachment":[{"href":"https:\/\/casadaluva.com.br\/index\/wp-json\/wp\/v2\/media?parent=581"}],"wp:term":[{"taxonomy":"product_brand","embeddable":true,"href":"https:\/\/casadaluva.com.br\/index\/wp-json\/wp\/v2\/product_brand?post=581"},{"taxonomy":"product_cat","embeddable":true,"href":"https:\/\/casadaluva.com.br\/index\/wp-json\/wp\/v2\/product_cat?post=581"},{"taxonomy":"product_tag","embeddable":true,"href":"https:\/\/casadaluva.com.br\/index\/wp-json\/wp\/v2\/product_tag?post=581"}],"curies":[{"name":"wp","href":"https:\/\/api.w.org\/{rel}","templated":true}]}}