{"id":584,"date":"2023-08-16T10:44:29","date_gmt":"2023-08-16T13:44:29","guid":{"rendered":"https:\/\/casadaluva.com.br\/index\/produto\/cunha-niveladora-de-piso-3mm-c-2500\/"},"modified":"2026-04-11T10:13:55","modified_gmt":"2026-04-11T13:13:55","slug":"cunha-niveladora-de-piso-3mm-c-2500","status":"publish","type":"product","link":"https:\/\/casadaluva.com.br\/index\/produto\/cunha-niveladora-de-piso-3mm-c-2500\/","title":{"rendered":"CUNHA NIVELADORA DE PISO 3MM"},"content":{"rendered":"<p>Especifica\u00e7\u00f5es do Produto:<\/p>\n<p>As Cunhas POP Slim s\u00e3o a solu\u00e7\u00e3o ideal para nivelar pisos de porcelanato e cer\u00e2mica de maneira r\u00e1pida e eficiente. Feitas com materiais de alta qualidade, essas cunhas garantem um nivelamento preciso e uniforme, evitando o surgimento de irregularidades e mantendo o acabamento do piso impec\u00e1vel. As cunhas s\u00e3o f\u00e1ceis de usar e permitem ajustes precisos, sem danificar o piso ou a superf\u00edcie de trabalho.<br \/>\nMedidas: 9cm Altura \/ 1,2 Largura \/ 2cm Altura<\/p>\n","protected":false},"excerpt":{"rendered":"<p>Especifica\u00e7\u00f5es do Produto: As Cunhas POP Slim s\u00e3o a solu\u00e7\u00e3o ideal para nivelar pisos de porcelanato e cer\u00e2mica de maneira r\u00e1pida e eficiente. Feitas com materiais<span class=\"excerpt-hellip\"> [\u2026]<\/span><\/p>\n","protected":false},"featured_media":777,"template":"","meta":{"_joinchat":[]},"product_brand":[],"product_cat":[35],"product_tag":[],"class_list":{"0":"post-584","1":"product","2":"type-product","3":"status-publish","4":"has-post-thumbnail","6":"product_cat-obras","8":"first","9":"instock","10":"shipping-taxable","11":"purchasable","12":"product-type-simple"},"_links":{"self":[{"href":"https:\/\/casadaluva.com.br\/index\/wp-json\/wp\/v2\/product\/584","targetHints":{"allow":["GET"]}}],"collection":[{"href":"https:\/\/casadaluva.com.br\/index\/wp-json\/wp\/v2\/product"}],"about":[{"href":"https:\/\/casadaluva.com.br\/index\/wp-json\/wp\/v2\/types\/product"}],"wp:featuredmedia":[{"embeddable":true,"href":"https:\/\/casadaluva.com.br\/index\/wp-json\/wp\/v2\/media\/777"}],"wp:attachment":[{"href":"https:\/\/casadaluva.com.br\/index\/wp-json\/wp\/v2\/media?parent=584"}],"wp:term":[{"taxonomy":"product_brand","embeddable":true,"href":"https:\/\/casadaluva.com.br\/index\/wp-json\/wp\/v2\/product_brand?post=584"},{"taxonomy":"product_cat","embeddable":true,"href":"https:\/\/casadaluva.com.br\/index\/wp-json\/wp\/v2\/product_cat?post=584"},{"taxonomy":"product_tag","embeddable":true,"href":"https:\/\/casadaluva.com.br\/index\/wp-json\/wp\/v2\/product_tag?post=584"}],"curies":[{"name":"wp","href":"https:\/\/api.w.org\/{rel}","templated":true}]}}