{"id":587,"date":"2023-08-16T10:46:23","date_gmt":"2023-08-16T13:46:23","guid":{"rendered":"https:\/\/casadaluva.com.br\/index\/produto\/espuma-expansiva-pu-aerosol-profissional-500ml\/"},"modified":"2026-04-15T09:23:05","modified_gmt":"2026-04-15T12:23:05","slug":"espuma-expansiva-pu-aerosol-profissional-500ml","status":"publish","type":"product","link":"https:\/\/casadaluva.com.br\/index\/produto\/espuma-expansiva-pu-aerosol-profissional-500ml\/","title":{"rendered":"ESPUMA EXPANSIVA PU AEROSOL PROFISSIONAL 500ML"},"content":{"rendered":"<p>VEDACIT ESPUMA EXPANSIVA PU 340G\/500ML<\/p>\n<p>CAMPOS DE APLICA\u00c7\u00c3O<br \/>\u00c9 indicado para isolamento e preenchimento de fendas, buracos e aberturas em geral, tais como:<br \/>:: Encunhamento de alvenaria<br \/>:: Chumbamentos de batentes e esquadrias<br \/>:: Instala\u00e7\u00f5es de arcondicionado e caixas de for\u00e7a, luz, telefone<br \/>:: Isolamentos de tubula\u00e7\u00e3o<br \/>Obs.: N\u00e3o deve ser aplicado em locais sujeitos a contato frequente com \u00e1gua.<\/p>\n<p>PREPARO DO SUBSTRATO<br \/>Limpar bem as superf\u00edcies, deixando-as livres de graxa e poeira. Proteger as superf\u00edcies laterais com fita adesiva ou filme pl\u00e1stico. Para melhor ader\u00eancia, umedecer levemente as superf\u00edcies com \u00e1gua.<\/p>\n<p>PREPARO DO PRODUTO<br \/>Pronto para uso. Agitar muito bem antes de usar, em torno de 20 vezes.<\/p>\n","protected":false},"excerpt":{"rendered":"<p>VEDACIT ESPUMA EXPANSIVA PU 340G\/500ML CAMPOS DE APLICA\u00c7\u00c3O\u00c9 indicado para isolamento e preenchimento de fendas, buracos e aberturas em geral, tais como::: Encunhamento de alvenaria:: Chumbamentos<span class=\"excerpt-hellip\"> [\u2026]<\/span><\/p>\n","protected":false},"featured_media":883,"template":"","meta":{"_joinchat":[]},"product_brand":[],"product_cat":[35],"product_tag":[],"class_list":{"0":"post-587","1":"product","2":"type-product","3":"status-publish","4":"has-post-thumbnail","6":"product_cat-obras","8":"first","9":"instock","10":"sale","11":"shipping-taxable","12":"purchasable","13":"product-type-simple"},"_links":{"self":[{"href":"https:\/\/casadaluva.com.br\/index\/wp-json\/wp\/v2\/product\/587","targetHints":{"allow":["GET"]}}],"collection":[{"href":"https:\/\/casadaluva.com.br\/index\/wp-json\/wp\/v2\/product"}],"about":[{"href":"https:\/\/casadaluva.com.br\/index\/wp-json\/wp\/v2\/types\/product"}],"wp:featuredmedia":[{"embeddable":true,"href":"https:\/\/casadaluva.com.br\/index\/wp-json\/wp\/v2\/media\/883"}],"wp:attachment":[{"href":"https:\/\/casadaluva.com.br\/index\/wp-json\/wp\/v2\/media?parent=587"}],"wp:term":[{"taxonomy":"product_brand","embeddable":true,"href":"https:\/\/casadaluva.com.br\/index\/wp-json\/wp\/v2\/product_brand?post=587"},{"taxonomy":"product_cat","embeddable":true,"href":"https:\/\/casadaluva.com.br\/index\/wp-json\/wp\/v2\/product_cat?post=587"},{"taxonomy":"product_tag","embeddable":true,"href":"https:\/\/casadaluva.com.br\/index\/wp-json\/wp\/v2\/product_tag?post=587"}],"curies":[{"name":"wp","href":"https:\/\/api.w.org\/{rel}","templated":true}]}}