{"id":589,"date":"2023-08-16T10:47:16","date_gmt":"2023-08-16T13:47:16","guid":{"rendered":"https:\/\/casadaluva.com.br\/index\/produto\/silicone-acetico-branco-265g\/"},"modified":"2026-04-15T09:23:04","modified_gmt":"2026-04-15T12:23:04","slug":"silicone-acetico-branco-265g","status":"publish","type":"product","link":"https:\/\/casadaluva.com.br\/index\/produto\/silicone-acetico-branco-265g\/","title":{"rendered":"SILICONE ACETICO BRANCO 265G"},"content":{"rendered":"<p>O VEDACIT SILICONE AC\u00c9TICO \u00e9 um selante de cura ac\u00e9tica e com alto m\u00f3dulo, que cura a temperatura ambiente atrav\u00e9s da umidade do ar e se converte em borracha flex\u00edvel. \u00c9 adequado para selagens e aplica\u00e7\u00f5es gerais de veda\u00e7\u00e3o.<\/p>\n<p>Aplica\u00e7\u00e3o<br \/>Pode ser aplicado com pistola manual ou pneum\u00e1tica. Colocar o cartucho na pistola de aplica\u00e7\u00e3o e cortar a ponta do bico em 45\u00b0, conforme a largura do v\u00e3o para aplicar. o VEDACIT SILICONE AC\u00c9TICO apresenta excelente resist\u00eancia t\u00e9rmica e ao UV e n\u00e3o cont\u00e9m solventes.<\/p>\n<p>Campos de aplica\u00e7\u00e3o<br \/>\u2022 Veda\u00e7\u00e3o de alum\u00ednio;<br \/>\u2022 Veda\u00e7\u00e3o de Vidros;<br \/>\u2022 Veda\u00e7\u00e3o de materiais n\u00e3o porosos;<br \/>\u2022 Aplica\u00e7\u00f5es em box de banheiro e lou\u00e7as sanit\u00e1rias.<\/p>\n","protected":false},"excerpt":{"rendered":"<p>O VEDACIT SILICONE AC\u00c9TICO \u00e9 um selante de cura ac\u00e9tica e com alto m\u00f3dulo, que cura a temperatura ambiente atrav\u00e9s da umidade do ar e se<span class=\"excerpt-hellip\"> [\u2026]<\/span><\/p>\n","protected":false},"featured_media":884,"template":"","meta":{"_joinchat":[]},"product_brand":[],"product_cat":[35],"product_tag":[],"class_list":{"0":"post-589","1":"product","2":"type-product","3":"status-publish","4":"has-post-thumbnail","6":"product_cat-obras","8":"first","9":"instock","10":"shipping-taxable","11":"purchasable","12":"product-type-simple"},"_links":{"self":[{"href":"https:\/\/casadaluva.com.br\/index\/wp-json\/wp\/v2\/product\/589","targetHints":{"allow":["GET"]}}],"collection":[{"href":"https:\/\/casadaluva.com.br\/index\/wp-json\/wp\/v2\/product"}],"about":[{"href":"https:\/\/casadaluva.com.br\/index\/wp-json\/wp\/v2\/types\/product"}],"wp:featuredmedia":[{"embeddable":true,"href":"https:\/\/casadaluva.com.br\/index\/wp-json\/wp\/v2\/media\/884"}],"wp:attachment":[{"href":"https:\/\/casadaluva.com.br\/index\/wp-json\/wp\/v2\/media?parent=589"}],"wp:term":[{"taxonomy":"product_brand","embeddable":true,"href":"https:\/\/casadaluva.com.br\/index\/wp-json\/wp\/v2\/product_brand?post=589"},{"taxonomy":"product_cat","embeddable":true,"href":"https:\/\/casadaluva.com.br\/index\/wp-json\/wp\/v2\/product_cat?post=589"},{"taxonomy":"product_tag","embeddable":true,"href":"https:\/\/casadaluva.com.br\/index\/wp-json\/wp\/v2\/product_tag?post=589"}],"curies":[{"name":"wp","href":"https:\/\/api.w.org\/{rel}","templated":true}]}}