{"id":592,"date":"2023-08-16T10:48:35","date_gmt":"2023-08-16T13:48:35","guid":{"rendered":"https:\/\/casadaluva.com.br\/index\/produto\/bucha-para-gesso-drywall-tipo-fly-3\/"},"modified":"2026-04-11T10:13:55","modified_gmt":"2026-04-11T13:13:55","slug":"bucha-para-gesso-drywall-tipo-fly-3","status":"publish","type":"product","link":"https:\/\/casadaluva.com.br\/index\/produto\/bucha-para-gesso-drywall-tipo-fly-3\/","title":{"rendered":"BUCHA PARA GESSO DRYWALL TIPO FLY 3&#8243;"},"content":{"rendered":"<p>Principais caracter\u00edsticas:<br \/>\n&#8211; Fixa objetos leves em sistema Drywall, forros de gesso, paredes de gesso acartonado e em base de material oco.<br \/>\n&#8211; R\u00e1pido de instalar.<br \/>\n&#8211; Apresenta aletas que fazem a bucha n\u00e3o girar dentro do furo.<br \/>\n&#8211; Produzido polietileno de alta densidade.<br \/>\n&#8211; Utilizado com parafuso de rosca madeira ou chipboard.<br \/>\n&#8211; Utilizado para fixa\u00e7\u00e3o de acess\u00f3rios de banheiro, lumin\u00e1rias, etc.<\/p>\n","protected":false},"excerpt":{"rendered":"<p>Principais caracter\u00edsticas: &#8211; Fixa objetos leves em sistema Drywall, forros de gesso, paredes de gesso acartonado e em base de material oco. &#8211; R\u00e1pido de instalar.<span class=\"excerpt-hellip\"> [\u2026]<\/span><\/p>\n","protected":false},"featured_media":770,"template":"","meta":{"_joinchat":[]},"product_brand":[],"product_cat":[35],"product_tag":[],"class_list":{"0":"post-592","1":"product","2":"type-product","3":"status-publish","4":"has-post-thumbnail","6":"product_cat-obras","8":"first","9":"instock","10":"shipping-taxable","11":"purchasable","12":"product-type-simple"},"_links":{"self":[{"href":"https:\/\/casadaluva.com.br\/index\/wp-json\/wp\/v2\/product\/592","targetHints":{"allow":["GET"]}}],"collection":[{"href":"https:\/\/casadaluva.com.br\/index\/wp-json\/wp\/v2\/product"}],"about":[{"href":"https:\/\/casadaluva.com.br\/index\/wp-json\/wp\/v2\/types\/product"}],"wp:featuredmedia":[{"embeddable":true,"href":"https:\/\/casadaluva.com.br\/index\/wp-json\/wp\/v2\/media\/770"}],"wp:attachment":[{"href":"https:\/\/casadaluva.com.br\/index\/wp-json\/wp\/v2\/media?parent=592"}],"wp:term":[{"taxonomy":"product_brand","embeddable":true,"href":"https:\/\/casadaluva.com.br\/index\/wp-json\/wp\/v2\/product_brand?post=592"},{"taxonomy":"product_cat","embeddable":true,"href":"https:\/\/casadaluva.com.br\/index\/wp-json\/wp\/v2\/product_cat?post=592"},{"taxonomy":"product_tag","embeddable":true,"href":"https:\/\/casadaluva.com.br\/index\/wp-json\/wp\/v2\/product_tag?post=592"}],"curies":[{"name":"wp","href":"https:\/\/api.w.org\/{rel}","templated":true}]}}