{"id":595,"date":"2023-08-16T10:50:41","date_gmt":"2023-08-16T13:50:41","guid":{"rendered":"https:\/\/casadaluva.com.br\/index\/produto\/arame-galvanizado-bwg-18-125mm\/"},"modified":"2026-04-11T10:13:55","modified_gmt":"2026-04-11T13:13:55","slug":"arame-galvanizado-bwg-18-125mm","status":"publish","type":"product","link":"https:\/\/casadaluva.com.br\/index\/produto\/arame-galvanizado-bwg-18-125mm\/","title":{"rendered":"ARAME GALVANIZADO BWG 18 &#8211; 1,25MM"},"content":{"rendered":"<p>1 Rolo de arame galvanizado com 1 kg<br \/>Ideal para in\u00fameras aplica\u00e7\u00f5es, sendo muito utilizado na constru\u00e7\u00e3o civil, agropecu\u00e1ria e ind\u00fastrias em geral. N\u00e3o indicado para aplica\u00e7\u00e3o em gesso.<br \/>Possui tratamento zincado, que proporciona maior resist\u00eancia \u00e0 oxida\u00e7\u00e3o\/corros\u00e3o<\/p>\n<p>Di\u00e2metro do arame galvanizado: 18 BWG &#8211; 1,25 mm<br \/>Acabamento do arame galvanizado: Zincado<br \/>Comprimento aproximado por (kg) do arame galvanizado: 106 m<br \/>Tipo de a\u00e7o do arame galvanizado: A\u00e7o com baixo teor de carbono &#8211; macio<br \/>Tipo do arame: Comercial<\/p>\n","protected":false},"excerpt":{"rendered":"<p>1 Rolo de arame galvanizado com 1 kgIdeal para in\u00fameras aplica\u00e7\u00f5es, sendo muito utilizado na constru\u00e7\u00e3o civil, agropecu\u00e1ria e ind\u00fastrias em geral. N\u00e3o indicado para aplica\u00e7\u00e3o<span class=\"excerpt-hellip\"> [\u2026]<\/span><\/p>\n","protected":false},"featured_media":885,"template":"","meta":{"_joinchat":[]},"product_brand":[],"product_cat":[35],"product_tag":[],"class_list":{"0":"post-595","1":"product","2":"type-product","3":"status-publish","4":"has-post-thumbnail","6":"product_cat-obras","8":"first","9":"outofstock","10":"shipping-taxable","11":"purchasable","12":"product-type-simple"},"_links":{"self":[{"href":"https:\/\/casadaluva.com.br\/index\/wp-json\/wp\/v2\/product\/595","targetHints":{"allow":["GET"]}}],"collection":[{"href":"https:\/\/casadaluva.com.br\/index\/wp-json\/wp\/v2\/product"}],"about":[{"href":"https:\/\/casadaluva.com.br\/index\/wp-json\/wp\/v2\/types\/product"}],"wp:featuredmedia":[{"embeddable":true,"href":"https:\/\/casadaluva.com.br\/index\/wp-json\/wp\/v2\/media\/885"}],"wp:attachment":[{"href":"https:\/\/casadaluva.com.br\/index\/wp-json\/wp\/v2\/media?parent=595"}],"wp:term":[{"taxonomy":"product_brand","embeddable":true,"href":"https:\/\/casadaluva.com.br\/index\/wp-json\/wp\/v2\/product_brand?post=595"},{"taxonomy":"product_cat","embeddable":true,"href":"https:\/\/casadaluva.com.br\/index\/wp-json\/wp\/v2\/product_cat?post=595"},{"taxonomy":"product_tag","embeddable":true,"href":"https:\/\/casadaluva.com.br\/index\/wp-json\/wp\/v2\/product_tag?post=595"}],"curies":[{"name":"wp","href":"https:\/\/api.w.org\/{rel}","templated":true}]}}